{"id":2223,"date":"2025-03-20T20:40:46","date_gmt":"2025-03-20T19:40:46","guid":{"rendered":"https:\/\/rosariodearmenteras.com\/?page_id=2223"},"modified":"2025-04-04T15:05:28","modified_gmt":"2025-04-04T13:05:28","slug":"contact","status":"publish","type":"page","link":"https:\/\/rosariodearmenteras.com\/en\/contact\/","title":{"rendered":"Contacto"},"content":{"rendered":"<div data-elementor-type=\"wp-page\" data-elementor-id=\"2223\" class=\"elementor elementor-2223\" data-elementor-post-type=\"page\">\n\t\t\t\t<div class=\"elementor-element elementor-element-3ae722a e-flex e-con-boxed e-con e-parent\" data-id=\"3ae722a\" data-element_type=\"container\">\n\t\t\t\t\t<div class=\"e-con-inner\">\n\t\t\t\t<div class=\"elementor-element elementor-element-b30b34f elementor-widget elementor-widget-heading\" data-id=\"b30b34f\" data-element_type=\"widget\" data-widget_type=\"heading.default\">\n\t\t\t\t<div class=\"elementor-widget-container\">\n\t\t\t\t\t<p class=\"elementor-heading-title elementor-size-default\">CONTACT<\/p>\t\t\t\t<\/div>\n\t\t\t\t<\/div>\n\t\t\t\t<div class=\"elementor-element elementor-element-a281907 elementor-widget elementor-widget-heading\" data-id=\"a281907\" data-element_type=\"widget\" data-widget_type=\"heading.default\">\n\t\t\t\t<div class=\"elementor-widget-container\">\n\t\t\t\t\t<h1 class=\"elementor-heading-title elementor-size-default\">Alta Costura y Exclusividad en Marbella <br \/> Rosario De Armenteras Boutique<\/h1>\t\t\t\t<\/div>\n\t\t\t\t<\/div>\n\t\t\t\t\t<\/div>\n\t\t\t\t<\/div>\n\t\t<div class=\"elementor-element elementor-element-a4d8949 e-flex e-con-boxed e-con e-parent\" data-id=\"a4d8949\" data-element_type=\"container\">\n\t\t\t\t\t<div class=\"e-con-inner\">\n\t\t<div class=\"elementor-element elementor-element-87328de e-con-full e-flex e-con e-child\" data-id=\"87328de\" data-element_type=\"container\">\n\t\t\t\t<div class=\"elementor-element elementor-element-8ebca6b elementor-hidden-tablet elementor-hidden-mobile elementor-widget elementor-widget-text-editor\" data-id=\"8ebca6b\" data-element_type=\"widget\" data-widget_type=\"text-editor.default\">\n\t\t\t\t<div class=\"elementor-widget-container\">\n\t\t\t\t\t\t\t\t\t<ul><li><strong>Atenci\u00f3n personalizada<\/strong>: <a href=\"tel: 34602589523\" target=\"_blank\" rel=\"noopener\">+34 602589523<\/a>.<\/li><li><strong>Ubicaci\u00f3n<\/strong>: <a href=\"https:\/\/maps.app.goo.gl\/Mvic4EjRkaiyxFUF8\" target=\"_blank\" rel=\"noopener\">C. Jos\u00e9 Saramago, 9, Nueva Andaluc\u00eda, 29660 Marbella, M\u00e1laga, Spain<\/a><\/li><\/ul>\t\t\t\t\t\t\t\t<\/div>\n\t\t\t\t<\/div>\n\t\t\t\t<div class=\"elementor-element elementor-element-1510ae2 elementor-hidden-tablet elementor-hidden-mobile elementor-widget elementor-widget-text-editor\" data-id=\"1510ae2\" data-element_type=\"widget\" data-widget_type=\"text-editor.default\">\n\t\t\t\t<div class=\"elementor-widget-container\">\n\t\t\t\t\t\t\t\t\t<p><strong>\u00a1Dise\u00f1os a medida!<\/strong><\/p><p>Reserva una cita con <strong>Rosario De Armenteras<\/strong> para la creaci\u00f3n de una prenda \u00fanica y exclusiva.<\/p>\t\t\t\t\t\t\t\t<\/div>\n\t\t\t\t<\/div>\n\t\t\t\t<\/div>\n\t\t<div class=\"elementor-element elementor-element-4bb2e8d e-con-full e-flex e-con e-child\" data-id=\"4bb2e8d\" data-element_type=\"container\">\n\t\t\t\t<div class=\"elementor-element elementor-element-a54e5ce elementor-widget elementor-widget-heading\" data-id=\"a54e5ce\" data-element_type=\"widget\" data-widget_type=\"heading.default\">\n\t\t\t\t<div class=\"elementor-widget-container\">\n\t\t\t\t\t<h2 class=\"elementor-heading-title elementor-size-default\">\u00a1Quiero una Cita!<\/h2>\t\t\t\t<\/div>\n\t\t\t\t<\/div>\n\t\t\t\t<div class=\"elementor-element elementor-element-a1fba43 elementor-button-align-stretch elementor-widget elementor-widget-form\" data-id=\"a1fba43\" data-element_type=\"widget\" data-settings=\"{&quot;step_next_label&quot;:&quot;Next&quot;,&quot;step_previous_label&quot;:&quot;Previous&quot;,&quot;button_width&quot;:&quot;100&quot;,&quot;step_type&quot;:&quot;number_text&quot;,&quot;step_icon_shape&quot;:&quot;circle&quot;}\" data-widget_type=\"form.default\">\n\t\t\t\t<div class=\"elementor-widget-container\">\n\t\t\t\t\t\t\t<form class=\"elementor-form\" method=\"post\" name=\"New Form\" action=\"\">\n\t\t\t<input type=\"hidden\" name=\"post_id\" value=\"2223\"\/>\n\t\t\t<input type=\"hidden\" name=\"form_id\" value=\"a1fba43\"\/>\n\t\t\t<input type=\"hidden\" name=\"referer_title\" value=\"Dise\u00f1adora de modas en Marbella\" \/>\n\n\t\t\t\n\t\t\t<div class=\"elementor-form-fields-wrapper elementor-labels-above\">\n\t\t\t\t\t\t\t\t<div class=\"elementor-field-type-text elementor-field-group elementor-column elementor-field-group-name elementor-col-100\">\n\t\t\t\t\t\t\t\t\t\t\t\t<label for=\"form-field-name\" class=\"elementor-field-label\">\n\t\t\t\t\t\t\t\tNombre y Apellido\t\t\t\t\t\t\t<\/label>\n\t\t\t\t\t\t\t\t\t\t\t\t\t\t<input size=\"1\" type=\"text\" name=\"form_fields[name]\" id=\"form-field-name\" class=\"elementor-field elementor-size-sm  elementor-field-textual\" placeholder=\"Nombre y Apellido\">\n\t\t\t\t\t\t\t\t\t\t\t<\/div>\n\t\t\t\t\t\t\t\t<div class=\"elementor-field-type-email elementor-field-group elementor-column elementor-field-group-email elementor-col-100 elementor-field-required\">\n\t\t\t\t\t\t\t\t\t\t\t\t<label for=\"form-field-email\" class=\"elementor-field-label\">\n\t\t\t\t\t\t\t\tCorreo\t\t\t\t\t\t\t<\/label>\n\t\t\t\t\t\t\t\t\t\t\t\t\t\t<input size=\"1\" type=\"email\" name=\"form_fields[email]\" id=\"form-field-email\" class=\"elementor-field elementor-size-sm  elementor-field-textual\" placeholder=\"Correo\" required=\"required\" aria-required=\"true\">\n\t\t\t\t\t\t\t\t\t\t\t<\/div>\n\t\t\t\t\t\t\t\t<div class=\"elementor-field-type-textarea elementor-field-group elementor-column elementor-field-group-message elementor-col-100\">\n\t\t\t\t\t\t\t\t\t\t\t\t<label for=\"form-field-message\" class=\"elementor-field-label\">\n\t\t\t\t\t\t\t\tMensaje\t\t\t\t\t\t\t<\/label>\n\t\t\t\t\t\t<textarea class=\"elementor-field-textual elementor-field  elementor-size-sm\" name=\"form_fields[message]\" id=\"form-field-message\" rows=\"4\" placeholder=\"Mensaje\"><\/textarea>\t\t\t\t<\/div>\n\t\t\t\t\t\t\t\t<div class=\"elementor-field-group elementor-column elementor-field-type-submit elementor-col-100 e-form__buttons\">\n\t\t\t\t\t<button type=\"submit\" class=\"elementor-button elementor-size-sm\">\n\t\t\t\t\t\t<span >\n\t\t\t\t\t\t\t\t\t\t\t\t\t\t\t<span class=\"elementor-button-icon\">\n\t\t\t\t\t\t\t\t\t\t\t\t\t\t\t\t\t\t\t\t\t\t\t\t\t\t<\/span>\n\t\t\t\t\t\t\t\t\t\t\t\t\t\t\t\t\t\t\t\t\t\t<span class=\"elementor-button-text\">Enviar<\/span>\n\t\t\t\t\t\t\t\t\t\t\t\t\t<\/span>\n\t\t\t\t\t<\/button>\n\t\t\t\t<\/div>\n\t\t\t<\/div>\n\t\t<input type=\"hidden\" name=\"trp-form-language\" value=\"en\"\/><\/form>\n\t\t\t\t\t\t<\/div>\n\t\t\t\t<\/div>\n\t\t\t\t<\/div>\n\t\t\t\t\t<\/div>\n\t\t\t\t<\/div>\n\t\t<div class=\"elementor-element elementor-element-eba4aa8 e-flex e-con-boxed e-con e-parent\" data-id=\"eba4aa8\" data-element_type=\"container\">\n\t\t\t\t\t<div class=\"e-con-inner\">\n\t\t\t\t<div class=\"elementor-element elementor-element-d3bb500 elementor-widget elementor-widget-html\" data-id=\"d3bb500\" data-element_type=\"widget\" data-widget_type=\"html.default\">\n\t\t\t\t<div class=\"elementor-widget-container\">\n\t\t\t\t\t<iframe src=\"https:\/\/www.google.com\/maps\/embed?pb=!1m18!1m12!1m3!1d3207.6959886323743!2d-4.952885300000001!3d36.489058199999995!2m3!1f0!2f0!3f0!3m2!1i1024!2i768!4f13.1!3m3!1m2!1s0xd73290028af0eb1%3A0x86a12e4f097b8ab4!2sRosario%20De%20Armenteras!5e0!3m2!1sen!2sco!4v1742499929294!5m2!1sen!2sco\" width=\"600\" height=\"450\" style=\"border:0;\" allowfullscreen=\"\" loading=\"lazy\" referrerpolicy=\"no-referrer-when-downgrade\"><\/iframe>\t\t\t\t<\/div>\n\t\t\t\t<\/div>\n\t\t\t\t\t<\/div>\n\t\t\t\t<\/div>\n\t\t\t\t<\/div>","protected":false},"excerpt":{"rendered":"<p>CONTACTO Alta Costura y Exclusividad en Marbella Rosario De Armenteras Boutique Atenci\u00f3n personalizada: +34 602589523. Ubicaci\u00f3n: C. Jos\u00e9 Saramago, 9, Nueva Andaluc\u00eda, 29660 Marbella, M\u00e1laga, Spain \u00a1Dise\u00f1os a medida! Reserva una cita con Rosario De Armenteras para la creaci\u00f3n de una prenda \u00fanica y exclusiva. \u00a1Quiero una Cita!<\/p>","protected":false},"author":2,"featured_media":872,"parent":0,"menu_order":0,"comment_status":"closed","ping_status":"closed","template":"","meta":{"footnotes":""},"class_list":["post-2223","page","type-page","status-publish","has-post-thumbnail","hentry"],"yoast_head":"<!-- This site is optimized with the Yoast SEO plugin v25.5 - https:\/\/yoast.com\/wordpress\/plugins\/seo\/ -->\n<title>Contacto | Rosario De Armenteras | Fashion en Marbella<\/title>\n<meta name=\"description\" content=\"ont\u00e1ctanos para agendar tu cita con Rosario De Armenteras, dise\u00f1adora de modas en Marbella. Asesor\u00eda personalizada y dise\u00f1os exclusivos.\" \/>\n<meta name=\"robots\" content=\"index, follow, max-snippet:-1, max-image-preview:large, max-video-preview:-1\" \/>\n<link rel=\"canonical\" href=\"https:\/\/rosariodearmenteras.com\/en\/contact\/\" \/>\n<meta property=\"og:locale\" content=\"en_US\" \/>\n<meta property=\"og:type\" content=\"article\" \/>\n<meta property=\"og:title\" content=\"Contacto | Rosario De Armenteras | Fashion en Marbella\" \/>\n<meta property=\"og:description\" content=\"ont\u00e1ctanos para agendar tu cita con Rosario De Armenteras, dise\u00f1adora de modas en Marbella. Asesor\u00eda personalizada y dise\u00f1os exclusivos.\" \/>\n<meta property=\"og:url\" content=\"https:\/\/rosariodearmenteras.com\/en\/contact\/\" \/>\n<meta property=\"og:site_name\" content=\"Dise\u00f1adora de modas en Marbella\" \/>\n<meta property=\"article:publisher\" content=\"https:\/\/www.facebook.com\/rosariodearmenteras\/about\/?ref=page_internal&amp;locale=es_LA&amp;_rdr\" \/>\n<meta property=\"article:modified_time\" content=\"2025-04-04T13:05:28+00:00\" \/>\n<meta property=\"og:image\" content=\"https:\/\/rosariodearmenteras.com\/wp-content\/uploads\/2025\/03\/rosario-armenteras-marbella-boutique.jpeg\" \/>\n\t<meta property=\"og:image:width\" content=\"1280\" \/>\n\t<meta property=\"og:image:height\" content=\"720\" \/>\n\t<meta property=\"og:image:type\" content=\"image\/jpeg\" \/>\n<meta name=\"twitter:card\" content=\"summary_large_image\" \/>\n<meta name=\"twitter:label1\" content=\"Est. reading time\" \/>\n\t<meta name=\"twitter:data1\" content=\"1 minute\" \/>\n<script type=\"application\/ld+json\" class=\"yoast-schema-graph\">{\"@context\":\"https:\/\/schema.org\",\"@graph\":[{\"@type\":\"WebPage\",\"@id\":\"https:\/\/rosariodearmenteras.com\/contact\/\",\"url\":\"https:\/\/rosariodearmenteras.com\/contact\/\",\"name\":\"Contacto | Rosario De Armenteras | Fashion en Marbella\",\"isPartOf\":{\"@id\":\"https:\/\/rosariodearmenteras.com\/#website\"},\"primaryImageOfPage\":{\"@id\":\"https:\/\/rosariodearmenteras.com\/contact\/#primaryimage\"},\"image\":{\"@id\":\"https:\/\/rosariodearmenteras.com\/contact\/#primaryimage\"},\"thumbnailUrl\":\"https:\/\/rosariodearmenteras.com\/wp-content\/uploads\/2025\/03\/rosario-armenteras-marbella-boutique.jpeg\",\"datePublished\":\"2025-03-20T19:40:46+00:00\",\"dateModified\":\"2025-04-04T13:05:28+00:00\",\"description\":\"ont\u00e1ctanos para agendar tu cita con Rosario De Armenteras, dise\u00f1adora de modas en Marbella. Asesor\u00eda personalizada y dise\u00f1os exclusivos.\",\"breadcrumb\":{\"@id\":\"https:\/\/rosariodearmenteras.com\/contact\/#breadcrumb\"},\"inLanguage\":\"en-US\",\"potentialAction\":[{\"@type\":\"ReadAction\",\"target\":[\"https:\/\/rosariodearmenteras.com\/contact\/\"]}]},{\"@type\":\"ImageObject\",\"inLanguage\":\"en-US\",\"@id\":\"https:\/\/rosariodearmenteras.com\/contact\/#primaryimage\",\"url\":\"https:\/\/rosariodearmenteras.com\/wp-content\/uploads\/2025\/03\/rosario-armenteras-marbella-boutique.jpeg\",\"contentUrl\":\"https:\/\/rosariodearmenteras.com\/wp-content\/uploads\/2025\/03\/rosario-armenteras-marbella-boutique.jpeg\",\"width\":1280,\"height\":720,\"caption\":\"Alta Costura Exclusiva en Marbella | Rosario De Armenteras\"},{\"@type\":\"BreadcrumbList\",\"@id\":\"https:\/\/rosariodearmenteras.com\/contact\/#breadcrumb\",\"itemListElement\":[{\"@type\":\"ListItem\",\"position\":1,\"name\":\"Portada\",\"item\":\"https:\/\/rosariodearmenteras.com\/\"},{\"@type\":\"ListItem\",\"position\":2,\"name\":\"Contacto\"}]},{\"@type\":\"WebSite\",\"@id\":\"https:\/\/rosariodearmenteras.com\/#website\",\"url\":\"https:\/\/rosariodearmenteras.com\/\",\"name\":\"Dise\u00f1adora de modas en Marbella\",\"description\":\"\",\"publisher\":{\"@id\":\"https:\/\/rosariodearmenteras.com\/#organization\"},\"potentialAction\":[{\"@type\":\"SearchAction\",\"target\":{\"@type\":\"EntryPoint\",\"urlTemplate\":\"https:\/\/rosariodearmenteras.com\/?s={search_term_string}\"},\"query-input\":{\"@type\":\"PropertyValueSpecification\",\"valueRequired\":true,\"valueName\":\"search_term_string\"}}],\"inLanguage\":\"en-US\"},{\"@type\":\"Organization\",\"@id\":\"https:\/\/rosariodearmenteras.com\/#organization\",\"name\":\"Dise\u00f1adora de modas en Marbella\",\"url\":\"https:\/\/rosariodearmenteras.com\/\",\"logo\":{\"@type\":\"ImageObject\",\"inLanguage\":\"en-US\",\"@id\":\"https:\/\/rosariodearmenteras.com\/#\/schema\/logo\/image\/\",\"url\":\"https:\/\/rosariodearmenteras.com\/wp-content\/uploads\/2025\/02\/rosario-armenteras-logo-transparente.png\",\"contentUrl\":\"https:\/\/rosariodearmenteras.com\/wp-content\/uploads\/2025\/02\/rosario-armenteras-logo-transparente.png\",\"width\":654,\"height\":185,\"caption\":\"Dise\u00f1adora de modas en Marbella\"},\"image\":{\"@id\":\"https:\/\/rosariodearmenteras.com\/#\/schema\/logo\/image\/\"},\"sameAs\":[\"https:\/\/www.facebook.com\/rosariodearmenteras\/about\/?ref=page_internal&locale=es_LA&_rdr\",\"https:\/\/www.instagram.com\/rosariodearmenteras\/\"]}]}<\/script>\n<!-- \/ Yoast SEO plugin. -->","yoast_head_json":{"title":"Contacto | Rosario De Armenteras | Fashion en Marbella","description":"ont\u00e1ctanos para agendar tu cita con Rosario De Armenteras, dise\u00f1adora de modas en Marbella. Asesor\u00eda personalizada y dise\u00f1os exclusivos.","robots":{"index":"index","follow":"follow","max-snippet":"max-snippet:-1","max-image-preview":"max-image-preview:large","max-video-preview":"max-video-preview:-1"},"canonical":"https:\/\/rosariodearmenteras.com\/en\/contact\/","og_locale":"en_US","og_type":"article","og_title":"Contacto | Rosario De Armenteras | Fashion en Marbella","og_description":"ont\u00e1ctanos para agendar tu cita con Rosario De Armenteras, dise\u00f1adora de modas en Marbella. Asesor\u00eda personalizada y dise\u00f1os exclusivos.","og_url":"https:\/\/rosariodearmenteras.com\/en\/contact\/","og_site_name":"Dise\u00f1adora de modas en Marbella","article_publisher":"https:\/\/www.facebook.com\/rosariodearmenteras\/about\/?ref=page_internal&locale=es_LA&_rdr","article_modified_time":"2025-04-04T13:05:28+00:00","og_image":[{"width":1280,"height":720,"url":"https:\/\/rosariodearmenteras.com\/wp-content\/uploads\/2025\/03\/rosario-armenteras-marbella-boutique.jpeg","type":"image\/jpeg"}],"twitter_card":"summary_large_image","twitter_misc":{"Est. reading time":"1 minute"},"schema":{"@context":"https:\/\/schema.org","@graph":[{"@type":"WebPage","@id":"https:\/\/rosariodearmenteras.com\/contact\/","url":"https:\/\/rosariodearmenteras.com\/contact\/","name":"Contacto | Rosario De Armenteras | Fashion en Marbella","isPartOf":{"@id":"https:\/\/rosariodearmenteras.com\/#website"},"primaryImageOfPage":{"@id":"https:\/\/rosariodearmenteras.com\/contact\/#primaryimage"},"image":{"@id":"https:\/\/rosariodearmenteras.com\/contact\/#primaryimage"},"thumbnailUrl":"https:\/\/rosariodearmenteras.com\/wp-content\/uploads\/2025\/03\/rosario-armenteras-marbella-boutique.jpeg","datePublished":"2025-03-20T19:40:46+00:00","dateModified":"2025-04-04T13:05:28+00:00","description":"ont\u00e1ctanos para agendar tu cita con Rosario De Armenteras, dise\u00f1adora de modas en Marbella. Asesor\u00eda personalizada y dise\u00f1os exclusivos.","breadcrumb":{"@id":"https:\/\/rosariodearmenteras.com\/contact\/#breadcrumb"},"inLanguage":"en-US","potentialAction":[{"@type":"ReadAction","target":["https:\/\/rosariodearmenteras.com\/contact\/"]}]},{"@type":"ImageObject","inLanguage":"en-US","@id":"https:\/\/rosariodearmenteras.com\/contact\/#primaryimage","url":"https:\/\/rosariodearmenteras.com\/wp-content\/uploads\/2025\/03\/rosario-armenteras-marbella-boutique.jpeg","contentUrl":"https:\/\/rosariodearmenteras.com\/wp-content\/uploads\/2025\/03\/rosario-armenteras-marbella-boutique.jpeg","width":1280,"height":720,"caption":"Alta Costura Exclusiva en Marbella | Rosario De Armenteras"},{"@type":"BreadcrumbList","@id":"https:\/\/rosariodearmenteras.com\/contact\/#breadcrumb","itemListElement":[{"@type":"ListItem","position":1,"name":"Portada","item":"https:\/\/rosariodearmenteras.com\/"},{"@type":"ListItem","position":2,"name":"Contacto"}]},{"@type":"WebSite","@id":"https:\/\/rosariodearmenteras.com\/#website","url":"https:\/\/rosariodearmenteras.com\/","name":"Dise\u00f1adora de modas en Marbella","description":"","publisher":{"@id":"https:\/\/rosariodearmenteras.com\/#organization"},"potentialAction":[{"@type":"SearchAction","target":{"@type":"EntryPoint","urlTemplate":"https:\/\/rosariodearmenteras.com\/?s={search_term_string}"},"query-input":{"@type":"PropertyValueSpecification","valueRequired":true,"valueName":"search_term_string"}}],"inLanguage":"en-US"},{"@type":"Organization","@id":"https:\/\/rosariodearmenteras.com\/#organization","name":"Dise\u00f1adora de modas en Marbella","url":"https:\/\/rosariodearmenteras.com\/","logo":{"@type":"ImageObject","inLanguage":"en-US","@id":"https:\/\/rosariodearmenteras.com\/#\/schema\/logo\/image\/","url":"https:\/\/rosariodearmenteras.com\/wp-content\/uploads\/2025\/02\/rosario-armenteras-logo-transparente.png","contentUrl":"https:\/\/rosariodearmenteras.com\/wp-content\/uploads\/2025\/02\/rosario-armenteras-logo-transparente.png","width":654,"height":185,"caption":"Dise\u00f1adora de modas en Marbella"},"image":{"@id":"https:\/\/rosariodearmenteras.com\/#\/schema\/logo\/image\/"},"sameAs":["https:\/\/www.facebook.com\/rosariodearmenteras\/about\/?ref=page_internal&locale=es_LA&_rdr","https:\/\/www.instagram.com\/rosariodearmenteras\/"]}]}},"_links":{"self":[{"href":"https:\/\/rosariodearmenteras.com\/en\/wp-json\/wp\/v2\/pages\/2223","targetHints":{"allow":["GET"]}}],"collection":[{"href":"https:\/\/rosariodearmenteras.com\/en\/wp-json\/wp\/v2\/pages"}],"about":[{"href":"https:\/\/rosariodearmenteras.com\/en\/wp-json\/wp\/v2\/types\/page"}],"author":[{"embeddable":true,"href":"https:\/\/rosariodearmenteras.com\/en\/wp-json\/wp\/v2\/users\/2"}],"replies":[{"embeddable":true,"href":"https:\/\/rosariodearmenteras.com\/en\/wp-json\/wp\/v2\/comments?post=2223"}],"version-history":[{"count":140,"href":"https:\/\/rosariodearmenteras.com\/en\/wp-json\/wp\/v2\/pages\/2223\/revisions"}],"predecessor-version":[{"id":5198,"href":"https:\/\/rosariodearmenteras.com\/en\/wp-json\/wp\/v2\/pages\/2223\/revisions\/5198"}],"wp:featuredmedia":[{"embeddable":true,"href":"https:\/\/rosariodearmenteras.com\/en\/wp-json\/wp\/v2\/media\/872"}],"wp:attachment":[{"href":"https:\/\/rosariodearmenteras.com\/en\/wp-json\/wp\/v2\/media?parent=2223"}],"curies":[{"name":"wp","href":"https:\/\/api.w.org\/{rel}","templated":true}]}}