{"id":2310,"date":"2025-03-21T14:13:03","date_gmt":"2025-03-21T13:13:03","guid":{"rendered":"https:\/\/rosariodearmenteras.com\/?page_id=2310"},"modified":"2025-04-04T05:39:19","modified_gmt":"2025-04-04T03:39:19","slug":"renacimiento-de-luz","status":"publish","type":"page","link":"https:\/\/rosariodearmenteras.com\/en\/renacimiento-de-luz\/","title":{"rendered":"Rebirth of Light"},"content":{"rendered":"<div data-elementor-type=\"wp-page\" data-elementor-id=\"2310\" class=\"elementor elementor-2310\" data-elementor-post-type=\"page\">\n\t\t\t\t<div class=\"elementor-element elementor-element-7584c7f e-con-full e-flex e-con e-parent\" data-id=\"7584c7f\" data-element_type=\"container\">\n\t\t\t\t<div class=\"elementor-element elementor-element-87923ad elementor-widget elementor-widget-heading\" data-id=\"87923ad\" data-element_type=\"widget\" data-widget_type=\"heading.default\">\n\t\t\t\t<div class=\"elementor-widget-container\">\n\t\t\t\t\t<h1 class=\"elementor-heading-title elementor-size-default\">RENACIMIENTO DE LUZ: Primavera Verano de Lujo 2025<\/h1>\t\t\t\t<\/div>\n\t\t\t\t<\/div>\n\t\t\t\t<\/div>\n\t\t<div class=\"elementor-element elementor-element-5c005c4 e-flex e-con-boxed e-con e-parent\" data-id=\"5c005c4\" data-element_type=\"container\">\n\t\t\t\t\t<div class=\"e-con-inner\">\n\t\t\t\t<div class=\"elementor-element elementor-element-9c79143 gallery-spacing-custom elementor-widget elementor-widget-image-gallery\" data-id=\"9c79143\" data-element_type=\"widget\" data-widget_type=\"image-gallery.default\">\n\t\t\t\t<div class=\"elementor-widget-container\">\n\t\t\t\t\t\t\t<div class=\"elementor-image-gallery\">\n\t\t\t<div id='gallery-1' class='gallery galleryid-2310 gallery-columns-3 gallery-size-full'><figure class='gallery-item'>\n\t\t\t<div class='gallery-icon portrait'>\n\t\t\t\t<a data-elementor-open-lightbox=\"yes\" data-elementor-lightbox-slideshow=\"9c79143\" data-elementor-lightbox-title=\"renacimiento de luz rosario de armenteras\" data-e-action-hash=\"#elementor-action%3Aaction%3Dlightbox%26settings%3DeyJpZCI6MzU0NywidXJsIjoiaHR0cHM6XC9cL3Jvc2FyaW9kZWFybWVudGVyYXMuY29tXC93cC1jb250ZW50XC91cGxvYWRzXC8yMDI1XC8wNFwvQjEwMzg1OTYtY29weS1zY2FsZWQuanBnIiwic2xpZGVzaG93IjoiOWM3OTE0MyJ9\" href='https:\/\/rosariodearmenteras.com\/wp-content\/uploads\/2025\/04\/B1038596-copy-scaled.jpg'><img fetchpriority=\"high\" decoding=\"async\" width=\"1919\" height=\"2560\" src=\"https:\/\/rosariodearmenteras.com\/wp-content\/uploads\/2025\/04\/B1038596-copy-scaled.jpg\" class=\"attachment-full size-full\" alt=\"renacimiento de luz rosario de armenteras\" srcset=\"https:\/\/rosariodearmenteras.com\/wp-content\/uploads\/2025\/04\/B1038596-copy-scaled.jpg 1919w, https:\/\/rosariodearmenteras.com\/wp-content\/uploads\/2025\/04\/B1038596-copy-225x300.jpg 225w, https:\/\/rosariodearmenteras.com\/wp-content\/uploads\/2025\/04\/B1038596-copy-768x1025.jpg 768w, https:\/\/rosariodearmenteras.com\/wp-content\/uploads\/2025\/04\/B1038596-copy-1151x1536.jpg 1151w, https:\/\/rosariodearmenteras.com\/wp-content\/uploads\/2025\/04\/B1038596-copy-1535x2048.jpg 1535w, https:\/\/rosariodearmenteras.com\/wp-content\/uploads\/2025\/04\/B1038596-copy-9x12.jpg 9w\" sizes=\"(max-width: 1919px) 100vw, 1919px\" \/><\/a>\n\t\t\t<\/div><\/figure><figure class='gallery-item'>\n\t\t\t<div class='gallery-icon portrait'>\n\t\t\t\t<a data-elementor-open-lightbox=\"yes\" data-elementor-lightbox-slideshow=\"9c79143\" data-elementor-lightbox-title=\"renacimiento de luz rosario de armenteras\" data-e-action-hash=\"#elementor-action%3Aaction%3Dlightbox%26settings%3DeyJpZCI6MzU0NiwidXJsIjoiaHR0cHM6XC9cL3Jvc2FyaW9kZWFybWVudGVyYXMuY29tXC93cC1jb250ZW50XC91cGxvYWRzXC8yMDI1XC8wNFwvbmV3LTEtc2NhbGVkLmpwZyIsInNsaWRlc2hvdyI6IjljNzkxNDMifQ%3D%3D\" href='https:\/\/rosariodearmenteras.com\/wp-content\/uploads\/2025\/04\/new-1-scaled.jpg'><img decoding=\"async\" width=\"1919\" height=\"2560\" src=\"https:\/\/rosariodearmenteras.com\/wp-content\/uploads\/2025\/04\/new-1-scaled.jpg\" class=\"attachment-full size-full\" alt=\"renacimiento de luz rosario de armenteras\" srcset=\"https:\/\/rosariodearmenteras.com\/wp-content\/uploads\/2025\/04\/new-1-scaled.jpg 1919w, https:\/\/rosariodearmenteras.com\/wp-content\/uploads\/2025\/04\/new-1-225x300.jpg 225w, https:\/\/rosariodearmenteras.com\/wp-content\/uploads\/2025\/04\/new-1-768x1025.jpg 768w, https:\/\/rosariodearmenteras.com\/wp-content\/uploads\/2025\/04\/new-1-1151x1536.jpg 1151w, https:\/\/rosariodearmenteras.com\/wp-content\/uploads\/2025\/04\/new-1-1535x2048.jpg 1535w, https:\/\/rosariodearmenteras.com\/wp-content\/uploads\/2025\/04\/new-1-9x12.jpg 9w\" sizes=\"(max-width: 1919px) 100vw, 1919px\" \/><\/a>\n\t\t\t<\/div><\/figure><figure class='gallery-item'>\n\t\t\t<div class='gallery-icon portrait'>\n\t\t\t\t<a data-elementor-open-lightbox=\"yes\" data-elementor-lightbox-slideshow=\"9c79143\" data-elementor-lightbox-title=\"renacimiento de luz rosario de armenteras\" data-e-action-hash=\"#elementor-action%3Aaction%3Dlightbox%26settings%3DeyJpZCI6MzU0NSwidXJsIjoiaHR0cHM6XC9cL3Jvc2FyaW9kZWFybWVudGVyYXMuY29tXC93cC1jb250ZW50XC91cGxvYWRzXC8yMDI1XC8wNFwvQjEwMzg1NTItY29weS1zY2FsZWQuanBnIiwic2xpZGVzaG93IjoiOWM3OTE0MyJ9\" href='https:\/\/rosariodearmenteras.com\/wp-content\/uploads\/2025\/04\/B1038552-copy-scaled.jpg'><img decoding=\"async\" width=\"1919\" height=\"2560\" src=\"https:\/\/rosariodearmenteras.com\/wp-content\/uploads\/2025\/04\/B1038552-copy-scaled.jpg\" class=\"attachment-full size-full\" alt=\"renacimiento de luz rosario de armenteras\" srcset=\"https:\/\/rosariodearmenteras.com\/wp-content\/uploads\/2025\/04\/B1038552-copy-scaled.jpg 1919w, https:\/\/rosariodearmenteras.com\/wp-content\/uploads\/2025\/04\/B1038552-copy-225x300.jpg 225w, https:\/\/rosariodearmenteras.com\/wp-content\/uploads\/2025\/04\/B1038552-copy-768x1025.jpg 768w, https:\/\/rosariodearmenteras.com\/wp-content\/uploads\/2025\/04\/B1038552-copy-1151x1536.jpg 1151w, https:\/\/rosariodearmenteras.com\/wp-content\/uploads\/2025\/04\/B1038552-copy-1535x2048.jpg 1535w, https:\/\/rosariodearmenteras.com\/wp-content\/uploads\/2025\/04\/B1038552-copy-9x12.jpg 9w\" sizes=\"(max-width: 1919px) 100vw, 1919px\" \/><\/a>\n\t\t\t<\/div><\/figure><figure class='gallery-item'>\n\t\t\t<div class='gallery-icon portrait'>\n\t\t\t\t<a data-elementor-open-lightbox=\"yes\" data-elementor-lightbox-slideshow=\"9c79143\" data-elementor-lightbox-title=\"renacimiento de luz rosario de armenteras\" data-e-action-hash=\"#elementor-action%3Aaction%3Dlightbox%26settings%3DeyJpZCI6MzU0NCwidXJsIjoiaHR0cHM6XC9cL3Jvc2FyaW9kZWFybWVudGVyYXMuY29tXC93cC1jb250ZW50XC91cGxvYWRzXC8yMDI1XC8wNFwvQjEwMzg1NTMtY29weS1zY2FsZWQuanBnIiwic2xpZGVzaG93IjoiOWM3OTE0MyJ9\" href='https:\/\/rosariodearmenteras.com\/wp-content\/uploads\/2025\/04\/B1038553-copy-scaled.jpg'><img loading=\"lazy\" decoding=\"async\" width=\"1919\" height=\"2560\" src=\"https:\/\/rosariodearmenteras.com\/wp-content\/uploads\/2025\/04\/B1038553-copy-scaled.jpg\" class=\"attachment-full size-full\" alt=\"renacimiento de luz rosario de armenteras\" srcset=\"https:\/\/rosariodearmenteras.com\/wp-content\/uploads\/2025\/04\/B1038553-copy-scaled.jpg 1919w, https:\/\/rosariodearmenteras.com\/wp-content\/uploads\/2025\/04\/B1038553-copy-225x300.jpg 225w, https:\/\/rosariodearmenteras.com\/wp-content\/uploads\/2025\/04\/B1038553-copy-768x1025.jpg 768w, https:\/\/rosariodearmenteras.com\/wp-content\/uploads\/2025\/04\/B1038553-copy-1151x1536.jpg 1151w, https:\/\/rosariodearmenteras.com\/wp-content\/uploads\/2025\/04\/B1038553-copy-1535x2048.jpg 1535w, https:\/\/rosariodearmenteras.com\/wp-content\/uploads\/2025\/04\/B1038553-copy-9x12.jpg 9w\" sizes=\"(max-width: 1919px) 100vw, 1919px\" \/><\/a>\n\t\t\t<\/div><\/figure><figure class='gallery-item'>\n\t\t\t<div class='gallery-icon portrait'>\n\t\t\t\t<a data-elementor-open-lightbox=\"yes\" data-elementor-lightbox-slideshow=\"9c79143\" data-elementor-lightbox-title=\"renacimiento de luz rosario de armenteras\" data-e-action-hash=\"#elementor-action%3Aaction%3Dlightbox%26settings%3DeyJpZCI6MzU0MywidXJsIjoiaHR0cHM6XC9cL3Jvc2FyaW9kZWFybWVudGVyYXMuY29tXC93cC1jb250ZW50XC91cGxvYWRzXC8yMDI1XC8wNFwvQjEwMzg1NjYtY29weS1zY2FsZWQuanBnIiwic2xpZGVzaG93IjoiOWM3OTE0MyJ9\" href='https:\/\/rosariodearmenteras.com\/wp-content\/uploads\/2025\/04\/B1038566-copy-scaled.jpg'><img loading=\"lazy\" decoding=\"async\" width=\"1919\" height=\"2560\" src=\"https:\/\/rosariodearmenteras.com\/wp-content\/uploads\/2025\/04\/B1038566-copy-scaled.jpg\" class=\"attachment-full size-full\" alt=\"renacimiento de luz rosario de armenteras\" srcset=\"https:\/\/rosariodearmenteras.com\/wp-content\/uploads\/2025\/04\/B1038566-copy-scaled.jpg 1919w, https:\/\/rosariodearmenteras.com\/wp-content\/uploads\/2025\/04\/B1038566-copy-225x300.jpg 225w, https:\/\/rosariodearmenteras.com\/wp-content\/uploads\/2025\/04\/B1038566-copy-768x1025.jpg 768w, https:\/\/rosariodearmenteras.com\/wp-content\/uploads\/2025\/04\/B1038566-copy-1151x1536.jpg 1151w, https:\/\/rosariodearmenteras.com\/wp-content\/uploads\/2025\/04\/B1038566-copy-1535x2048.jpg 1535w, https:\/\/rosariodearmenteras.com\/wp-content\/uploads\/2025\/04\/B1038566-copy-9x12.jpg 9w\" sizes=\"(max-width: 1919px) 100vw, 1919px\" \/><\/a>\n\t\t\t<\/div><\/figure><figure class='gallery-item'>\n\t\t\t<div class='gallery-icon portrait'>\n\t\t\t\t<a data-elementor-open-lightbox=\"yes\" data-elementor-lightbox-slideshow=\"9c79143\" data-elementor-lightbox-title=\"renacimiento de luz rosario de armenteras\" data-e-action-hash=\"#elementor-action%3Aaction%3Dlightbox%26settings%3DeyJpZCI6MzU0MiwidXJsIjoiaHR0cHM6XC9cL3Jvc2FyaW9kZWFybWVudGVyYXMuY29tXC93cC1jb250ZW50XC91cGxvYWRzXC8yMDI1XC8wNFwvQjEwMzg1NDUtY29weS1zY2FsZWQuanBnIiwic2xpZGVzaG93IjoiOWM3OTE0MyJ9\" href='https:\/\/rosariodearmenteras.com\/wp-content\/uploads\/2025\/04\/B1038545-copy-scaled.jpg'><img loading=\"lazy\" decoding=\"async\" width=\"1919\" height=\"2560\" src=\"https:\/\/rosariodearmenteras.com\/wp-content\/uploads\/2025\/04\/B1038545-copy-scaled.jpg\" class=\"attachment-full size-full\" alt=\"renacimiento de luz rosario de armenteras\" srcset=\"https:\/\/rosariodearmenteras.com\/wp-content\/uploads\/2025\/04\/B1038545-copy-scaled.jpg 1919w, https:\/\/rosariodearmenteras.com\/wp-content\/uploads\/2025\/04\/B1038545-copy-225x300.jpg 225w, https:\/\/rosariodearmenteras.com\/wp-content\/uploads\/2025\/04\/B1038545-copy-768x1025.jpg 768w, https:\/\/rosariodearmenteras.com\/wp-content\/uploads\/2025\/04\/B1038545-copy-1151x1536.jpg 1151w, https:\/\/rosariodearmenteras.com\/wp-content\/uploads\/2025\/04\/B1038545-copy-1535x2048.jpg 1535w, https:\/\/rosariodearmenteras.com\/wp-content\/uploads\/2025\/04\/B1038545-copy-9x12.jpg 9w\" sizes=\"(max-width: 1919px) 100vw, 1919px\" \/><\/a>\n\t\t\t<\/div><\/figure><figure class='gallery-item'>\n\t\t\t<div class='gallery-icon portrait'>\n\t\t\t\t<a data-elementor-open-lightbox=\"yes\" data-elementor-lightbox-slideshow=\"9c79143\" data-elementor-lightbox-title=\"renacimiento de luz rosario de armenteras\" data-e-action-hash=\"#elementor-action%3Aaction%3Dlightbox%26settings%3DeyJpZCI6MzU0MSwidXJsIjoiaHR0cHM6XC9cL3Jvc2FyaW9kZWFybWVudGVyYXMuY29tXC93cC1jb250ZW50XC91cGxvYWRzXC8yMDI1XC8wNFwvbmV3LTItc2NhbGVkLmpwZyIsInNsaWRlc2hvdyI6IjljNzkxNDMifQ%3D%3D\" href='https:\/\/rosariodearmenteras.com\/wp-content\/uploads\/2025\/04\/new-2-scaled.jpg'><img loading=\"lazy\" decoding=\"async\" width=\"1919\" height=\"2560\" src=\"https:\/\/rosariodearmenteras.com\/wp-content\/uploads\/2025\/04\/new-2-scaled.jpg\" class=\"attachment-full size-full\" alt=\"renacimiento de luz rosario de armenteras\" srcset=\"https:\/\/rosariodearmenteras.com\/wp-content\/uploads\/2025\/04\/new-2-scaled.jpg 1919w, https:\/\/rosariodearmenteras.com\/wp-content\/uploads\/2025\/04\/new-2-225x300.jpg 225w, https:\/\/rosariodearmenteras.com\/wp-content\/uploads\/2025\/04\/new-2-768x1025.jpg 768w, https:\/\/rosariodearmenteras.com\/wp-content\/uploads\/2025\/04\/new-2-1151x1536.jpg 1151w, https:\/\/rosariodearmenteras.com\/wp-content\/uploads\/2025\/04\/new-2-1535x2048.jpg 1535w, https:\/\/rosariodearmenteras.com\/wp-content\/uploads\/2025\/04\/new-2-9x12.jpg 9w\" sizes=\"(max-width: 1919px) 100vw, 1919px\" \/><\/a>\n\t\t\t<\/div><\/figure>\n\t\t<\/div>\n\t\t<\/div>\n\t\t\t\t\t\t<\/div>\n\t\t\t\t<\/div>\n\t\t\t\t\t<\/div>\n\t\t\t\t<\/div>\n\t\t\t\t<\/div>","protected":false},"excerpt":{"rendered":"<p>RENACIMIENTO DE LUZ: Primavera Verano de Lujo 2025<\/p>","protected":false},"author":2,"featured_media":0,"parent":0,"menu_order":0,"comment_status":"closed","ping_status":"closed","template":"","meta":{"footnotes":""},"class_list":["post-2310","page","type-page","status-publish","hentry"],"yoast_head":"<!-- This site is optimized with the Yoast SEO plugin v25.5 - https:\/\/yoast.com\/wordpress\/plugins\/seo\/ -->\n<title>Alta Costura en Marbella | Dise\u00f1os Exclusivos en Seda y Pedrer\u00eda<\/title>\n<meta name=\"description\" content=\"Descubre la colecci\u00f3n de Rosario De Armenteras en Marbella. Prendas de lujo con seda, pedrer\u00eda y detalles \u00fanicos. Elegancia y exclusividad.\" \/>\n<meta name=\"robots\" content=\"index, follow, max-snippet:-1, max-image-preview:large, max-video-preview:-1\" \/>\n<link rel=\"canonical\" href=\"https:\/\/rosariodearmenteras.com\/en\/renacimiento-de-luz\/\" \/>\n<meta property=\"og:locale\" content=\"en_US\" \/>\n<meta property=\"og:type\" content=\"article\" \/>\n<meta property=\"og:title\" content=\"Alta Costura en Marbella | Dise\u00f1os Exclusivos en Seda y Pedrer\u00eda\" \/>\n<meta property=\"og:description\" content=\"Descubre la colecci\u00f3n de Rosario De Armenteras en Marbella. Prendas de lujo con seda, pedrer\u00eda y detalles \u00fanicos. Elegancia y exclusividad.\" \/>\n<meta property=\"og:url\" content=\"https:\/\/rosariodearmenteras.com\/en\/renacimiento-de-luz\/\" \/>\n<meta property=\"og:site_name\" content=\"Dise\u00f1adora de modas en Marbella\" \/>\n<meta property=\"article:publisher\" content=\"https:\/\/www.facebook.com\/rosariodearmenteras\/about\/?ref=page_internal&amp;locale=es_LA&amp;_rdr\" \/>\n<meta property=\"article:modified_time\" content=\"2025-04-04T03:39:19+00:00\" \/>\n<meta property=\"og:image\" content=\"https:\/\/rosariodearmenteras.com\/wp-content\/uploads\/2025\/04\/B1038596-copy-scaled.jpg\" \/>\n<meta name=\"twitter:card\" content=\"summary_large_image\" \/>\n<meta name=\"twitter:label1\" content=\"Est. reading time\" \/>\n\t<meta name=\"twitter:data1\" content=\"2 minutes\" \/>\n<script type=\"application\/ld+json\" class=\"yoast-schema-graph\">{\"@context\":\"https:\/\/schema.org\",\"@graph\":[{\"@type\":\"WebPage\",\"@id\":\"https:\/\/rosariodearmenteras.com\/renacimiento-de-luz\/\",\"url\":\"https:\/\/rosariodearmenteras.com\/renacimiento-de-luz\/\",\"name\":\"Alta Costura en Marbella | Dise\u00f1os Exclusivos en Seda y Pedrer\u00eda\",\"isPartOf\":{\"@id\":\"https:\/\/rosariodearmenteras.com\/#website\"},\"primaryImageOfPage\":{\"@id\":\"https:\/\/rosariodearmenteras.com\/renacimiento-de-luz\/#primaryimage\"},\"image\":{\"@id\":\"https:\/\/rosariodearmenteras.com\/renacimiento-de-luz\/#primaryimage\"},\"thumbnailUrl\":\"https:\/\/rosariodearmenteras.com\/wp-content\/uploads\/2025\/04\/B1038596-copy-scaled.jpg\",\"datePublished\":\"2025-03-21T13:13:03+00:00\",\"dateModified\":\"2025-04-04T03:39:19+00:00\",\"description\":\"Descubre la colecci\u00f3n de Rosario De Armenteras en Marbella. Prendas de lujo con seda, pedrer\u00eda y detalles \u00fanicos. Elegancia y exclusividad.\",\"breadcrumb\":{\"@id\":\"https:\/\/rosariodearmenteras.com\/renacimiento-de-luz\/#breadcrumb\"},\"inLanguage\":\"en-US\",\"potentialAction\":[{\"@type\":\"ReadAction\",\"target\":[\"https:\/\/rosariodearmenteras.com\/renacimiento-de-luz\/\"]}]},{\"@type\":\"ImageObject\",\"inLanguage\":\"en-US\",\"@id\":\"https:\/\/rosariodearmenteras.com\/renacimiento-de-luz\/#primaryimage\",\"url\":\"https:\/\/rosariodearmenteras.com\/wp-content\/uploads\/2025\/04\/B1038596-copy-scaled.jpg\",\"contentUrl\":\"https:\/\/rosariodearmenteras.com\/wp-content\/uploads\/2025\/04\/B1038596-copy-scaled.jpg\"},{\"@type\":\"BreadcrumbList\",\"@id\":\"https:\/\/rosariodearmenteras.com\/renacimiento-de-luz\/#breadcrumb\",\"itemListElement\":[{\"@type\":\"ListItem\",\"position\":1,\"name\":\"Portada\",\"item\":\"https:\/\/rosariodearmenteras.com\/\"},{\"@type\":\"ListItem\",\"position\":2,\"name\":\"Renacimiento de Luz\"}]},{\"@type\":\"WebSite\",\"@id\":\"https:\/\/rosariodearmenteras.com\/#website\",\"url\":\"https:\/\/rosariodearmenteras.com\/\",\"name\":\"Dise\u00f1adora de modas en Marbella\",\"description\":\"\",\"publisher\":{\"@id\":\"https:\/\/rosariodearmenteras.com\/#organization\"},\"potentialAction\":[{\"@type\":\"SearchAction\",\"target\":{\"@type\":\"EntryPoint\",\"urlTemplate\":\"https:\/\/rosariodearmenteras.com\/?s={search_term_string}\"},\"query-input\":{\"@type\":\"PropertyValueSpecification\",\"valueRequired\":true,\"valueName\":\"search_term_string\"}}],\"inLanguage\":\"en-US\"},{\"@type\":\"Organization\",\"@id\":\"https:\/\/rosariodearmenteras.com\/#organization\",\"name\":\"Dise\u00f1adora de modas en Marbella\",\"url\":\"https:\/\/rosariodearmenteras.com\/\",\"logo\":{\"@type\":\"ImageObject\",\"inLanguage\":\"en-US\",\"@id\":\"https:\/\/rosariodearmenteras.com\/#\/schema\/logo\/image\/\",\"url\":\"https:\/\/rosariodearmenteras.com\/wp-content\/uploads\/2025\/02\/rosario-armenteras-logo-transparente.png\",\"contentUrl\":\"https:\/\/rosariodearmenteras.com\/wp-content\/uploads\/2025\/02\/rosario-armenteras-logo-transparente.png\",\"width\":654,\"height\":185,\"caption\":\"Dise\u00f1adora de modas en Marbella\"},\"image\":{\"@id\":\"https:\/\/rosariodearmenteras.com\/#\/schema\/logo\/image\/\"},\"sameAs\":[\"https:\/\/www.facebook.com\/rosariodearmenteras\/about\/?ref=page_internal&locale=es_LA&_rdr\",\"https:\/\/www.instagram.com\/rosariodearmenteras\/\"]}]}<\/script>\n<!-- \/ Yoast SEO plugin. -->","yoast_head_json":{"title":"Alta Costura en Marbella | Dise\u00f1os Exclusivos en Seda y Pedrer\u00eda","description":"Descubre la colecci\u00f3n de Rosario De Armenteras en Marbella. Prendas de lujo con seda, pedrer\u00eda y detalles \u00fanicos. Elegancia y exclusividad.","robots":{"index":"index","follow":"follow","max-snippet":"max-snippet:-1","max-image-preview":"max-image-preview:large","max-video-preview":"max-video-preview:-1"},"canonical":"https:\/\/rosariodearmenteras.com\/en\/renacimiento-de-luz\/","og_locale":"en_US","og_type":"article","og_title":"Alta Costura en Marbella | Dise\u00f1os Exclusivos en Seda y Pedrer\u00eda","og_description":"Descubre la colecci\u00f3n de Rosario De Armenteras en Marbella. Prendas de lujo con seda, pedrer\u00eda y detalles \u00fanicos. Elegancia y exclusividad.","og_url":"https:\/\/rosariodearmenteras.com\/en\/renacimiento-de-luz\/","og_site_name":"Dise\u00f1adora de modas en Marbella","article_publisher":"https:\/\/www.facebook.com\/rosariodearmenteras\/about\/?ref=page_internal&locale=es_LA&_rdr","article_modified_time":"2025-04-04T03:39:19+00:00","og_image":[{"url":"https:\/\/rosariodearmenteras.com\/wp-content\/uploads\/2025\/04\/B1038596-copy-scaled.jpg","type":"","width":"","height":""}],"twitter_card":"summary_large_image","twitter_misc":{"Est. reading time":"2 minutes"},"schema":{"@context":"https:\/\/schema.org","@graph":[{"@type":"WebPage","@id":"https:\/\/rosariodearmenteras.com\/renacimiento-de-luz\/","url":"https:\/\/rosariodearmenteras.com\/renacimiento-de-luz\/","name":"Alta Costura en Marbella | Dise\u00f1os Exclusivos en Seda y Pedrer\u00eda","isPartOf":{"@id":"https:\/\/rosariodearmenteras.com\/#website"},"primaryImageOfPage":{"@id":"https:\/\/rosariodearmenteras.com\/renacimiento-de-luz\/#primaryimage"},"image":{"@id":"https:\/\/rosariodearmenteras.com\/renacimiento-de-luz\/#primaryimage"},"thumbnailUrl":"https:\/\/rosariodearmenteras.com\/wp-content\/uploads\/2025\/04\/B1038596-copy-scaled.jpg","datePublished":"2025-03-21T13:13:03+00:00","dateModified":"2025-04-04T03:39:19+00:00","description":"Descubre la colecci\u00f3n de Rosario De Armenteras en Marbella. Prendas de lujo con seda, pedrer\u00eda y detalles \u00fanicos. Elegancia y exclusividad.","breadcrumb":{"@id":"https:\/\/rosariodearmenteras.com\/renacimiento-de-luz\/#breadcrumb"},"inLanguage":"en-US","potentialAction":[{"@type":"ReadAction","target":["https:\/\/rosariodearmenteras.com\/renacimiento-de-luz\/"]}]},{"@type":"ImageObject","inLanguage":"en-US","@id":"https:\/\/rosariodearmenteras.com\/renacimiento-de-luz\/#primaryimage","url":"https:\/\/rosariodearmenteras.com\/wp-content\/uploads\/2025\/04\/B1038596-copy-scaled.jpg","contentUrl":"https:\/\/rosariodearmenteras.com\/wp-content\/uploads\/2025\/04\/B1038596-copy-scaled.jpg"},{"@type":"BreadcrumbList","@id":"https:\/\/rosariodearmenteras.com\/renacimiento-de-luz\/#breadcrumb","itemListElement":[{"@type":"ListItem","position":1,"name":"Portada","item":"https:\/\/rosariodearmenteras.com\/"},{"@type":"ListItem","position":2,"name":"Renacimiento de Luz"}]},{"@type":"WebSite","@id":"https:\/\/rosariodearmenteras.com\/#website","url":"https:\/\/rosariodearmenteras.com\/","name":"Dise\u00f1adora de modas en Marbella","description":"","publisher":{"@id":"https:\/\/rosariodearmenteras.com\/#organization"},"potentialAction":[{"@type":"SearchAction","target":{"@type":"EntryPoint","urlTemplate":"https:\/\/rosariodearmenteras.com\/?s={search_term_string}"},"query-input":{"@type":"PropertyValueSpecification","valueRequired":true,"valueName":"search_term_string"}}],"inLanguage":"en-US"},{"@type":"Organization","@id":"https:\/\/rosariodearmenteras.com\/#organization","name":"Dise\u00f1adora de modas en Marbella","url":"https:\/\/rosariodearmenteras.com\/","logo":{"@type":"ImageObject","inLanguage":"en-US","@id":"https:\/\/rosariodearmenteras.com\/#\/schema\/logo\/image\/","url":"https:\/\/rosariodearmenteras.com\/wp-content\/uploads\/2025\/02\/rosario-armenteras-logo-transparente.png","contentUrl":"https:\/\/rosariodearmenteras.com\/wp-content\/uploads\/2025\/02\/rosario-armenteras-logo-transparente.png","width":654,"height":185,"caption":"Dise\u00f1adora de modas en Marbella"},"image":{"@id":"https:\/\/rosariodearmenteras.com\/#\/schema\/logo\/image\/"},"sameAs":["https:\/\/www.facebook.com\/rosariodearmenteras\/about\/?ref=page_internal&locale=es_LA&_rdr","https:\/\/www.instagram.com\/rosariodearmenteras\/"]}]}},"_links":{"self":[{"href":"https:\/\/rosariodearmenteras.com\/en\/wp-json\/wp\/v2\/pages\/2310","targetHints":{"allow":["GET"]}}],"collection":[{"href":"https:\/\/rosariodearmenteras.com\/en\/wp-json\/wp\/v2\/pages"}],"about":[{"href":"https:\/\/rosariodearmenteras.com\/en\/wp-json\/wp\/v2\/types\/page"}],"author":[{"embeddable":true,"href":"https:\/\/rosariodearmenteras.com\/en\/wp-json\/wp\/v2\/users\/2"}],"replies":[{"embeddable":true,"href":"https:\/\/rosariodearmenteras.com\/en\/wp-json\/wp\/v2\/comments?post=2310"}],"version-history":[{"count":98,"href":"https:\/\/rosariodearmenteras.com\/en\/wp-json\/wp\/v2\/pages\/2310\/revisions"}],"predecessor-version":[{"id":5141,"href":"https:\/\/rosariodearmenteras.com\/en\/wp-json\/wp\/v2\/pages\/2310\/revisions\/5141"}],"wp:attachment":[{"href":"https:\/\/rosariodearmenteras.com\/en\/wp-json\/wp\/v2\/media?parent=2310"}],"curies":[{"name":"wp","href":"https:\/\/api.w.org\/{rel}","templated":true}]}}