{"id":2327,"date":"2025-03-21T19:00:40","date_gmt":"2025-03-21T18:00:40","guid":{"rendered":"https:\/\/rosariodearmenteras.com\/?page_id=2327"},"modified":"2025-04-05T16:46:11","modified_gmt":"2025-04-05T14:46:11","slug":"collection","status":"publish","type":"page","link":"https:\/\/rosariodearmenteras.com\/en\/collection\/","title":{"rendered":"Collection"},"content":{"rendered":"<div data-elementor-type=\"wp-page\" data-elementor-id=\"2327\" class=\"elementor elementor-2327\" data-elementor-post-type=\"page\">\n\t\t\t\t<div class=\"elementor-element elementor-element-4953bf4e e-con-full e-flex e-con e-parent\" data-id=\"4953bf4e\" data-element_type=\"container\" data-settings=\"{&quot;background_background&quot;:&quot;classic&quot;}\">\n\t\t\t\t<div class=\"elementor-element elementor-element-7d8f96f3 elementor-widget elementor-widget-heading\" data-id=\"7d8f96f3\" data-element_type=\"widget\" data-widget_type=\"heading.default\">\n\t\t\t\t<div class=\"elementor-widget-container\">\n\t\t\t\t\t<h1 class=\"elementor-heading-title elementor-size-default\">COLECCI\u00d3N<\/h1>\t\t\t\t<\/div>\n\t\t\t\t<\/div>\n\t\t\t\t<\/div>\n\t\t<div class=\"elementor-element elementor-element-db819cb e-flex e-con-boxed e-con e-parent\" data-id=\"db819cb\" data-element_type=\"container\">\n\t\t\t\t\t<div class=\"e-con-inner\">\n\t\t\t\t<div class=\"elementor-element elementor-element-b240c19 elementor-widget elementor-widget-html\" data-id=\"b240c19\" data-element_type=\"widget\" data-widget_type=\"html.default\">\n\t\t\t\t<div class=\"elementor-widget-container\">\n\t\t\t\t\t<style>\n    .contenedor-andea {\n            position: relative; \/* Necesario para posicionar el elemento hijo *\/\n        }\n\n        .contenedor-andea .texto-oculto-andea {\n            display: none; \/* Oculta el texto por defecto *\/\n            position: absolute; \/* Posiciona el texto sobre el contenedor *\/\n            animation-duration: 0.5s;\n  animation-name: slidein;\n\n        }\n\n        .contenedor-andea:hover .texto-oculto-andea {\n            display: block; \/* Muestra el texto al pasar el mouse *\/\n              transition: opacity 0.1s ease-in-out, transform 0.1s ease-in-out; \/* Transiciones suaves *\/\n\n        }\n\n@keyframes slidein {\n  from {\n    opacity: 0; \/* Inicialmente invisible *\/\n    margin-top: 20%;\n    width: 90%;\n  }\n\n  to {\n      opacity: 1; \/* Visible al final *\/\n    margin-top: 0%;\n    width: 90%;\n    \n  }\n}\n<\/style>\t\t\t\t<\/div>\n\t\t\t\t<\/div>\n\t\t\t\t\t<\/div>\n\t\t\t\t<\/div>\n\t\t<div class=\"elementor-element elementor-element-1c3f6c1 e-flex e-con-boxed e-con e-parent\" data-id=\"1c3f6c1\" data-element_type=\"container\">\n\t\t\t\t\t<div class=\"e-con-inner\">\n\t\t<div class=\"elementor-element elementor-element-fb69fa6 e-con-full contenedor-andea e-flex e-con e-child\" data-id=\"fb69fa6\" data-element_type=\"container\" data-settings=\"{&quot;background_background&quot;:&quot;classic&quot;}\">\n\t\t\t\t<div class=\"elementor-element elementor-element-2723ec1 texto-oculto-andea elementor-widget elementor-widget-heading\" data-id=\"2723ec1\" data-element_type=\"widget\" data-widget_type=\"heading.default\">\n\t\t\t\t<div class=\"elementor-widget-container\">\n\t\t\t\t\t<h2 class=\"elementor-heading-title elementor-size-default\"><a href=\"https:\/\/rosariodearmenteras.com\/en\/andean-chic\/\">Andean Chic<br \/>\nOto\u00f1o Invierno 2025<\/a><\/h2>\t\t\t\t<\/div>\n\t\t\t\t<\/div>\n\t\t\t\t<\/div>\n\t\t<div class=\"elementor-element elementor-element-d6b09e3 e-con-full contenedor-andea e-flex e-con e-child\" data-id=\"d6b09e3\" data-element_type=\"container\" data-settings=\"{&quot;background_background&quot;:&quot;classic&quot;}\">\n\t\t\t\t<div class=\"elementor-element elementor-element-935bdb0 texto-oculto-andea elementor-widget elementor-widget-heading\" data-id=\"935bdb0\" data-element_type=\"widget\" data-widget_type=\"heading.default\">\n\t\t\t\t<div class=\"elementor-widget-container\">\n\t\t\t\t\t<h2 class=\"elementor-heading-title elementor-size-default\"><a href=\"https:\/\/rosariodearmenteras.com\/en\/wayta-ii\/\">Noches de Glamour en <br \/>\nPuente Romano<\/a><\/h2>\t\t\t\t<\/div>\n\t\t\t\t<\/div>\n\t\t\t\t<\/div>\n\t\t\t\t\t<\/div>\n\t\t\t\t<\/div>\n\t\t<div class=\"elementor-element elementor-element-c4a00c5 e-flex e-con-boxed e-con e-parent\" data-id=\"c4a00c5\" data-element_type=\"container\">\n\t\t\t\t\t<div class=\"e-con-inner\">\n\t\t<div class=\"elementor-element elementor-element-c0385d6 e-con-full contenedor-andea e-flex e-con e-child\" data-id=\"c0385d6\" data-element_type=\"container\" data-settings=\"{&quot;background_background&quot;:&quot;classic&quot;}\">\n\t\t\t\t<div class=\"elementor-element elementor-element-aa6577d texto-oculto-andea elementor-widget elementor-widget-heading\" data-id=\"aa6577d\" data-element_type=\"widget\" data-widget_type=\"heading.default\">\n\t\t\t\t<div class=\"elementor-widget-container\">\n\t\t\t\t\t<h2 class=\"elementor-heading-title elementor-size-default\"><a href=\"https:\/\/rosariodearmenteras.com\/en\/renacimiento-de-luz\/\">Rebirth of Light <br \/>\nPrimavera Verano de Lujo 2025<\/a><\/h2>\t\t\t\t<\/div>\n\t\t\t\t<\/div>\n\t\t\t\t<\/div>\n\t\t<div class=\"elementor-element elementor-element-dd54893 e-con-full contenedor-andea e-flex e-con e-child\" data-id=\"dd54893\" data-element_type=\"container\" data-settings=\"{&quot;background_background&quot;:&quot;classic&quot;}\">\n\t\t\t\t<div class=\"elementor-element elementor-element-790f8a6 texto-oculto-andea elementor-widget elementor-widget-heading\" data-id=\"790f8a6\" data-element_type=\"widget\" data-widget_type=\"heading.default\">\n\t\t\t\t<div class=\"elementor-widget-container\">\n\t\t\t\t\t<h2 class=\"elementor-heading-title elementor-size-default\"><a href=\"https:\/\/rosariodearmenteras.com\/en\/wayta-i\/\">Luz de Marbella <br \/>\nPrimavera Verano<\/a><\/h2>\t\t\t\t<\/div>\n\t\t\t\t<\/div>\n\t\t\t\t<\/div>\n\t\t\t\t\t<\/div>\n\t\t\t\t<\/div>\n\t\t<div class=\"elementor-element elementor-element-b223c2e e-flex e-con-boxed e-con e-parent\" data-id=\"b223c2e\" data-element_type=\"container\">\n\t\t\t\t\t<div class=\"e-con-inner\">\n\t\t<div class=\"elementor-element elementor-element-f33e55d e-con-full contenedor-andea e-flex e-con e-child\" data-id=\"f33e55d\" data-element_type=\"container\" data-settings=\"{&quot;background_background&quot;:&quot;classic&quot;}\">\n\t\t\t\t<div class=\"elementor-element elementor-element-8154308 texto-oculto-andea elementor-widget elementor-widget-heading\" data-id=\"8154308\" data-element_type=\"widget\" data-widget_type=\"heading.default\">\n\t\t\t\t<div class=\"elementor-widget-container\">\n\t\t\t\t\t<h2 class=\"elementor-heading-title elementor-size-default\"><a href=\"https:\/\/rosariodearmenteras.com\/en\/mantones-de-manila\/\">Mantones de Manila<\/a><\/h2>\t\t\t\t<\/div>\n\t\t\t\t<\/div>\n\t\t\t\t<\/div>\n\t\t<div class=\"elementor-element elementor-element-d60a5cf e-con-full contenedor-andea e-flex e-con e-child\" data-id=\"d60a5cf\" data-element_type=\"container\" data-settings=\"{&quot;background_background&quot;:&quot;classic&quot;}\">\n\t\t\t\t<div class=\"elementor-element elementor-element-72c8100 texto-oculto-andea elementor-widget elementor-widget-heading\" data-id=\"72c8100\" data-element_type=\"widget\" data-widget_type=\"heading.default\">\n\t\t\t\t<div class=\"elementor-widget-container\">\n\t\t\t\t\t<h2 class=\"elementor-heading-title elementor-size-default\"><a href=\"https:\/\/rosariodearmenteras.com\/en\/fito\/\">Fito<\/a><\/h2>\t\t\t\t<\/div>\n\t\t\t\t<\/div>\n\t\t\t\t<\/div>\n\t\t\t\t\t<\/div>\n\t\t\t\t<\/div>\n\t\t<div class=\"elementor-element elementor-element-a500073 e-flex e-con-boxed e-con e-parent\" data-id=\"a500073\" data-element_type=\"container\">\n\t\t\t\t\t<div class=\"e-con-inner\">\n\t\t<div class=\"elementor-element elementor-element-0ceff15 e-con-full contenedor-andea e-flex e-con e-child\" data-id=\"0ceff15\" data-element_type=\"container\" data-settings=\"{&quot;background_background&quot;:&quot;classic&quot;}\">\n\t\t\t\t<div class=\"elementor-element elementor-element-fb7b2d0 texto-oculto-andea elementor-widget elementor-widget-heading\" data-id=\"fb7b2d0\" data-element_type=\"widget\" data-widget_type=\"heading.default\">\n\t\t\t\t<div class=\"elementor-widget-container\">\n\t\t\t\t\t<h2 class=\"elementor-heading-title elementor-size-default\"><a href=\"https:\/\/rosariodearmenteras.com\/en\/amaru\/\">Amaru<\/a><\/h2>\t\t\t\t<\/div>\n\t\t\t\t<\/div>\n\t\t\t\t<\/div>\n\t\t\t\t\t<\/div>\n\t\t\t\t<\/div>\n\t\t\t\t<\/div>","protected":false},"excerpt":{"rendered":"<p>COLECCI\u00d3N Andean Chic Oto\u00f1o Invierno 2025 Noches de Glamour en Puente Romano Renacimiento de Luz Primavera Verano de Lujo 2025 Luz de Marbella Primavera Verano Mantones de Manila Fito Amaru<\/p>","protected":false},"author":2,"featured_media":2057,"parent":0,"menu_order":0,"comment_status":"closed","ping_status":"closed","template":"","meta":{"footnotes":""},"class_list":["post-2327","page","type-page","status-publish","has-post-thumbnail","hentry"],"yoast_head":"<!-- This site is optimized with the Yoast SEO plugin v25.5 - https:\/\/yoast.com\/wordpress\/plugins\/seo\/ -->\n<title>Colecci\u00f3n - Dise\u00f1adora de modas en Marbella<\/title>\n<meta name=\"description\" content=\"Descubre los dise\u00f1os exclusivos de Rosario De Armenteras, dise\u00f1adora de modas en Marbella. Moda personalizada, lujo y sofisticaci\u00f3n a tu medida.\" \/>\n<meta name=\"robots\" content=\"index, follow, max-snippet:-1, max-image-preview:large, max-video-preview:-1\" \/>\n<link rel=\"canonical\" href=\"https:\/\/rosariodearmenteras.com\/en\/collection\/\" \/>\n<meta property=\"og:locale\" content=\"en_US\" \/>\n<meta property=\"og:type\" content=\"article\" \/>\n<meta property=\"og:title\" content=\"Colecci\u00f3n - Dise\u00f1adora de modas en Marbella\" \/>\n<meta property=\"og:description\" content=\"Descubre los dise\u00f1os exclusivos de Rosario De Armenteras, dise\u00f1adora de modas en Marbella. Moda personalizada, lujo y sofisticaci\u00f3n a tu medida.\" \/>\n<meta property=\"og:url\" content=\"https:\/\/rosariodearmenteras.com\/en\/collection\/\" \/>\n<meta property=\"og:site_name\" content=\"Dise\u00f1adora de modas en Marbella\" \/>\n<meta property=\"article:publisher\" content=\"https:\/\/www.facebook.com\/rosariodearmenteras\/about\/?ref=page_internal&amp;locale=es_LA&amp;_rdr\" \/>\n<meta property=\"article:modified_time\" content=\"2025-04-05T14:46:11+00:00\" \/>\n<meta property=\"og:image\" content=\"https:\/\/rosariodearmenteras.com\/wp-content\/uploads\/2025\/03\/boutique-fashion-designer.jpg\" \/>\n\t<meta property=\"og:image:width\" content=\"1280\" \/>\n\t<meta property=\"og:image:height\" content=\"720\" \/>\n\t<meta property=\"og:image:type\" content=\"image\/jpeg\" \/>\n<meta name=\"twitter:card\" content=\"summary_large_image\" \/>\n<meta name=\"twitter:label1\" content=\"Est. reading time\" \/>\n\t<meta name=\"twitter:data1\" content=\"1 minute\" \/>\n<script type=\"application\/ld+json\" class=\"yoast-schema-graph\">{\"@context\":\"https:\/\/schema.org\",\"@graph\":[{\"@type\":\"WebPage\",\"@id\":\"https:\/\/rosariodearmenteras.com\/collection\/\",\"url\":\"https:\/\/rosariodearmenteras.com\/collection\/\",\"name\":\"Colecci\u00f3n - Dise\u00f1adora de modas en Marbella\",\"isPartOf\":{\"@id\":\"https:\/\/rosariodearmenteras.com\/#website\"},\"primaryImageOfPage\":{\"@id\":\"https:\/\/rosariodearmenteras.com\/collection\/#primaryimage\"},\"image\":{\"@id\":\"https:\/\/rosariodearmenteras.com\/collection\/#primaryimage\"},\"thumbnailUrl\":\"https:\/\/rosariodearmenteras.com\/wp-content\/uploads\/2025\/03\/boutique-fashion-designer.jpg\",\"datePublished\":\"2025-03-21T18:00:40+00:00\",\"dateModified\":\"2025-04-05T14:46:11+00:00\",\"description\":\"Descubre los dise\u00f1os exclusivos de Rosario De Armenteras, dise\u00f1adora de modas en Marbella. Moda personalizada, lujo y sofisticaci\u00f3n a tu medida.\",\"breadcrumb\":{\"@id\":\"https:\/\/rosariodearmenteras.com\/collection\/#breadcrumb\"},\"inLanguage\":\"en-US\",\"potentialAction\":[{\"@type\":\"ReadAction\",\"target\":[\"https:\/\/rosariodearmenteras.com\/collection\/\"]}]},{\"@type\":\"ImageObject\",\"inLanguage\":\"en-US\",\"@id\":\"https:\/\/rosariodearmenteras.com\/collection\/#primaryimage\",\"url\":\"https:\/\/rosariodearmenteras.com\/wp-content\/uploads\/2025\/03\/boutique-fashion-designer.jpg\",\"contentUrl\":\"https:\/\/rosariodearmenteras.com\/wp-content\/uploads\/2025\/03\/boutique-fashion-designer.jpg\",\"width\":1280,\"height\":720,\"caption\":\"boutique fashion designer\"},{\"@type\":\"BreadcrumbList\",\"@id\":\"https:\/\/rosariodearmenteras.com\/collection\/#breadcrumb\",\"itemListElement\":[{\"@type\":\"ListItem\",\"position\":1,\"name\":\"Portada\",\"item\":\"https:\/\/rosariodearmenteras.com\/\"},{\"@type\":\"ListItem\",\"position\":2,\"name\":\"Collection\"}]},{\"@type\":\"WebSite\",\"@id\":\"https:\/\/rosariodearmenteras.com\/#website\",\"url\":\"https:\/\/rosariodearmenteras.com\/\",\"name\":\"Dise\u00f1adora de modas en Marbella\",\"description\":\"\",\"publisher\":{\"@id\":\"https:\/\/rosariodearmenteras.com\/#organization\"},\"potentialAction\":[{\"@type\":\"SearchAction\",\"target\":{\"@type\":\"EntryPoint\",\"urlTemplate\":\"https:\/\/rosariodearmenteras.com\/?s={search_term_string}\"},\"query-input\":{\"@type\":\"PropertyValueSpecification\",\"valueRequired\":true,\"valueName\":\"search_term_string\"}}],\"inLanguage\":\"en-US\"},{\"@type\":\"Organization\",\"@id\":\"https:\/\/rosariodearmenteras.com\/#organization\",\"name\":\"Dise\u00f1adora de modas en Marbella\",\"url\":\"https:\/\/rosariodearmenteras.com\/\",\"logo\":{\"@type\":\"ImageObject\",\"inLanguage\":\"en-US\",\"@id\":\"https:\/\/rosariodearmenteras.com\/#\/schema\/logo\/image\/\",\"url\":\"https:\/\/rosariodearmenteras.com\/wp-content\/uploads\/2025\/02\/rosario-armenteras-logo-transparente.png\",\"contentUrl\":\"https:\/\/rosariodearmenteras.com\/wp-content\/uploads\/2025\/02\/rosario-armenteras-logo-transparente.png\",\"width\":654,\"height\":185,\"caption\":\"Dise\u00f1adora de modas en Marbella\"},\"image\":{\"@id\":\"https:\/\/rosariodearmenteras.com\/#\/schema\/logo\/image\/\"},\"sameAs\":[\"https:\/\/www.facebook.com\/rosariodearmenteras\/about\/?ref=page_internal&locale=es_LA&_rdr\",\"https:\/\/www.instagram.com\/rosariodearmenteras\/\"]}]}<\/script>\n<!-- \/ Yoast SEO plugin. -->","yoast_head_json":{"title":"Colecci\u00f3n - Dise\u00f1adora de modas en Marbella","description":"Descubre los dise\u00f1os exclusivos de Rosario De Armenteras, dise\u00f1adora de modas en Marbella. Moda personalizada, lujo y sofisticaci\u00f3n a tu medida.","robots":{"index":"index","follow":"follow","max-snippet":"max-snippet:-1","max-image-preview":"max-image-preview:large","max-video-preview":"max-video-preview:-1"},"canonical":"https:\/\/rosariodearmenteras.com\/en\/collection\/","og_locale":"en_US","og_type":"article","og_title":"Colecci\u00f3n - Dise\u00f1adora de modas en Marbella","og_description":"Descubre los dise\u00f1os exclusivos de Rosario De Armenteras, dise\u00f1adora de modas en Marbella. Moda personalizada, lujo y sofisticaci\u00f3n a tu medida.","og_url":"https:\/\/rosariodearmenteras.com\/en\/collection\/","og_site_name":"Dise\u00f1adora de modas en Marbella","article_publisher":"https:\/\/www.facebook.com\/rosariodearmenteras\/about\/?ref=page_internal&locale=es_LA&_rdr","article_modified_time":"2025-04-05T14:46:11+00:00","og_image":[{"width":1280,"height":720,"url":"https:\/\/rosariodearmenteras.com\/wp-content\/uploads\/2025\/03\/boutique-fashion-designer.jpg","type":"image\/jpeg"}],"twitter_card":"summary_large_image","twitter_misc":{"Est. reading time":"1 minute"},"schema":{"@context":"https:\/\/schema.org","@graph":[{"@type":"WebPage","@id":"https:\/\/rosariodearmenteras.com\/collection\/","url":"https:\/\/rosariodearmenteras.com\/collection\/","name":"Colecci\u00f3n - Dise\u00f1adora de modas en Marbella","isPartOf":{"@id":"https:\/\/rosariodearmenteras.com\/#website"},"primaryImageOfPage":{"@id":"https:\/\/rosariodearmenteras.com\/collection\/#primaryimage"},"image":{"@id":"https:\/\/rosariodearmenteras.com\/collection\/#primaryimage"},"thumbnailUrl":"https:\/\/rosariodearmenteras.com\/wp-content\/uploads\/2025\/03\/boutique-fashion-designer.jpg","datePublished":"2025-03-21T18:00:40+00:00","dateModified":"2025-04-05T14:46:11+00:00","description":"Descubre los dise\u00f1os exclusivos de Rosario De Armenteras, dise\u00f1adora de modas en Marbella. Moda personalizada, lujo y sofisticaci\u00f3n a tu medida.","breadcrumb":{"@id":"https:\/\/rosariodearmenteras.com\/collection\/#breadcrumb"},"inLanguage":"en-US","potentialAction":[{"@type":"ReadAction","target":["https:\/\/rosariodearmenteras.com\/collection\/"]}]},{"@type":"ImageObject","inLanguage":"en-US","@id":"https:\/\/rosariodearmenteras.com\/collection\/#primaryimage","url":"https:\/\/rosariodearmenteras.com\/wp-content\/uploads\/2025\/03\/boutique-fashion-designer.jpg","contentUrl":"https:\/\/rosariodearmenteras.com\/wp-content\/uploads\/2025\/03\/boutique-fashion-designer.jpg","width":1280,"height":720,"caption":"boutique fashion designer"},{"@type":"BreadcrumbList","@id":"https:\/\/rosariodearmenteras.com\/collection\/#breadcrumb","itemListElement":[{"@type":"ListItem","position":1,"name":"Portada","item":"https:\/\/rosariodearmenteras.com\/"},{"@type":"ListItem","position":2,"name":"Collection"}]},{"@type":"WebSite","@id":"https:\/\/rosariodearmenteras.com\/#website","url":"https:\/\/rosariodearmenteras.com\/","name":"Dise\u00f1adora de modas en Marbella","description":"","publisher":{"@id":"https:\/\/rosariodearmenteras.com\/#organization"},"potentialAction":[{"@type":"SearchAction","target":{"@type":"EntryPoint","urlTemplate":"https:\/\/rosariodearmenteras.com\/?s={search_term_string}"},"query-input":{"@type":"PropertyValueSpecification","valueRequired":true,"valueName":"search_term_string"}}],"inLanguage":"en-US"},{"@type":"Organization","@id":"https:\/\/rosariodearmenteras.com\/#organization","name":"Dise\u00f1adora de modas en Marbella","url":"https:\/\/rosariodearmenteras.com\/","logo":{"@type":"ImageObject","inLanguage":"en-US","@id":"https:\/\/rosariodearmenteras.com\/#\/schema\/logo\/image\/","url":"https:\/\/rosariodearmenteras.com\/wp-content\/uploads\/2025\/02\/rosario-armenteras-logo-transparente.png","contentUrl":"https:\/\/rosariodearmenteras.com\/wp-content\/uploads\/2025\/02\/rosario-armenteras-logo-transparente.png","width":654,"height":185,"caption":"Dise\u00f1adora de modas en Marbella"},"image":{"@id":"https:\/\/rosariodearmenteras.com\/#\/schema\/logo\/image\/"},"sameAs":["https:\/\/www.facebook.com\/rosariodearmenteras\/about\/?ref=page_internal&locale=es_LA&_rdr","https:\/\/www.instagram.com\/rosariodearmenteras\/"]}]}},"_links":{"self":[{"href":"https:\/\/rosariodearmenteras.com\/en\/wp-json\/wp\/v2\/pages\/2327","targetHints":{"allow":["GET"]}}],"collection":[{"href":"https:\/\/rosariodearmenteras.com\/en\/wp-json\/wp\/v2\/pages"}],"about":[{"href":"https:\/\/rosariodearmenteras.com\/en\/wp-json\/wp\/v2\/types\/page"}],"author":[{"embeddable":true,"href":"https:\/\/rosariodearmenteras.com\/en\/wp-json\/wp\/v2\/users\/2"}],"replies":[{"embeddable":true,"href":"https:\/\/rosariodearmenteras.com\/en\/wp-json\/wp\/v2\/comments?post=2327"}],"version-history":[{"count":604,"href":"https:\/\/rosariodearmenteras.com\/en\/wp-json\/wp\/v2\/pages\/2327\/revisions"}],"predecessor-version":[{"id":5229,"href":"https:\/\/rosariodearmenteras.com\/en\/wp-json\/wp\/v2\/pages\/2327\/revisions\/5229"}],"wp:featuredmedia":[{"embeddable":true,"href":"https:\/\/rosariodearmenteras.com\/en\/wp-json\/wp\/v2\/media\/2057"}],"wp:attachment":[{"href":"https:\/\/rosariodearmenteras.com\/en\/wp-json\/wp\/v2\/media?parent=2327"}],"curies":[{"name":"wp","href":"https:\/\/api.w.org\/{rel}","templated":true}]}}