{"id":2611,"date":"2025-03-21T21:19:39","date_gmt":"2025-03-21T20:19:39","guid":{"rendered":"https:\/\/rosariodearmenteras.com\/?page_id=2611"},"modified":"2025-04-03T23:10:42","modified_gmt":"2025-04-03T21:10:42","slug":"amaru","status":"publish","type":"page","link":"https:\/\/rosariodearmenteras.com\/en\/amaru\/","title":{"rendered":"Amar\u00fa"},"content":{"rendered":"<div data-elementor-type=\"wp-page\" data-elementor-id=\"2611\" class=\"elementor elementor-2611\" data-elementor-post-type=\"page\">\n\t\t\t\t<div class=\"elementor-element elementor-element-46eb514 e-flex e-con-boxed e-con e-parent\" data-id=\"46eb514\" data-element_type=\"container\">\n\t\t\t\t\t<div class=\"e-con-inner\">\n\t\t\t\t<div class=\"elementor-element elementor-element-8644489 elementor-widget elementor-widget-heading\" data-id=\"8644489\" data-element_type=\"widget\" data-widget_type=\"heading.default\">\n\t\t\t\t<div class=\"elementor-widget-container\">\n\t\t\t\t\t<h1 class=\"elementor-heading-title elementor-size-default\">Amaru<\/h1>\t\t\t\t<\/div>\n\t\t\t\t<\/div>\n\t\t\t\t\t<\/div>\n\t\t\t\t<\/div>\n\t\t<div class=\"elementor-element elementor-element-e2624cf e-flex e-con-boxed e-con e-parent\" data-id=\"e2624cf\" data-element_type=\"container\">\n\t\t\t\t\t<div class=\"e-con-inner\">\n\t\t\t\t<div class=\"elementor-element elementor-element-dccdfaa gallery-spacing-custom elementor-widget elementor-widget-image-gallery\" data-id=\"dccdfaa\" data-element_type=\"widget\" data-widget_type=\"image-gallery.default\">\n\t\t\t\t<div class=\"elementor-widget-container\">\n\t\t\t\t\t\t\t<div class=\"elementor-image-gallery\">\n\t\t\t<div id='gallery-1' class='gallery galleryid-2611 gallery-columns-3 gallery-size-full'><figure class='gallery-item'>\n\t\t\t<div class='gallery-icon portrait'>\n\t\t\t\t<a data-elementor-open-lightbox=\"yes\" data-elementor-lightbox-slideshow=\"dccdfaa\" data-elementor-lightbox-title=\"amaru-look-1\" data-e-action-hash=\"#elementor-action%3Aaction%3Dlightbox%26settings%3DeyJpZCI6MjcxMSwidXJsIjoiaHR0cHM6XC9cL3Jvc2FyaW9kZWFybWVudGVyYXMuY29tXC93cC1jb250ZW50XC91cGxvYWRzXC8yMDI1XC8wM1wvYW1hcnUtbG9vay0xLmpwZyIsInNsaWRlc2hvdyI6ImRjY2RmYWEifQ%3D%3D\" href='https:\/\/rosariodearmenteras.com\/wp-content\/uploads\/2025\/03\/amaru-look-1.jpg'><img fetchpriority=\"high\" decoding=\"async\" width=\"450\" height=\"630\" src=\"https:\/\/rosariodearmenteras.com\/wp-content\/uploads\/2025\/03\/amaru-look-1.jpg\" class=\"attachment-full size-full\" alt=\"Amaru\" srcset=\"https:\/\/rosariodearmenteras.com\/wp-content\/uploads\/2025\/03\/amaru-look-1.jpg 450w, https:\/\/rosariodearmenteras.com\/wp-content\/uploads\/2025\/03\/amaru-look-1-214x300.jpg 214w\" sizes=\"(max-width: 450px) 100vw, 450px\" \/><\/a>\n\t\t\t<\/div><\/figure><figure class='gallery-item'>\n\t\t\t<div class='gallery-icon portrait'>\n\t\t\t\t<a data-elementor-open-lightbox=\"yes\" data-elementor-lightbox-slideshow=\"dccdfaa\" data-elementor-lightbox-title=\"amaru-look-2\" data-e-action-hash=\"#elementor-action%3Aaction%3Dlightbox%26settings%3DeyJpZCI6MjcxMiwidXJsIjoiaHR0cHM6XC9cL3Jvc2FyaW9kZWFybWVudGVyYXMuY29tXC93cC1jb250ZW50XC91cGxvYWRzXC8yMDI1XC8wM1wvYW1hcnUtbG9vay0yLmpwZyIsInNsaWRlc2hvdyI6ImRjY2RmYWEifQ%3D%3D\" href='https:\/\/rosariodearmenteras.com\/wp-content\/uploads\/2025\/03\/amaru-look-2.jpg'><img decoding=\"async\" width=\"450\" height=\"630\" src=\"https:\/\/rosariodearmenteras.com\/wp-content\/uploads\/2025\/03\/amaru-look-2.jpg\" class=\"attachment-full size-full\" alt=\"Amaru\" srcset=\"https:\/\/rosariodearmenteras.com\/wp-content\/uploads\/2025\/03\/amaru-look-2.jpg 450w, https:\/\/rosariodearmenteras.com\/wp-content\/uploads\/2025\/03\/amaru-look-2-214x300.jpg 214w\" sizes=\"(max-width: 450px) 100vw, 450px\" \/><\/a>\n\t\t\t<\/div><\/figure><figure class='gallery-item'>\n\t\t\t<div class='gallery-icon portrait'>\n\t\t\t\t<a data-elementor-open-lightbox=\"yes\" data-elementor-lightbox-slideshow=\"dccdfaa\" data-elementor-lightbox-title=\"amaru-look-3\" data-e-action-hash=\"#elementor-action%3Aaction%3Dlightbox%26settings%3DeyJpZCI6MjcxMywidXJsIjoiaHR0cHM6XC9cL3Jvc2FyaW9kZWFybWVudGVyYXMuY29tXC93cC1jb250ZW50XC91cGxvYWRzXC8yMDI1XC8wM1wvYW1hcnUtbG9vay0zLmpwZyIsInNsaWRlc2hvdyI6ImRjY2RmYWEifQ%3D%3D\" href='https:\/\/rosariodearmenteras.com\/wp-content\/uploads\/2025\/03\/amaru-look-3.jpg'><img decoding=\"async\" width=\"450\" height=\"630\" src=\"https:\/\/rosariodearmenteras.com\/wp-content\/uploads\/2025\/03\/amaru-look-3.jpg\" class=\"attachment-full size-full\" alt=\"Amaru Collection\" srcset=\"https:\/\/rosariodearmenteras.com\/wp-content\/uploads\/2025\/03\/amaru-look-3.jpg 450w, https:\/\/rosariodearmenteras.com\/wp-content\/uploads\/2025\/03\/amaru-look-3-214x300.jpg 214w\" sizes=\"(max-width: 450px) 100vw, 450px\" \/><\/a>\n\t\t\t<\/div><\/figure><figure class='gallery-item'>\n\t\t\t<div class='gallery-icon portrait'>\n\t\t\t\t<a data-elementor-open-lightbox=\"yes\" data-elementor-lightbox-slideshow=\"dccdfaa\" data-elementor-lightbox-title=\"amaru-look-4\" data-e-action-hash=\"#elementor-action%3Aaction%3Dlightbox%26settings%3DeyJpZCI6MjcxNCwidXJsIjoiaHR0cHM6XC9cL3Jvc2FyaW9kZWFybWVudGVyYXMuY29tXC93cC1jb250ZW50XC91cGxvYWRzXC8yMDI1XC8wM1wvYW1hcnUtbG9vay00LmpwZyIsInNsaWRlc2hvdyI6ImRjY2RmYWEifQ%3D%3D\" href='https:\/\/rosariodearmenteras.com\/wp-content\/uploads\/2025\/03\/amaru-look-4.jpg'><img loading=\"lazy\" decoding=\"async\" width=\"450\" height=\"630\" src=\"https:\/\/rosariodearmenteras.com\/wp-content\/uploads\/2025\/03\/amaru-look-4.jpg\" class=\"attachment-full size-full\" alt=\"Amaru Collection\" srcset=\"https:\/\/rosariodearmenteras.com\/wp-content\/uploads\/2025\/03\/amaru-look-4.jpg 450w, https:\/\/rosariodearmenteras.com\/wp-content\/uploads\/2025\/03\/amaru-look-4-214x300.jpg 214w\" sizes=\"(max-width: 450px) 100vw, 450px\" \/><\/a>\n\t\t\t<\/div><\/figure><figure class='gallery-item'>\n\t\t\t<div class='gallery-icon portrait'>\n\t\t\t\t<a data-elementor-open-lightbox=\"yes\" data-elementor-lightbox-slideshow=\"dccdfaa\" data-elementor-lightbox-title=\"amaru-look-5\" data-e-action-hash=\"#elementor-action%3Aaction%3Dlightbox%26settings%3DeyJpZCI6MjcxNSwidXJsIjoiaHR0cHM6XC9cL3Jvc2FyaW9kZWFybWVudGVyYXMuY29tXC93cC1jb250ZW50XC91cGxvYWRzXC8yMDI1XC8wM1wvYW1hcnUtbG9vay01LmpwZyIsInNsaWRlc2hvdyI6ImRjY2RmYWEifQ%3D%3D\" href='https:\/\/rosariodearmenteras.com\/wp-content\/uploads\/2025\/03\/amaru-look-5.jpg'><img loading=\"lazy\" decoding=\"async\" width=\"450\" height=\"630\" src=\"https:\/\/rosariodearmenteras.com\/wp-content\/uploads\/2025\/03\/amaru-look-5.jpg\" class=\"attachment-full size-full\" alt=\"Amaru Collection\" srcset=\"https:\/\/rosariodearmenteras.com\/wp-content\/uploads\/2025\/03\/amaru-look-5.jpg 450w, https:\/\/rosariodearmenteras.com\/wp-content\/uploads\/2025\/03\/amaru-look-5-214x300.jpg 214w\" sizes=\"(max-width: 450px) 100vw, 450px\" \/><\/a>\n\t\t\t<\/div><\/figure><figure class='gallery-item'>\n\t\t\t<div class='gallery-icon portrait'>\n\t\t\t\t<a data-elementor-open-lightbox=\"yes\" data-elementor-lightbox-slideshow=\"dccdfaa\" data-elementor-lightbox-title=\"amaru-look-6\" data-e-action-hash=\"#elementor-action%3Aaction%3Dlightbox%26settings%3DeyJpZCI6MjcxNiwidXJsIjoiaHR0cHM6XC9cL3Jvc2FyaW9kZWFybWVudGVyYXMuY29tXC93cC1jb250ZW50XC91cGxvYWRzXC8yMDI1XC8wM1wvYW1hcnUtbG9vay02LmpwZyIsInNsaWRlc2hvdyI6ImRjY2RmYWEifQ%3D%3D\" href='https:\/\/rosariodearmenteras.com\/wp-content\/uploads\/2025\/03\/amaru-look-6.jpg'><img loading=\"lazy\" decoding=\"async\" width=\"450\" height=\"630\" src=\"https:\/\/rosariodearmenteras.com\/wp-content\/uploads\/2025\/03\/amaru-look-6.jpg\" class=\"attachment-full size-full\" alt=\"Amaru Collection\" srcset=\"https:\/\/rosariodearmenteras.com\/wp-content\/uploads\/2025\/03\/amaru-look-6.jpg 450w, https:\/\/rosariodearmenteras.com\/wp-content\/uploads\/2025\/03\/amaru-look-6-214x300.jpg 214w\" sizes=\"(max-width: 450px) 100vw, 450px\" \/><\/a>\n\t\t\t<\/div><\/figure><figure class='gallery-item'>\n\t\t\t<div class='gallery-icon portrait'>\n\t\t\t\t<a data-elementor-open-lightbox=\"yes\" data-elementor-lightbox-slideshow=\"dccdfaa\" data-elementor-lightbox-title=\"amaru-look-7\" data-e-action-hash=\"#elementor-action%3Aaction%3Dlightbox%26settings%3DeyJpZCI6MjcxNywidXJsIjoiaHR0cHM6XC9cL3Jvc2FyaW9kZWFybWVudGVyYXMuY29tXC93cC1jb250ZW50XC91cGxvYWRzXC8yMDI1XC8wM1wvYW1hcnUtbG9vay03LmpwZyIsInNsaWRlc2hvdyI6ImRjY2RmYWEifQ%3D%3D\" href='https:\/\/rosariodearmenteras.com\/wp-content\/uploads\/2025\/03\/amaru-look-7.jpg'><img loading=\"lazy\" decoding=\"async\" width=\"450\" height=\"630\" src=\"https:\/\/rosariodearmenteras.com\/wp-content\/uploads\/2025\/03\/amaru-look-7.jpg\" class=\"attachment-full size-full\" alt=\"Amaru Collection\" srcset=\"https:\/\/rosariodearmenteras.com\/wp-content\/uploads\/2025\/03\/amaru-look-7.jpg 450w, https:\/\/rosariodearmenteras.com\/wp-content\/uploads\/2025\/03\/amaru-look-7-214x300.jpg 214w\" sizes=\"(max-width: 450px) 100vw, 450px\" \/><\/a>\n\t\t\t<\/div><\/figure><figure class='gallery-item'>\n\t\t\t<div class='gallery-icon portrait'>\n\t\t\t\t<a data-elementor-open-lightbox=\"yes\" data-elementor-lightbox-slideshow=\"dccdfaa\" data-elementor-lightbox-title=\"amaru-look-8\" data-e-action-hash=\"#elementor-action%3Aaction%3Dlightbox%26settings%3DeyJpZCI6MjcxOCwidXJsIjoiaHR0cHM6XC9cL3Jvc2FyaW9kZWFybWVudGVyYXMuY29tXC93cC1jb250ZW50XC91cGxvYWRzXC8yMDI1XC8wM1wvYW1hcnUtbG9vay04LmpwZyIsInNsaWRlc2hvdyI6ImRjY2RmYWEifQ%3D%3D\" href='https:\/\/rosariodearmenteras.com\/wp-content\/uploads\/2025\/03\/amaru-look-8.jpg'><img loading=\"lazy\" decoding=\"async\" width=\"450\" height=\"630\" src=\"https:\/\/rosariodearmenteras.com\/wp-content\/uploads\/2025\/03\/amaru-look-8.jpg\" class=\"attachment-full size-full\" alt=\"Amaru Collection\" srcset=\"https:\/\/rosariodearmenteras.com\/wp-content\/uploads\/2025\/03\/amaru-look-8.jpg 450w, https:\/\/rosariodearmenteras.com\/wp-content\/uploads\/2025\/03\/amaru-look-8-214x300.jpg 214w\" sizes=\"(max-width: 450px) 100vw, 450px\" \/><\/a>\n\t\t\t<\/div><\/figure><figure class='gallery-item'>\n\t\t\t<div class='gallery-icon portrait'>\n\t\t\t\t<a data-elementor-open-lightbox=\"yes\" data-elementor-lightbox-slideshow=\"dccdfaa\" data-elementor-lightbox-title=\"amaru-look-9\" data-e-action-hash=\"#elementor-action%3Aaction%3Dlightbox%26settings%3DeyJpZCI6MjcxOSwidXJsIjoiaHR0cHM6XC9cL3Jvc2FyaW9kZWFybWVudGVyYXMuY29tXC93cC1jb250ZW50XC91cGxvYWRzXC8yMDI1XC8wM1wvYW1hcnUtbG9vay05LmpwZyIsInNsaWRlc2hvdyI6ImRjY2RmYWEifQ%3D%3D\" href='https:\/\/rosariodearmenteras.com\/wp-content\/uploads\/2025\/03\/amaru-look-9.jpg'><img loading=\"lazy\" decoding=\"async\" width=\"450\" height=\"630\" src=\"https:\/\/rosariodearmenteras.com\/wp-content\/uploads\/2025\/03\/amaru-look-9.jpg\" class=\"attachment-full size-full\" alt=\"Amaru Collection\" srcset=\"https:\/\/rosariodearmenteras.com\/wp-content\/uploads\/2025\/03\/amaru-look-9.jpg 450w, https:\/\/rosariodearmenteras.com\/wp-content\/uploads\/2025\/03\/amaru-look-9-214x300.jpg 214w\" sizes=\"(max-width: 450px) 100vw, 450px\" \/><\/a>\n\t\t\t<\/div><\/figure><figure class='gallery-item'>\n\t\t\t<div class='gallery-icon portrait'>\n\t\t\t\t<a data-elementor-open-lightbox=\"yes\" data-elementor-lightbox-slideshow=\"dccdfaa\" data-elementor-lightbox-title=\"amaru-look-10\" data-e-action-hash=\"#elementor-action%3Aaction%3Dlightbox%26settings%3DeyJpZCI6MjcyMCwidXJsIjoiaHR0cHM6XC9cL3Jvc2FyaW9kZWFybWVudGVyYXMuY29tXC93cC1jb250ZW50XC91cGxvYWRzXC8yMDI1XC8wM1wvYW1hcnUtbG9vay0xMC5qcGciLCJzbGlkZXNob3ciOiJkY2NkZmFhIn0%3D\" href='https:\/\/rosariodearmenteras.com\/wp-content\/uploads\/2025\/03\/amaru-look-10.jpg'><img loading=\"lazy\" decoding=\"async\" width=\"450\" height=\"630\" src=\"https:\/\/rosariodearmenteras.com\/wp-content\/uploads\/2025\/03\/amaru-look-10.jpg\" class=\"attachment-full size-full\" alt=\"Amaru Collection\" srcset=\"https:\/\/rosariodearmenteras.com\/wp-content\/uploads\/2025\/03\/amaru-look-10.jpg 450w, https:\/\/rosariodearmenteras.com\/wp-content\/uploads\/2025\/03\/amaru-look-10-214x300.jpg 214w\" sizes=\"(max-width: 450px) 100vw, 450px\" \/><\/a>\n\t\t\t<\/div><\/figure><figure class='gallery-item'>\n\t\t\t<div class='gallery-icon portrait'>\n\t\t\t\t<a data-elementor-open-lightbox=\"yes\" data-elementor-lightbox-slideshow=\"dccdfaa\" data-elementor-lightbox-title=\"Amaru Collection\" data-e-action-hash=\"#elementor-action%3Aaction%3Dlightbox%26settings%3DeyJpZCI6MjcyMSwidXJsIjoiaHR0cHM6XC9cL3Jvc2FyaW9kZWFybWVudGVyYXMuY29tXC93cC1jb250ZW50XC91cGxvYWRzXC8yMDI1XC8wM1wvYW1hcnUtbG9vay0xMS5qcGciLCJzbGlkZXNob3ciOiJkY2NkZmFhIn0%3D\" href='https:\/\/rosariodearmenteras.com\/wp-content\/uploads\/2025\/03\/amaru-look-11.jpg'><img loading=\"lazy\" decoding=\"async\" width=\"450\" height=\"630\" src=\"https:\/\/rosariodearmenteras.com\/wp-content\/uploads\/2025\/03\/amaru-look-11.jpg\" class=\"attachment-full size-full\" alt=\"Amaru Collection\" srcset=\"https:\/\/rosariodearmenteras.com\/wp-content\/uploads\/2025\/03\/amaru-look-11.jpg 450w, https:\/\/rosariodearmenteras.com\/wp-content\/uploads\/2025\/03\/amaru-look-11-214x300.jpg 214w\" sizes=\"(max-width: 450px) 100vw, 450px\" \/><\/a>\n\t\t\t<\/div><\/figure>\n\t\t<\/div>\n\t\t<\/div>\n\t\t\t\t\t\t<\/div>\n\t\t\t\t<\/div>\n\t\t\t\t<div class=\"elementor-element elementor-element-d0a6914 elementor-widget elementor-widget-text-editor\" data-id=\"d0a6914\" data-element_type=\"widget\" data-widget_type=\"text-editor.default\">\n\t\t\t\t<div class=\"elementor-widget-container\">\n\t\t\t\t\t\t\t\t\t<p>This collection emerged from an enriching synergy with the Haitian artist Rachelle Scott that resulted in a quite original collection of painted fabrics of surprising sophistication.<\/p><p>Hemos plasmado ese trabajo en una edici\u00f3n limitada que se expondr\u00e1 en el desfile Glamour to Go del Country Hotel a llevarse a cabo el 16 de diciembre. Contaremos adem\u00e1s con la valiosa colaboraci\u00f3n de Fito Espinoza, el reconocido artista peruano.<\/p>\t\t\t\t\t\t\t\t<\/div>\n\t\t\t\t<\/div>\n\t\t\t\t\t<\/div>\n\t\t\t\t<\/div>\n\t\t\t\t<\/div>","protected":false},"excerpt":{"rendered":"<p>Amaru Esta colecci\u00f3n surgi\u00f3 de una sinergia enriquecedora con la artista haitiana Rachelle Scott que dio como fruto una colecci\u00f3n bastante original de telas pintadas de una sofisticaci\u00f3n sorprendente. Hemos plasmado ese trabajo en una edici\u00f3n limitada que se expondr\u00e1 en el desfile Glamour to Go del Country Hotel a llevarse a cabo el 16 [&hellip;]<\/p>","protected":false},"author":2,"featured_media":0,"parent":0,"menu_order":0,"comment_status":"closed","ping_status":"closed","template":"","meta":{"footnotes":""},"class_list":["post-2611","page","type-page","status-publish","hentry"],"yoast_head":"<!-- This site is optimized with the Yoast SEO plugin v25.5 - https:\/\/yoast.com\/wordpress\/plugins\/seo\/ -->\n<title>Amar\u00fa - Primavera Vera 2024 - Rosario de Armenteras<\/title>\n<meta name=\"description\" content=\"Esta colecci\u00f3n surgi\u00f3 de una sinergia enriquecedora con la artista haitiana Rachelle Scott que dio como fruto una colecci\u00f3n bastante...\" \/>\n<meta name=\"robots\" content=\"index, follow, max-snippet:-1, max-image-preview:large, max-video-preview:-1\" \/>\n<link rel=\"canonical\" href=\"https:\/\/rosariodearmenteras.com\/en\/amaru\/\" \/>\n<meta property=\"og:locale\" content=\"en_US\" \/>\n<meta property=\"og:type\" content=\"article\" \/>\n<meta property=\"og:title\" content=\"Amar\u00fa - Primavera Vera 2024 - Rosario de Armenteras\" \/>\n<meta property=\"og:description\" content=\"Esta colecci\u00f3n surgi\u00f3 de una sinergia enriquecedora con la artista haitiana Rachelle Scott que dio como fruto una colecci\u00f3n bastante...\" \/>\n<meta property=\"og:url\" content=\"https:\/\/rosariodearmenteras.com\/en\/amaru\/\" \/>\n<meta property=\"og:site_name\" content=\"Dise\u00f1adora de modas en Marbella\" \/>\n<meta property=\"article:publisher\" content=\"https:\/\/www.facebook.com\/rosariodearmenteras\/about\/?ref=page_internal&amp;locale=es_LA&amp;_rdr\" \/>\n<meta property=\"article:modified_time\" content=\"2025-04-03T21:10:42+00:00\" \/>\n<meta property=\"og:image\" content=\"https:\/\/rosariodearmenteras.com\/wp-content\/uploads\/2025\/03\/amaru-look-1.jpg\" \/>\n<meta name=\"twitter:card\" content=\"summary_large_image\" \/>\n<meta name=\"twitter:label1\" content=\"Est. reading time\" \/>\n\t<meta name=\"twitter:data1\" content=\"3 minutes\" \/>\n<script type=\"application\/ld+json\" class=\"yoast-schema-graph\">{\"@context\":\"https:\/\/schema.org\",\"@graph\":[{\"@type\":\"WebPage\",\"@id\":\"https:\/\/rosariodearmenteras.com\/amaru\/\",\"url\":\"https:\/\/rosariodearmenteras.com\/amaru\/\",\"name\":\"Amar\u00fa - Primavera Vera 2024 - Rosario de Armenteras\",\"isPartOf\":{\"@id\":\"https:\/\/rosariodearmenteras.com\/#website\"},\"primaryImageOfPage\":{\"@id\":\"https:\/\/rosariodearmenteras.com\/amaru\/#primaryimage\"},\"image\":{\"@id\":\"https:\/\/rosariodearmenteras.com\/amaru\/#primaryimage\"},\"thumbnailUrl\":\"https:\/\/rosariodearmenteras.com\/wp-content\/uploads\/2025\/03\/amaru-look-1.jpg\",\"datePublished\":\"2025-03-21T20:19:39+00:00\",\"dateModified\":\"2025-04-03T21:10:42+00:00\",\"description\":\"Esta colecci\u00f3n surgi\u00f3 de una sinergia enriquecedora con la artista haitiana Rachelle Scott que dio como fruto una colecci\u00f3n bastante...\",\"breadcrumb\":{\"@id\":\"https:\/\/rosariodearmenteras.com\/amaru\/#breadcrumb\"},\"inLanguage\":\"en-US\",\"potentialAction\":[{\"@type\":\"ReadAction\",\"target\":[\"https:\/\/rosariodearmenteras.com\/amaru\/\"]}]},{\"@type\":\"ImageObject\",\"inLanguage\":\"en-US\",\"@id\":\"https:\/\/rosariodearmenteras.com\/amaru\/#primaryimage\",\"url\":\"https:\/\/rosariodearmenteras.com\/wp-content\/uploads\/2025\/03\/amaru-look-1.jpg\",\"contentUrl\":\"https:\/\/rosariodearmenteras.com\/wp-content\/uploads\/2025\/03\/amaru-look-1.jpg\"},{\"@type\":\"BreadcrumbList\",\"@id\":\"https:\/\/rosariodearmenteras.com\/amaru\/#breadcrumb\",\"itemListElement\":[{\"@type\":\"ListItem\",\"position\":1,\"name\":\"Portada\",\"item\":\"https:\/\/rosariodearmenteras.com\/\"},{\"@type\":\"ListItem\",\"position\":2,\"name\":\"Amar\u00fa\"}]},{\"@type\":\"WebSite\",\"@id\":\"https:\/\/rosariodearmenteras.com\/#website\",\"url\":\"https:\/\/rosariodearmenteras.com\/\",\"name\":\"Dise\u00f1adora de modas en Marbella\",\"description\":\"\",\"publisher\":{\"@id\":\"https:\/\/rosariodearmenteras.com\/#organization\"},\"potentialAction\":[{\"@type\":\"SearchAction\",\"target\":{\"@type\":\"EntryPoint\",\"urlTemplate\":\"https:\/\/rosariodearmenteras.com\/?s={search_term_string}\"},\"query-input\":{\"@type\":\"PropertyValueSpecification\",\"valueRequired\":true,\"valueName\":\"search_term_string\"}}],\"inLanguage\":\"en-US\"},{\"@type\":\"Organization\",\"@id\":\"https:\/\/rosariodearmenteras.com\/#organization\",\"name\":\"Dise\u00f1adora de modas en Marbella\",\"url\":\"https:\/\/rosariodearmenteras.com\/\",\"logo\":{\"@type\":\"ImageObject\",\"inLanguage\":\"en-US\",\"@id\":\"https:\/\/rosariodearmenteras.com\/#\/schema\/logo\/image\/\",\"url\":\"https:\/\/rosariodearmenteras.com\/wp-content\/uploads\/2025\/02\/rosario-armenteras-logo-transparente.png\",\"contentUrl\":\"https:\/\/rosariodearmenteras.com\/wp-content\/uploads\/2025\/02\/rosario-armenteras-logo-transparente.png\",\"width\":654,\"height\":185,\"caption\":\"Dise\u00f1adora de modas en Marbella\"},\"image\":{\"@id\":\"https:\/\/rosariodearmenteras.com\/#\/schema\/logo\/image\/\"},\"sameAs\":[\"https:\/\/www.facebook.com\/rosariodearmenteras\/about\/?ref=page_internal&locale=es_LA&_rdr\",\"https:\/\/www.instagram.com\/rosariodearmenteras\/\"]}]}<\/script>\n<!-- \/ Yoast SEO plugin. -->","yoast_head_json":{"title":"Amar\u00fa - Primavera Vera 2024 - Rosario de Armenteras","description":"Esta colecci\u00f3n surgi\u00f3 de una sinergia enriquecedora con la artista haitiana Rachelle Scott que dio como fruto una colecci\u00f3n bastante...","robots":{"index":"index","follow":"follow","max-snippet":"max-snippet:-1","max-image-preview":"max-image-preview:large","max-video-preview":"max-video-preview:-1"},"canonical":"https:\/\/rosariodearmenteras.com\/en\/amaru\/","og_locale":"en_US","og_type":"article","og_title":"Amar\u00fa - Primavera Vera 2024 - Rosario de Armenteras","og_description":"Esta colecci\u00f3n surgi\u00f3 de una sinergia enriquecedora con la artista haitiana Rachelle Scott que dio como fruto una colecci\u00f3n bastante...","og_url":"https:\/\/rosariodearmenteras.com\/en\/amaru\/","og_site_name":"Dise\u00f1adora de modas en Marbella","article_publisher":"https:\/\/www.facebook.com\/rosariodearmenteras\/about\/?ref=page_internal&locale=es_LA&_rdr","article_modified_time":"2025-04-03T21:10:42+00:00","og_image":[{"url":"https:\/\/rosariodearmenteras.com\/wp-content\/uploads\/2025\/03\/amaru-look-1.jpg","type":"","width":"","height":""}],"twitter_card":"summary_large_image","twitter_misc":{"Est. reading time":"3 minutes"},"schema":{"@context":"https:\/\/schema.org","@graph":[{"@type":"WebPage","@id":"https:\/\/rosariodearmenteras.com\/amaru\/","url":"https:\/\/rosariodearmenteras.com\/amaru\/","name":"Amar\u00fa - Primavera Vera 2024 - Rosario de Armenteras","isPartOf":{"@id":"https:\/\/rosariodearmenteras.com\/#website"},"primaryImageOfPage":{"@id":"https:\/\/rosariodearmenteras.com\/amaru\/#primaryimage"},"image":{"@id":"https:\/\/rosariodearmenteras.com\/amaru\/#primaryimage"},"thumbnailUrl":"https:\/\/rosariodearmenteras.com\/wp-content\/uploads\/2025\/03\/amaru-look-1.jpg","datePublished":"2025-03-21T20:19:39+00:00","dateModified":"2025-04-03T21:10:42+00:00","description":"Esta colecci\u00f3n surgi\u00f3 de una sinergia enriquecedora con la artista haitiana Rachelle Scott que dio como fruto una colecci\u00f3n bastante...","breadcrumb":{"@id":"https:\/\/rosariodearmenteras.com\/amaru\/#breadcrumb"},"inLanguage":"en-US","potentialAction":[{"@type":"ReadAction","target":["https:\/\/rosariodearmenteras.com\/amaru\/"]}]},{"@type":"ImageObject","inLanguage":"en-US","@id":"https:\/\/rosariodearmenteras.com\/amaru\/#primaryimage","url":"https:\/\/rosariodearmenteras.com\/wp-content\/uploads\/2025\/03\/amaru-look-1.jpg","contentUrl":"https:\/\/rosariodearmenteras.com\/wp-content\/uploads\/2025\/03\/amaru-look-1.jpg"},{"@type":"BreadcrumbList","@id":"https:\/\/rosariodearmenteras.com\/amaru\/#breadcrumb","itemListElement":[{"@type":"ListItem","position":1,"name":"Portada","item":"https:\/\/rosariodearmenteras.com\/"},{"@type":"ListItem","position":2,"name":"Amar\u00fa"}]},{"@type":"WebSite","@id":"https:\/\/rosariodearmenteras.com\/#website","url":"https:\/\/rosariodearmenteras.com\/","name":"Dise\u00f1adora de modas en Marbella","description":"","publisher":{"@id":"https:\/\/rosariodearmenteras.com\/#organization"},"potentialAction":[{"@type":"SearchAction","target":{"@type":"EntryPoint","urlTemplate":"https:\/\/rosariodearmenteras.com\/?s={search_term_string}"},"query-input":{"@type":"PropertyValueSpecification","valueRequired":true,"valueName":"search_term_string"}}],"inLanguage":"en-US"},{"@type":"Organization","@id":"https:\/\/rosariodearmenteras.com\/#organization","name":"Dise\u00f1adora de modas en Marbella","url":"https:\/\/rosariodearmenteras.com\/","logo":{"@type":"ImageObject","inLanguage":"en-US","@id":"https:\/\/rosariodearmenteras.com\/#\/schema\/logo\/image\/","url":"https:\/\/rosariodearmenteras.com\/wp-content\/uploads\/2025\/02\/rosario-armenteras-logo-transparente.png","contentUrl":"https:\/\/rosariodearmenteras.com\/wp-content\/uploads\/2025\/02\/rosario-armenteras-logo-transparente.png","width":654,"height":185,"caption":"Dise\u00f1adora de modas en Marbella"},"image":{"@id":"https:\/\/rosariodearmenteras.com\/#\/schema\/logo\/image\/"},"sameAs":["https:\/\/www.facebook.com\/rosariodearmenteras\/about\/?ref=page_internal&locale=es_LA&_rdr","https:\/\/www.instagram.com\/rosariodearmenteras\/"]}]}},"_links":{"self":[{"href":"https:\/\/rosariodearmenteras.com\/en\/wp-json\/wp\/v2\/pages\/2611","targetHints":{"allow":["GET"]}}],"collection":[{"href":"https:\/\/rosariodearmenteras.com\/en\/wp-json\/wp\/v2\/pages"}],"about":[{"href":"https:\/\/rosariodearmenteras.com\/en\/wp-json\/wp\/v2\/types\/page"}],"author":[{"embeddable":true,"href":"https:\/\/rosariodearmenteras.com\/en\/wp-json\/wp\/v2\/users\/2"}],"replies":[{"embeddable":true,"href":"https:\/\/rosariodearmenteras.com\/en\/wp-json\/wp\/v2\/comments?post=2611"}],"version-history":[{"count":73,"href":"https:\/\/rosariodearmenteras.com\/en\/wp-json\/wp\/v2\/pages\/2611\/revisions"}],"predecessor-version":[{"id":4856,"href":"https:\/\/rosariodearmenteras.com\/en\/wp-json\/wp\/v2\/pages\/2611\/revisions\/4856"}],"wp:attachment":[{"href":"https:\/\/rosariodearmenteras.com\/en\/wp-json\/wp\/v2\/media?parent=2611"}],"curies":[{"name":"wp","href":"https:\/\/api.w.org\/{rel}","templated":true}]}}