{"id":3,"date":"2023-10-11T23:56:54","date_gmt":"2023-10-11T21:56:54","guid":{"rendered":"https:\/\/rosario.mathe.pe\/?page_id=3"},"modified":"2025-03-28T02:53:23","modified_gmt":"2025-03-28T01:53:23","slug":"politica-privacidad","status":"publish","type":"page","link":"https:\/\/rosariodearmenteras.com\/en\/politica-privacidad\/","title":{"rendered":"Pol\u00edtica de privacidad"},"content":{"rendered":"<p>\u00daltima actualizaci\u00f3n: 27 de Marzo de 2025<\/p>\n\n\n\n<p>Bienvenido a <strong>rosariodearmenteras.com<\/strong>. Nos comprometemos a proteger tu privacidad y garantizar el uso seguro de tu informaci\u00f3n personal.<\/p>\n\n\n\n<p><strong>1. Informaci\u00f3n Recopilada<\/strong><br>Podemos recopilar datos personales como nombre, correo electr\u00f3nico y cualquier informaci\u00f3n proporcionada a trav\u00e9s de formularios de contacto.<\/p>\n\n\n\n<p><strong>2. Uso de la Informaci\u00f3n<\/strong><br>Utilizamos tus datos \u00fanicamente para responder consultas y mejorar nuestros servicios. No compartimos tu informaci\u00f3n con terceros sin tu consentimiento, salvo obligaci\u00f3n legal.<\/p>\n\n\n\n<p><strong>3. Cookies<\/strong><br>Este sitio utiliza cookies para mejorar la experiencia del usuario. Puedes administrar o desactivar las cookies desde la configuraci\u00f3n de tu navegador.<\/p>\n\n\n\n<p><strong>4. Seguridad<\/strong><br>Tomamos medidas para proteger tu informaci\u00f3n, pero no podemos garantizar seguridad absoluta en internet.<\/p>\n\n\n\n<p><strong>5. Derechos del Usuario<\/strong><br>Tienes derecho a acceder, modificar o eliminar tus datos personales envi\u00e1ndonos una solicitud a [correo electr\u00f3nico de contacto].<\/p>\n\n\n\n<p><strong>6. Contacto<\/strong><br>Para cualquier consulta sobre esta pol\u00edtica, cont\u00e1ctanos en [correo electr\u00f3nico de contacto].<\/p>\n\n\n\n<p>Nos reservamos el derecho de modificar esta pol\u00edtica en cualquier momento. Se recomienda revisarla peri\u00f3dicamente.<\/p>","protected":false},"excerpt":{"rendered":"<p>\u00daltima actualizaci\u00f3n: 27 de Marzo de 2025 Bienvenido a rosariodearmenteras.com. Nos comprometemos a proteger tu privacidad y garantizar el uso seguro de tu informaci\u00f3n personal. 1. Informaci\u00f3n RecopiladaPodemos recopilar datos personales como nombre, correo electr\u00f3nico y cualquier informaci\u00f3n proporcionada a trav\u00e9s de formularios de contacto. 2. Uso de la Informaci\u00f3nUtilizamos tus datos \u00fanicamente para responder [&hellip;]<\/p>","protected":false},"author":1,"featured_media":0,"parent":0,"menu_order":0,"comment_status":"closed","ping_status":"open","template":"","meta":{"footnotes":""},"class_list":["post-3","page","type-page","status-publish","hentry"],"yoast_head":"<!-- This site is optimized with the Yoast SEO plugin v25.5 - https:\/\/yoast.com\/wordpress\/plugins\/seo\/ -->\n<title>Pol\u00edtica de privacidad<\/title>\n<meta name=\"description\" content=\"Bienvenido a rosariodearmenteras.com. Nos comprometemos a proteger tu privacidad y garantizar el uso seguro de tu informaci\u00f3n personal.\" \/>\n<meta name=\"robots\" content=\"noindex, nofollow\" \/>\n<meta property=\"og:locale\" content=\"en_US\" \/>\n<meta property=\"og:type\" content=\"article\" \/>\n<meta property=\"og:title\" content=\"Pol\u00edtica de privacidad\" \/>\n<meta property=\"og:description\" content=\"Bienvenido a rosariodearmenteras.com. Nos comprometemos a proteger tu privacidad y garantizar el uso seguro de tu informaci\u00f3n personal.\" \/>\n<meta property=\"og:url\" content=\"https:\/\/rosariodearmenteras.com\/en\/politica-privacidad\/\" \/>\n<meta property=\"og:site_name\" content=\"Dise\u00f1adora de modas en Marbella\" \/>\n<meta property=\"article:publisher\" content=\"https:\/\/www.facebook.com\/rosariodearmenteras\/about\/?ref=page_internal&amp;locale=es_LA&amp;_rdr\" \/>\n<meta property=\"article:modified_time\" content=\"2025-03-28T01:53:23+00:00\" \/>\n<meta name=\"twitter:card\" content=\"summary_large_image\" \/>\n<meta name=\"twitter:label1\" content=\"Est. reading time\" \/>\n\t<meta name=\"twitter:data1\" content=\"1 minute\" \/>\n<script type=\"application\/ld+json\" class=\"yoast-schema-graph\">{\"@context\":\"https:\/\/schema.org\",\"@graph\":[{\"@type\":\"WebPage\",\"@id\":\"https:\/\/rosariodearmenteras.com\/politica-privacidad\/\",\"url\":\"https:\/\/rosariodearmenteras.com\/politica-privacidad\/\",\"name\":\"Pol\u00edtica de privacidad\",\"isPartOf\":{\"@id\":\"https:\/\/rosariodearmenteras.com\/#website\"},\"datePublished\":\"2023-10-11T21:56:54+00:00\",\"dateModified\":\"2025-03-28T01:53:23+00:00\",\"description\":\"Bienvenido a rosariodearmenteras.com. Nos comprometemos a proteger tu privacidad y garantizar el uso seguro de tu informaci\u00f3n personal.\",\"breadcrumb\":{\"@id\":\"https:\/\/rosariodearmenteras.com\/politica-privacidad\/#breadcrumb\"},\"inLanguage\":\"en-US\",\"potentialAction\":[{\"@type\":\"ReadAction\",\"target\":[\"https:\/\/rosariodearmenteras.com\/politica-privacidad\/\"]}]},{\"@type\":\"BreadcrumbList\",\"@id\":\"https:\/\/rosariodearmenteras.com\/politica-privacidad\/#breadcrumb\",\"itemListElement\":[{\"@type\":\"ListItem\",\"position\":1,\"name\":\"Portada\",\"item\":\"https:\/\/rosariodearmenteras.com\/\"},{\"@type\":\"ListItem\",\"position\":2,\"name\":\"Pol\u00edtica de privacidad\"}]},{\"@type\":\"WebSite\",\"@id\":\"https:\/\/rosariodearmenteras.com\/#website\",\"url\":\"https:\/\/rosariodearmenteras.com\/\",\"name\":\"Dise\u00f1adora de modas en Marbella\",\"description\":\"\",\"publisher\":{\"@id\":\"https:\/\/rosariodearmenteras.com\/#organization\"},\"potentialAction\":[{\"@type\":\"SearchAction\",\"target\":{\"@type\":\"EntryPoint\",\"urlTemplate\":\"https:\/\/rosariodearmenteras.com\/?s={search_term_string}\"},\"query-input\":{\"@type\":\"PropertyValueSpecification\",\"valueRequired\":true,\"valueName\":\"search_term_string\"}}],\"inLanguage\":\"en-US\"},{\"@type\":\"Organization\",\"@id\":\"https:\/\/rosariodearmenteras.com\/#organization\",\"name\":\"Dise\u00f1adora de modas en Marbella\",\"url\":\"https:\/\/rosariodearmenteras.com\/\",\"logo\":{\"@type\":\"ImageObject\",\"inLanguage\":\"en-US\",\"@id\":\"https:\/\/rosariodearmenteras.com\/#\/schema\/logo\/image\/\",\"url\":\"https:\/\/rosariodearmenteras.com\/wp-content\/uploads\/2025\/02\/rosario-armenteras-logo-transparente.png\",\"contentUrl\":\"https:\/\/rosariodearmenteras.com\/wp-content\/uploads\/2025\/02\/rosario-armenteras-logo-transparente.png\",\"width\":654,\"height\":185,\"caption\":\"Dise\u00f1adora de modas en Marbella\"},\"image\":{\"@id\":\"https:\/\/rosariodearmenteras.com\/#\/schema\/logo\/image\/\"},\"sameAs\":[\"https:\/\/www.facebook.com\/rosariodearmenteras\/about\/?ref=page_internal&locale=es_LA&_rdr\",\"https:\/\/www.instagram.com\/rosariodearmenteras\/\"]}]}<\/script>\n<!-- \/ Yoast SEO plugin. -->","yoast_head_json":{"title":"Pol\u00edtica de privacidad","description":"Bienvenido a rosariodearmenteras.com. Nos comprometemos a proteger tu privacidad y garantizar el uso seguro de tu informaci\u00f3n personal.","robots":{"index":"noindex","follow":"nofollow"},"og_locale":"en_US","og_type":"article","og_title":"Pol\u00edtica de privacidad","og_description":"Bienvenido a rosariodearmenteras.com. Nos comprometemos a proteger tu privacidad y garantizar el uso seguro de tu informaci\u00f3n personal.","og_url":"https:\/\/rosariodearmenteras.com\/en\/politica-privacidad\/","og_site_name":"Dise\u00f1adora de modas en Marbella","article_publisher":"https:\/\/www.facebook.com\/rosariodearmenteras\/about\/?ref=page_internal&locale=es_LA&_rdr","article_modified_time":"2025-03-28T01:53:23+00:00","twitter_card":"summary_large_image","twitter_misc":{"Est. reading time":"1 minute"},"schema":{"@context":"https:\/\/schema.org","@graph":[{"@type":"WebPage","@id":"https:\/\/rosariodearmenteras.com\/politica-privacidad\/","url":"https:\/\/rosariodearmenteras.com\/politica-privacidad\/","name":"Pol\u00edtica de privacidad","isPartOf":{"@id":"https:\/\/rosariodearmenteras.com\/#website"},"datePublished":"2023-10-11T21:56:54+00:00","dateModified":"2025-03-28T01:53:23+00:00","description":"Bienvenido a rosariodearmenteras.com. Nos comprometemos a proteger tu privacidad y garantizar el uso seguro de tu informaci\u00f3n personal.","breadcrumb":{"@id":"https:\/\/rosariodearmenteras.com\/politica-privacidad\/#breadcrumb"},"inLanguage":"en-US","potentialAction":[{"@type":"ReadAction","target":["https:\/\/rosariodearmenteras.com\/politica-privacidad\/"]}]},{"@type":"BreadcrumbList","@id":"https:\/\/rosariodearmenteras.com\/politica-privacidad\/#breadcrumb","itemListElement":[{"@type":"ListItem","position":1,"name":"Portada","item":"https:\/\/rosariodearmenteras.com\/"},{"@type":"ListItem","position":2,"name":"Pol\u00edtica de privacidad"}]},{"@type":"WebSite","@id":"https:\/\/rosariodearmenteras.com\/#website","url":"https:\/\/rosariodearmenteras.com\/","name":"Dise\u00f1adora de modas en Marbella","description":"","publisher":{"@id":"https:\/\/rosariodearmenteras.com\/#organization"},"potentialAction":[{"@type":"SearchAction","target":{"@type":"EntryPoint","urlTemplate":"https:\/\/rosariodearmenteras.com\/?s={search_term_string}"},"query-input":{"@type":"PropertyValueSpecification","valueRequired":true,"valueName":"search_term_string"}}],"inLanguage":"en-US"},{"@type":"Organization","@id":"https:\/\/rosariodearmenteras.com\/#organization","name":"Dise\u00f1adora de modas en Marbella","url":"https:\/\/rosariodearmenteras.com\/","logo":{"@type":"ImageObject","inLanguage":"en-US","@id":"https:\/\/rosariodearmenteras.com\/#\/schema\/logo\/image\/","url":"https:\/\/rosariodearmenteras.com\/wp-content\/uploads\/2025\/02\/rosario-armenteras-logo-transparente.png","contentUrl":"https:\/\/rosariodearmenteras.com\/wp-content\/uploads\/2025\/02\/rosario-armenteras-logo-transparente.png","width":654,"height":185,"caption":"Dise\u00f1adora de modas en Marbella"},"image":{"@id":"https:\/\/rosariodearmenteras.com\/#\/schema\/logo\/image\/"},"sameAs":["https:\/\/www.facebook.com\/rosariodearmenteras\/about\/?ref=page_internal&locale=es_LA&_rdr","https:\/\/www.instagram.com\/rosariodearmenteras\/"]}]}},"_links":{"self":[{"href":"https:\/\/rosariodearmenteras.com\/en\/wp-json\/wp\/v2\/pages\/3","targetHints":{"allow":["GET"]}}],"collection":[{"href":"https:\/\/rosariodearmenteras.com\/en\/wp-json\/wp\/v2\/pages"}],"about":[{"href":"https:\/\/rosariodearmenteras.com\/en\/wp-json\/wp\/v2\/types\/page"}],"author":[{"embeddable":true,"href":"https:\/\/rosariodearmenteras.com\/en\/wp-json\/wp\/v2\/users\/1"}],"replies":[{"embeddable":true,"href":"https:\/\/rosariodearmenteras.com\/en\/wp-json\/wp\/v2\/comments?post=3"}],"version-history":[{"count":2,"href":"https:\/\/rosariodearmenteras.com\/en\/wp-json\/wp\/v2\/pages\/3\/revisions"}],"predecessor-version":[{"id":2962,"href":"https:\/\/rosariodearmenteras.com\/en\/wp-json\/wp\/v2\/pages\/3\/revisions\/2962"}],"wp:attachment":[{"href":"https:\/\/rosariodearmenteras.com\/en\/wp-json\/wp\/v2\/media?parent=3"}],"curies":[{"name":"wp","href":"https:\/\/api.w.org\/{rel}","templated":true}]}}