{"id":79,"date":"2023-10-23T04:19:45","date_gmt":"2023-10-23T02:19:45","guid":{"rendered":"https:\/\/rosario.mathe.pe\/?page_id=79"},"modified":"2025-04-03T13:27:02","modified_gmt":"2025-04-03T11:27:02","slug":"about","status":"publish","type":"page","link":"https:\/\/rosariodearmenteras.com\/en\/about\/","title":{"rendered":"About"},"content":{"rendered":"<div data-elementor-type=\"wp-page\" data-elementor-id=\"79\" class=\"elementor elementor-79\" data-elementor-post-type=\"page\">\n\t\t\t\t<div class=\"elementor-element elementor-element-38f2073b e-con-full elementor-hidden-tablet elementor-hidden-mobile e-flex e-con e-parent\" data-id=\"38f2073b\" data-element_type=\"container\" data-settings=\"{&quot;background_background&quot;:&quot;classic&quot;}\">\n\t\t\t\t<\/div>\n\t\t<div class=\"elementor-element elementor-element-8f59aed e-flex e-con-boxed e-con e-parent\" data-id=\"8f59aed\" data-element_type=\"container\">\n\t\t\t\t\t<div class=\"e-con-inner\">\n\t\t\t\t<div class=\"elementor-element elementor-element-6fa6977 elementor-widget elementor-widget-heading\" data-id=\"6fa6977\" data-element_type=\"widget\" data-widget_type=\"heading.default\">\n\t\t\t\t<div class=\"elementor-widget-container\">\n\t\t\t\t\t<h1 class=\"elementor-heading-title elementor-size-default\">ABOUT<\/h1>\t\t\t\t<\/div>\n\t\t\t\t<\/div>\n\t\t\t\t<div class=\"elementor-element elementor-element-c569855 elementor-widget elementor-widget-heading\" data-id=\"c569855\" data-element_type=\"widget\" data-widget_type=\"heading.default\">\n\t\t\t\t<div class=\"elementor-widget-container\">\n\t\t\t\t\t<h2 class=\"elementor-heading-title elementor-size-default\">\"La moda es arte, es una b\u00fasqueda de identidad, de perfecci\u00f3n, de belleza\"<\/h2>\t\t\t\t<\/div>\n\t\t\t\t<\/div>\n\t\t\t\t\t<\/div>\n\t\t\t\t<\/div>\n\t\t<div class=\"elementor-element elementor-element-f2da2dd e-flex e-con-boxed e-con e-parent\" data-id=\"f2da2dd\" data-element_type=\"container\">\n\t\t\t\t\t<div class=\"e-con-inner\">\n\t\t\t\t<div class=\"elementor-element elementor-element-44e3b4b elementor-widget elementor-widget-heading\" data-id=\"44e3b4b\" data-element_type=\"widget\" data-widget_type=\"heading.default\">\n\t\t\t\t<div class=\"elementor-widget-container\">\n\t\t\t\t\t<h2 class=\"elementor-heading-title elementor-size-default\">Fundadora<\/h2>\t\t\t\t<\/div>\n\t\t\t\t<\/div>\n\t\t\t\t\t<\/div>\n\t\t\t\t<\/div>\n\t\t<div class=\"elementor-element elementor-element-1a1ac56 e-flex e-con-boxed e-con e-parent\" data-id=\"1a1ac56\" data-element_type=\"container\">\n\t\t\t\t\t<div class=\"e-con-inner\">\n\t\t<div class=\"elementor-element elementor-element-0ba9a95 e-con-full e-flex e-con e-child\" data-id=\"0ba9a95\" data-element_type=\"container\">\n\t\t\t\t<div class=\"elementor-element elementor-element-8a2d9a4 elementor-widget elementor-widget-text-editor\" data-id=\"8a2d9a4\" data-element_type=\"widget\" data-widget_type=\"text-editor.default\">\n\t\t\t\t<div class=\"elementor-widget-container\">\n\t\t\t\t\t\t\t\t\t<p><strong>Rosario De Armenteras<\/strong> es una reconocida dise\u00f1adora de alta costura con trayectoria internacional, destacando por su dominio de t\u00e9cnicas artesanales y su visi\u00f3n \u00fanica de la moda. Su boutique en Puerto Ban\u00fas, Marbella, se ha convertido en un referente de lujo, ofreciendo prendas exclusivas que fusionan sofisticaci\u00f3n, arte y dise\u00f1o personalizado.<\/p>\t\t\t\t\t\t\t\t<\/div>\n\t\t\t\t<\/div>\n\t\t\t\t<\/div>\n\t\t<div class=\"elementor-element elementor-element-a1a99d6 e-con-full e-flex e-con e-child\" data-id=\"a1a99d6\" data-element_type=\"container\">\n\t\t\t\t<div class=\"elementor-element elementor-element-ec3c77a elementor-widget elementor-widget-image\" data-id=\"ec3c77a\" data-element_type=\"widget\" data-widget_type=\"image.default\">\n\t\t\t\t<div class=\"elementor-widget-container\">\n\t\t\t\t\t\t\t\t\t\t\t\t\t\t\t<img fetchpriority=\"high\" decoding=\"async\" width=\"768\" height=\"740\" src=\"https:\/\/rosariodearmenteras.com\/wp-content\/uploads\/2025\/03\/vestidos-confeccionados-768x740.jpg\" class=\"attachment-medium_large size-medium_large wp-image-1886\" alt=\"vestidos confeccionados rosario armenteras\" srcset=\"https:\/\/rosariodearmenteras.com\/wp-content\/uploads\/2025\/03\/vestidos-confeccionados-768x740.jpg 768w, https:\/\/rosariodearmenteras.com\/wp-content\/uploads\/2025\/03\/vestidos-confeccionados-300x289.jpg 300w, https:\/\/rosariodearmenteras.com\/wp-content\/uploads\/2025\/03\/vestidos-confeccionados.jpg 794w\" sizes=\"(max-width: 768px) 100vw, 768px\" \/>\t\t\t\t\t\t\t\t\t\t\t\t\t\t\t<\/div>\n\t\t\t\t<\/div>\n\t\t\t\t<\/div>\n\t\t\t\t\t<\/div>\n\t\t\t\t<\/div>\n\t\t<div class=\"elementor-element elementor-element-91ade8b e-flex e-con-boxed e-con e-parent\" data-id=\"91ade8b\" data-element_type=\"container\">\n\t\t\t\t\t<div class=\"e-con-inner\">\n\t\t\t\t<div class=\"elementor-element elementor-element-422a8cc elementor-widget elementor-widget-image\" data-id=\"422a8cc\" data-element_type=\"widget\" data-widget_type=\"image.default\">\n\t\t\t\t<div class=\"elementor-widget-container\">\n\t\t\t\t\t\t\t\t\t\t\t\t\t\t\t<img decoding=\"async\" width=\"654\" height=\"185\" src=\"https:\/\/rosariodearmenteras.com\/wp-content\/uploads\/2025\/02\/rosario-armenteras-logo-transparente.png\" class=\"attachment-large size-large wp-image-1088\" alt=\"dise\u00f1adora de modas marbella rosario de armenteras\" srcset=\"https:\/\/rosariodearmenteras.com\/wp-content\/uploads\/2025\/02\/rosario-armenteras-logo-transparente.png 654w, https:\/\/rosariodearmenteras.com\/wp-content\/uploads\/2025\/02\/rosario-armenteras-logo-transparente-300x85.png 300w\" sizes=\"(max-width: 654px) 100vw, 654px\" \/>\t\t\t\t\t\t\t\t\t\t\t\t\t\t\t<\/div>\n\t\t\t\t<\/div>\n\t\t\t\t<div class=\"elementor-element elementor-element-eb12498 elementor-widget elementor-widget-text-editor\" data-id=\"eb12498\" data-element_type=\"widget\" data-widget_type=\"text-editor.default\">\n\t\t\t\t<div class=\"elementor-widget-container\">\n\t\t\t\t\t\t\t\t\t<p>Formada en la prestigiosa Escuela de <strong>Altos Estudios de la Moda<\/strong> \u00ab<strong>EUROMODA<\/strong>\u00bb en <strong>Florencia, Italia<\/strong>, Rosario ha desarrollado un estilo inconfundible, donde cada pieza es concebida como una escultura textil. Sus dise\u00f1os no siguen tendencias, sino que se crean en funci\u00f3n de la esencia y fisionom\u00eda de cada mujer, garantizando un ajuste impecable y una elegancia atemporal. Su experiencia la ha llevado a trabajar con clientes exclusivos en destinos de moda de alto nivel como Miami y Houston, donde vendi\u00f3 sus colecciones en las prestigiosas tiendas Nordstrom, O compartiendo espacio con reconocidos dise\u00f1adores de alta costura.<\/p>\t\t\t\t\t\t\t\t<\/div>\n\t\t\t\t<\/div>\n\t\t\t\t\t<\/div>\n\t\t\t\t<\/div>\n\t\t<div class=\"elementor-element elementor-element-c1234ae e-flex e-con-boxed e-con e-parent\" data-id=\"c1234ae\" data-element_type=\"container\">\n\t\t\t\t\t<div class=\"e-con-inner\">\n\t\t<div class=\"elementor-element elementor-element-75a8b09 e-con-full e-flex e-con e-child\" data-id=\"75a8b09\" data-element_type=\"container\">\n\t\t\t\t<div class=\"elementor-element elementor-element-0d5261d elementor-widget elementor-widget-image\" data-id=\"0d5261d\" data-element_type=\"widget\" data-widget_type=\"image.default\">\n\t\t\t\t<div class=\"elementor-widget-container\">\n\t\t\t\t\t\t\t\t\t\t\t\t\t\t\t<img decoding=\"async\" width=\"768\" height=\"1024\" src=\"https:\/\/rosariodearmenteras.com\/wp-content\/uploads\/2025\/03\/boutique-rosario-armenteras-marbella-1-768x1024.jpg\" class=\"attachment-medium_large size-medium_large wp-image-2105\" alt=\"boutique rosario-armenteras marbella\" srcset=\"https:\/\/rosariodearmenteras.com\/wp-content\/uploads\/2025\/03\/boutique-rosario-armenteras-marbella-1-768x1024.jpg 768w, https:\/\/rosariodearmenteras.com\/wp-content\/uploads\/2025\/03\/boutique-rosario-armenteras-marbella-1-225x300.jpg 225w, https:\/\/rosariodearmenteras.com\/wp-content\/uploads\/2025\/03\/boutique-rosario-armenteras-marbella-1-1152x1536.jpg 1152w, https:\/\/rosariodearmenteras.com\/wp-content\/uploads\/2025\/03\/boutique-rosario-armenteras-marbella-1.jpg 1500w\" sizes=\"(max-width: 768px) 100vw, 768px\" \/>\t\t\t\t\t\t\t\t\t\t\t\t\t\t\t<\/div>\n\t\t\t\t<\/div>\n\t\t\t\t<\/div>\n\t\t<div class=\"elementor-element elementor-element-520b0fc e-con-full e-flex e-con e-child\" data-id=\"520b0fc\" data-element_type=\"container\">\n\t\t\t\t<div class=\"elementor-element elementor-element-a874c3f elementor-widget elementor-widget-text-editor\" data-id=\"a874c3f\" data-element_type=\"widget\" data-widget_type=\"text-editor.default\">\n\t\t\t\t<div class=\"elementor-widget-container\">\n\t\t\t\t\t\t\t\t\t<p>En su atelier, Rosario transforma <strong>materiales nobles<\/strong> como <strong>sedas naturales<\/strong>, <strong>encajes<\/strong>, <strong>gasas<\/strong>, <strong>terciopelos<\/strong> y <strong>alpaca<\/strong>, combin\u00e1ndolos con <strong>bordados a mano<\/strong>, <strong>plisados<\/strong> y <strong>aplicaciones de pedrer\u00eda<\/strong> para crear prendas \u00fanicas. Desde sofisticados vestidos de noche hasta pr\u00eat-\u00e0-porter de lujo, cada dise\u00f1o refleja su meticulosa atenci\u00f3n al detalle y la exclusividad de su firma. <strong>Marbella<\/strong>, con su esencia cosmopolita y su esp\u00edritu vibrante, ha sido la ciudad elegida por Rosario para establecer su <a href=\"https:\/\/rosariodearmenteras.com\/en\/boutique\/\"><strong>boutique<\/strong><\/a>, un espacio donde el lujo y la moda se fusionan con la <strong>magia del Mediterr\u00e1neo<\/strong>.<\/p><p>Descubre sus creaciones en <strong>Puerto Banus<\/strong>, <strong>Marbella<\/strong>, y sum\u00e9rgete en el universo de la alta costura de <strong>Rosario De Armenteras<\/strong>.<\/p>\t\t\t\t\t\t\t\t<\/div>\n\t\t\t\t<\/div>\n\t\t\t\t<\/div>\n\t\t\t\t\t<\/div>\n\t\t\t\t<\/div>\n\t\t\t\t<\/div>","protected":false},"excerpt":{"rendered":"<p>ACERCA DE \u00abLa moda es arte, es una b\u00fasqueda de identidad, de perfecci\u00f3n, de belleza\u00bb Fundadora Rosario De Armenteras es una reconocida dise\u00f1adora de alta costura con trayectoria internacional, destacando por su dominio de t\u00e9cnicas artesanales y su visi\u00f3n \u00fanica de la moda. Su boutique en Puerto Ban\u00fas, Marbella, se ha convertido en un referente [&hellip;]<\/p>","protected":false},"author":1,"featured_media":1879,"parent":0,"menu_order":0,"comment_status":"closed","ping_status":"closed","template":"","meta":{"footnotes":""},"class_list":["post-79","page","type-page","status-publish","has-post-thumbnail","hentry"],"yoast_head":"<!-- This site is optimized with the Yoast SEO plugin v25.5 - https:\/\/yoast.com\/wordpress\/plugins\/seo\/ -->\n<title>Moda Exclusiva con Estilo Inconfundible<\/title>\n<meta name=\"description\" content=\"Descubre las creaciones de la dise\u00f1adora peruana formada en EUROMODA, Florencia. Prendas exclusivas para resaltar tu figura.\" \/>\n<meta name=\"robots\" content=\"index, follow, max-snippet:-1, max-image-preview:large, max-video-preview:-1\" \/>\n<link rel=\"canonical\" href=\"https:\/\/rosariodearmenteras.com\/en\/about\/\" \/>\n<meta property=\"og:locale\" content=\"en_US\" \/>\n<meta property=\"og:type\" content=\"article\" \/>\n<meta property=\"og:title\" content=\"Moda Exclusiva con Estilo Inconfundible\" \/>\n<meta property=\"og:description\" content=\"Descubre las creaciones de la dise\u00f1adora peruana formada en EUROMODA, Florencia. Prendas exclusivas para resaltar tu figura.\" \/>\n<meta property=\"og:url\" content=\"https:\/\/rosariodearmenteras.com\/en\/about\/\" \/>\n<meta property=\"og:site_name\" content=\"Dise\u00f1adora de modas en Marbella\" \/>\n<meta property=\"article:publisher\" content=\"https:\/\/www.facebook.com\/rosariodearmenteras\/about\/?ref=page_internal&amp;locale=es_LA&amp;_rdr\" \/>\n<meta property=\"article:modified_time\" content=\"2025-04-03T11:27:02+00:00\" \/>\n<meta property=\"og:image\" content=\"https:\/\/rosariodearmenteras.com\/wp-content\/uploads\/2025\/03\/banner-inferior.jpg\" \/>\n\t<meta property=\"og:image:width\" content=\"1348\" \/>\n\t<meta property=\"og:image:height\" content=\"809\" \/>\n\t<meta property=\"og:image:type\" content=\"image\/jpeg\" \/>\n<meta name=\"twitter:card\" content=\"summary_large_image\" \/>\n<meta name=\"twitter:label1\" content=\"Est. reading time\" \/>\n\t<meta name=\"twitter:data1\" content=\"2 minutes\" \/>\n<script type=\"application\/ld+json\" class=\"yoast-schema-graph\">{\"@context\":\"https:\/\/schema.org\",\"@graph\":[{\"@type\":\"WebPage\",\"@id\":\"https:\/\/rosariodearmenteras.com\/about\/\",\"url\":\"https:\/\/rosariodearmenteras.com\/about\/\",\"name\":\"Moda Exclusiva con Estilo Inconfundible\",\"isPartOf\":{\"@id\":\"https:\/\/rosariodearmenteras.com\/#website\"},\"primaryImageOfPage\":{\"@id\":\"https:\/\/rosariodearmenteras.com\/about\/#primaryimage\"},\"image\":{\"@id\":\"https:\/\/rosariodearmenteras.com\/about\/#primaryimage\"},\"thumbnailUrl\":\"https:\/\/rosariodearmenteras.com\/wp-content\/uploads\/2025\/03\/banner-inferior.jpg\",\"datePublished\":\"2023-10-23T02:19:45+00:00\",\"dateModified\":\"2025-04-03T11:27:02+00:00\",\"description\":\"Descubre las creaciones de la dise\u00f1adora peruana formada en EUROMODA, Florencia. Prendas exclusivas para resaltar tu figura.\",\"breadcrumb\":{\"@id\":\"https:\/\/rosariodearmenteras.com\/about\/#breadcrumb\"},\"inLanguage\":\"en-US\",\"potentialAction\":[{\"@type\":\"ReadAction\",\"target\":[\"https:\/\/rosariodearmenteras.com\/about\/\"]}]},{\"@type\":\"ImageObject\",\"inLanguage\":\"en-US\",\"@id\":\"https:\/\/rosariodearmenteras.com\/about\/#primaryimage\",\"url\":\"https:\/\/rosariodearmenteras.com\/wp-content\/uploads\/2025\/03\/banner-inferior.jpg\",\"contentUrl\":\"https:\/\/rosariodearmenteras.com\/wp-content\/uploads\/2025\/03\/banner-inferior.jpg\",\"width\":1348,\"height\":809,\"caption\":\"rosario armenteras fundadora\"},{\"@type\":\"BreadcrumbList\",\"@id\":\"https:\/\/rosariodearmenteras.com\/about\/#breadcrumb\",\"itemListElement\":[{\"@type\":\"ListItem\",\"position\":1,\"name\":\"Portada\",\"item\":\"https:\/\/rosariodearmenteras.com\/\"},{\"@type\":\"ListItem\",\"position\":2,\"name\":\"About\"}]},{\"@type\":\"WebSite\",\"@id\":\"https:\/\/rosariodearmenteras.com\/#website\",\"url\":\"https:\/\/rosariodearmenteras.com\/\",\"name\":\"Dise\u00f1adora de modas en Marbella\",\"description\":\"\",\"publisher\":{\"@id\":\"https:\/\/rosariodearmenteras.com\/#organization\"},\"potentialAction\":[{\"@type\":\"SearchAction\",\"target\":{\"@type\":\"EntryPoint\",\"urlTemplate\":\"https:\/\/rosariodearmenteras.com\/?s={search_term_string}\"},\"query-input\":{\"@type\":\"PropertyValueSpecification\",\"valueRequired\":true,\"valueName\":\"search_term_string\"}}],\"inLanguage\":\"en-US\"},{\"@type\":\"Organization\",\"@id\":\"https:\/\/rosariodearmenteras.com\/#organization\",\"name\":\"Dise\u00f1adora de modas en Marbella\",\"url\":\"https:\/\/rosariodearmenteras.com\/\",\"logo\":{\"@type\":\"ImageObject\",\"inLanguage\":\"en-US\",\"@id\":\"https:\/\/rosariodearmenteras.com\/#\/schema\/logo\/image\/\",\"url\":\"https:\/\/rosariodearmenteras.com\/wp-content\/uploads\/2025\/02\/rosario-armenteras-logo-transparente.png\",\"contentUrl\":\"https:\/\/rosariodearmenteras.com\/wp-content\/uploads\/2025\/02\/rosario-armenteras-logo-transparente.png\",\"width\":654,\"height\":185,\"caption\":\"Dise\u00f1adora de modas en Marbella\"},\"image\":{\"@id\":\"https:\/\/rosariodearmenteras.com\/#\/schema\/logo\/image\/\"},\"sameAs\":[\"https:\/\/www.facebook.com\/rosariodearmenteras\/about\/?ref=page_internal&locale=es_LA&_rdr\",\"https:\/\/www.instagram.com\/rosariodearmenteras\/\"]}]}<\/script>\n<!-- \/ Yoast SEO plugin. -->","yoast_head_json":{"title":"Moda Exclusiva con Estilo Inconfundible","description":"Descubre las creaciones de la dise\u00f1adora peruana formada en EUROMODA, Florencia. Prendas exclusivas para resaltar tu figura.","robots":{"index":"index","follow":"follow","max-snippet":"max-snippet:-1","max-image-preview":"max-image-preview:large","max-video-preview":"max-video-preview:-1"},"canonical":"https:\/\/rosariodearmenteras.com\/en\/about\/","og_locale":"en_US","og_type":"article","og_title":"Moda Exclusiva con Estilo Inconfundible","og_description":"Descubre las creaciones de la dise\u00f1adora peruana formada en EUROMODA, Florencia. Prendas exclusivas para resaltar tu figura.","og_url":"https:\/\/rosariodearmenteras.com\/en\/about\/","og_site_name":"Dise\u00f1adora de modas en Marbella","article_publisher":"https:\/\/www.facebook.com\/rosariodearmenteras\/about\/?ref=page_internal&locale=es_LA&_rdr","article_modified_time":"2025-04-03T11:27:02+00:00","og_image":[{"width":1348,"height":809,"url":"https:\/\/rosariodearmenteras.com\/wp-content\/uploads\/2025\/03\/banner-inferior.jpg","type":"image\/jpeg"}],"twitter_card":"summary_large_image","twitter_misc":{"Est. reading time":"2 minutes"},"schema":{"@context":"https:\/\/schema.org","@graph":[{"@type":"WebPage","@id":"https:\/\/rosariodearmenteras.com\/about\/","url":"https:\/\/rosariodearmenteras.com\/about\/","name":"Moda Exclusiva con Estilo Inconfundible","isPartOf":{"@id":"https:\/\/rosariodearmenteras.com\/#website"},"primaryImageOfPage":{"@id":"https:\/\/rosariodearmenteras.com\/about\/#primaryimage"},"image":{"@id":"https:\/\/rosariodearmenteras.com\/about\/#primaryimage"},"thumbnailUrl":"https:\/\/rosariodearmenteras.com\/wp-content\/uploads\/2025\/03\/banner-inferior.jpg","datePublished":"2023-10-23T02:19:45+00:00","dateModified":"2025-04-03T11:27:02+00:00","description":"Descubre las creaciones de la dise\u00f1adora peruana formada en EUROMODA, Florencia. Prendas exclusivas para resaltar tu figura.","breadcrumb":{"@id":"https:\/\/rosariodearmenteras.com\/about\/#breadcrumb"},"inLanguage":"en-US","potentialAction":[{"@type":"ReadAction","target":["https:\/\/rosariodearmenteras.com\/about\/"]}]},{"@type":"ImageObject","inLanguage":"en-US","@id":"https:\/\/rosariodearmenteras.com\/about\/#primaryimage","url":"https:\/\/rosariodearmenteras.com\/wp-content\/uploads\/2025\/03\/banner-inferior.jpg","contentUrl":"https:\/\/rosariodearmenteras.com\/wp-content\/uploads\/2025\/03\/banner-inferior.jpg","width":1348,"height":809,"caption":"rosario armenteras fundadora"},{"@type":"BreadcrumbList","@id":"https:\/\/rosariodearmenteras.com\/about\/#breadcrumb","itemListElement":[{"@type":"ListItem","position":1,"name":"Portada","item":"https:\/\/rosariodearmenteras.com\/"},{"@type":"ListItem","position":2,"name":"About"}]},{"@type":"WebSite","@id":"https:\/\/rosariodearmenteras.com\/#website","url":"https:\/\/rosariodearmenteras.com\/","name":"Dise\u00f1adora de modas en Marbella","description":"","publisher":{"@id":"https:\/\/rosariodearmenteras.com\/#organization"},"potentialAction":[{"@type":"SearchAction","target":{"@type":"EntryPoint","urlTemplate":"https:\/\/rosariodearmenteras.com\/?s={search_term_string}"},"query-input":{"@type":"PropertyValueSpecification","valueRequired":true,"valueName":"search_term_string"}}],"inLanguage":"en-US"},{"@type":"Organization","@id":"https:\/\/rosariodearmenteras.com\/#organization","name":"Dise\u00f1adora de modas en Marbella","url":"https:\/\/rosariodearmenteras.com\/","logo":{"@type":"ImageObject","inLanguage":"en-US","@id":"https:\/\/rosariodearmenteras.com\/#\/schema\/logo\/image\/","url":"https:\/\/rosariodearmenteras.com\/wp-content\/uploads\/2025\/02\/rosario-armenteras-logo-transparente.png","contentUrl":"https:\/\/rosariodearmenteras.com\/wp-content\/uploads\/2025\/02\/rosario-armenteras-logo-transparente.png","width":654,"height":185,"caption":"Dise\u00f1adora de modas en Marbella"},"image":{"@id":"https:\/\/rosariodearmenteras.com\/#\/schema\/logo\/image\/"},"sameAs":["https:\/\/www.facebook.com\/rosariodearmenteras\/about\/?ref=page_internal&locale=es_LA&_rdr","https:\/\/www.instagram.com\/rosariodearmenteras\/"]}]}},"_links":{"self":[{"href":"https:\/\/rosariodearmenteras.com\/en\/wp-json\/wp\/v2\/pages\/79","targetHints":{"allow":["GET"]}}],"collection":[{"href":"https:\/\/rosariodearmenteras.com\/en\/wp-json\/wp\/v2\/pages"}],"about":[{"href":"https:\/\/rosariodearmenteras.com\/en\/wp-json\/wp\/v2\/types\/page"}],"author":[{"embeddable":true,"href":"https:\/\/rosariodearmenteras.com\/en\/wp-json\/wp\/v2\/users\/1"}],"replies":[{"embeddable":true,"href":"https:\/\/rosariodearmenteras.com\/en\/wp-json\/wp\/v2\/comments?post=79"}],"version-history":[{"count":157,"href":"https:\/\/rosariodearmenteras.com\/en\/wp-json\/wp\/v2\/pages\/79\/revisions"}],"predecessor-version":[{"id":4545,"href":"https:\/\/rosariodearmenteras.com\/en\/wp-json\/wp\/v2\/pages\/79\/revisions\/4545"}],"wp:featuredmedia":[{"embeddable":true,"href":"https:\/\/rosariodearmenteras.com\/en\/wp-json\/wp\/v2\/media\/1879"}],"wp:attachment":[{"href":"https:\/\/rosariodearmenteras.com\/en\/wp-json\/wp\/v2\/media?parent=79"}],"curies":[{"name":"wp","href":"https:\/\/api.w.org\/{rel}","templated":true}]}}