{"id":81,"date":"2023-10-23T04:20:26","date_gmt":"2023-10-23T02:20:26","guid":{"rendered":"https:\/\/rosario.mathe.pe\/?page_id=81"},"modified":"2025-04-05T20:11:34","modified_gmt":"2025-04-05T18:11:34","slug":"design-lab","status":"publish","type":"page","link":"https:\/\/rosariodearmenteras.com\/en\/design-lab\/","title":{"rendered":"Design lab"},"content":{"rendered":"<div data-elementor-type=\"wp-page\" data-elementor-id=\"81\" class=\"elementor elementor-81\" data-elementor-post-type=\"page\">\n\t\t\t\t<div class=\"elementor-element elementor-element-7e1f8b6 e-flex e-con-boxed e-con e-parent\" data-id=\"7e1f8b6\" data-element_type=\"container\">\n\t\t\t\t\t<div class=\"e-con-inner\">\n\t\t\t\t<div class=\"elementor-element elementor-element-b84da03 elementor-widget elementor-widget-heading\" data-id=\"b84da03\" data-element_type=\"widget\" data-widget_type=\"heading.default\">\n\t\t\t\t<div class=\"elementor-widget-container\">\n\t\t\t\t\t<p class=\"elementor-heading-title elementor-size-default\">LABORATORIO DE DISE\u00d1O<\/p>\t\t\t\t<\/div>\n\t\t\t\t<\/div>\n\t\t\t\t<div class=\"elementor-element elementor-element-2fe8d4f elementor-widget elementor-widget-heading\" data-id=\"2fe8d4f\" data-element_type=\"widget\" data-widget_type=\"heading.default\">\n\t\t\t\t<div class=\"elementor-widget-container\">\n\t\t\t\t\t<h1 class=\"elementor-heading-title elementor-size-default\">Moda Personalizada y Atemporal en Marbella<\/h1>\t\t\t\t<\/div>\n\t\t\t\t<\/div>\n\t\t\t\t<div class=\"elementor-element elementor-element-8c0c882 elementor-widget elementor-widget-heading\" data-id=\"8c0c882\" data-element_type=\"widget\" data-widget_type=\"heading.default\">\n\t\t\t\t<div class=\"elementor-widget-container\">\n\t\t\t\t\t<h2 class=\"elementor-heading-title elementor-size-default\">Dise\u00f1os Exclusivos con Elegancia y Sofisticaci\u00f3n<\/h2>\t\t\t\t<\/div>\n\t\t\t\t<\/div>\n\t\t\t\t\t<\/div>\n\t\t\t\t<\/div>\n\t\t<div class=\"elementor-element elementor-element-f4943dc e-flex e-con-boxed e-con e-parent\" data-id=\"f4943dc\" data-element_type=\"container\">\n\t\t\t\t\t<div class=\"e-con-inner\">\n\t\t<div class=\"elementor-element elementor-element-c226679 e-con-full e-flex e-con e-child\" data-id=\"c226679\" data-element_type=\"container\">\n\t\t\t\t<div class=\"elementor-element elementor-element-1520dd4 elementor-widget elementor-widget-text-editor\" data-id=\"1520dd4\" data-element_type=\"widget\" data-widget_type=\"text-editor.default\">\n\t\t\t\t<div class=\"elementor-widget-container\">\n\t\t\t\t\t\t\t\t\t<p>It is a completely personalized effort in which we listen to each client's point of view; We share about her style, expectations of her and consider her physiognomy for an ideal choice.<\/p><p>Consideramos \u00fanica a nuestra clientela, por eso nos apoyamos en a\u00f1os de experiencia para aconsejarla sin imponer nuestras ideas.\u00a0<\/p><p>Nuestros <strong>dise\u00f1os<\/strong> son <strong>atemporales<\/strong> y <strong>contempor\u00e1neos<\/strong> combinados con elementos cl\u00e1sicos. Puede pasar 10 \u00f3 15 a\u00f1os y lucir impactante.<\/p>\t\t\t\t\t\t\t\t<\/div>\n\t\t\t\t<\/div>\n\t\t\t\t<\/div>\n\t\t<div class=\"elementor-element elementor-element-f715758 e-con-full e-flex e-con e-child\" data-id=\"f715758\" data-element_type=\"container\">\n\t\t\t\t<div class=\"elementor-element elementor-element-c1805ee elementor-widget elementor-widget-image\" data-id=\"c1805ee\" data-element_type=\"widget\" data-widget_type=\"image.default\">\n\t\t\t\t<div class=\"elementor-widget-container\">\n\t\t\t\t\t\t\t\t\t\t\t\t\t\t\t<img fetchpriority=\"high\" decoding=\"async\" width=\"449\" height=\"312\" src=\"https:\/\/rosariodearmenteras.com\/wp-content\/uploads\/2025\/03\/rosario-armenteras-peru-design-lab.jpg\" class=\"attachment-large size-large wp-image-1423\" alt=\"\" srcset=\"https:\/\/rosariodearmenteras.com\/wp-content\/uploads\/2025\/03\/rosario-armenteras-peru-design-lab.jpg 449w, https:\/\/rosariodearmenteras.com\/wp-content\/uploads\/2025\/03\/rosario-armenteras-peru-design-lab-300x208.jpg 300w\" sizes=\"(max-width: 449px) 100vw, 449px\" \/>\t\t\t\t\t\t\t\t\t\t\t\t\t\t\t<\/div>\n\t\t\t\t<\/div>\n\t\t\t\t<\/div>\n\t\t\t\t\t<\/div>\n\t\t\t\t<\/div>\n\t\t<div class=\"elementor-element elementor-element-fc0743d e-flex e-con-boxed e-con e-parent\" data-id=\"fc0743d\" data-element_type=\"container\">\n\t\t\t\t\t<div class=\"e-con-inner\">\n\t\t\t\t<div class=\"elementor-element elementor-element-b81e306 elementor-widget elementor-widget-text-editor\" data-id=\"b81e306\" data-element_type=\"widget\" data-widget_type=\"text-editor.default\">\n\t\t\t\t<div class=\"elementor-widget-container\">\n\t\t\t\t\t\t\t\t\t<p>Soy experta en <strong>bordados a mano<\/strong> y me encantan los trabajos para ocasiones especiales, ya sea para <strong>novias o madrinas<\/strong> es un estilo que marca la diferencia.<\/p><p>Utilizamos <strong>materiales de primera calidad<\/strong>, siempre buscando la perfecci\u00f3n en cada uno de nuestros modelos. Trabajamos con <strong>seda<\/strong>, <strong>terciopelo<\/strong>, <strong>gasa<\/strong>, <strong>crepe<\/strong>, <strong>Shamous<\/strong>, <strong>Shantou<\/strong>, entre otras texturas. Siempre innovando para encontrar el efecto perfecto.<\/p>\t\t\t\t\t\t\t\t<\/div>\n\t\t\t\t<\/div>\n\t\t\t\t\t<\/div>\n\t\t\t\t<\/div>\n\t\t\t\t<\/div>","protected":false},"excerpt":{"rendered":"<p>LABORATORIO DE DISE\u00d1O Moda Personalizada y Atemporal en Marbella Dise\u00f1os Exclusivos con Elegancia y Sofisticaci\u00f3n Es un esfuerzo completamente personalizado en el que escuchamos el punto de vista de cada clienta; compartimos sobre su estilo, expectativas y consideramos su fisionom\u00eda para una elecci\u00f3n ideal. Consideramos \u00fanica a nuestra clientela, por eso nos apoyamos en a\u00f1os [&hellip;]<\/p>","protected":false},"author":1,"featured_media":1797,"parent":0,"menu_order":0,"comment_status":"closed","ping_status":"closed","template":"","meta":{"footnotes":""},"class_list":["post-81","page","type-page","status-publish","has-post-thumbnail","hentry"],"yoast_head":"<!-- This site is optimized with the Yoast SEO plugin v25.5 - https:\/\/yoast.com\/wordpress\/plugins\/seo\/ -->\n<title>Moda Personalizada en Marbella | Rosario De Armenteras<\/title>\n<meta name=\"description\" content=\"Descubre dise\u00f1os exclusivos en Marbella. Asesor\u00eda personalizada y moda atemporal que resalta tu estilo con elegancia y sofisticaci\u00f3n.\" \/>\n<meta name=\"robots\" content=\"index, follow, max-snippet:-1, max-image-preview:large, max-video-preview:-1\" \/>\n<link rel=\"canonical\" href=\"https:\/\/rosariodearmenteras.com\/en\/design-lab\/\" \/>\n<meta property=\"og:locale\" content=\"en_US\" \/>\n<meta property=\"og:type\" content=\"article\" \/>\n<meta property=\"og:title\" content=\"Moda Personalizada en Marbella | Rosario De Armenteras\" \/>\n<meta property=\"og:description\" content=\"Descubre dise\u00f1os exclusivos en Marbella. Asesor\u00eda personalizada y moda atemporal que resalta tu estilo con elegancia y sofisticaci\u00f3n.\" \/>\n<meta property=\"og:url\" content=\"https:\/\/rosariodearmenteras.com\/en\/design-lab\/\" \/>\n<meta property=\"og:site_name\" content=\"Dise\u00f1adora de modas en Marbella\" \/>\n<meta property=\"article:publisher\" content=\"https:\/\/www.facebook.com\/rosariodearmenteras\/about\/?ref=page_internal&amp;locale=es_LA&amp;_rdr\" \/>\n<meta property=\"article:modified_time\" content=\"2025-04-05T18:11:34+00:00\" \/>\n<meta property=\"og:image\" content=\"https:\/\/rosariodearmenteras.com\/wp-content\/uploads\/2025\/03\/design-lab-rosario-armenteras.jpg\" \/>\n\t<meta property=\"og:image:width\" content=\"1348\" \/>\n\t<meta property=\"og:image:height\" content=\"520\" \/>\n\t<meta property=\"og:image:type\" content=\"image\/jpeg\" \/>\n<meta name=\"twitter:card\" content=\"summary_large_image\" \/>\n<meta name=\"twitter:label1\" content=\"Est. reading time\" \/>\n\t<meta name=\"twitter:data1\" content=\"2 minutes\" \/>\n<script type=\"application\/ld+json\" class=\"yoast-schema-graph\">{\"@context\":\"https:\/\/schema.org\",\"@graph\":[{\"@type\":\"WebPage\",\"@id\":\"https:\/\/rosariodearmenteras.com\/design-lab\/\",\"url\":\"https:\/\/rosariodearmenteras.com\/design-lab\/\",\"name\":\"Moda Personalizada en Marbella | Rosario De Armenteras\",\"isPartOf\":{\"@id\":\"https:\/\/rosariodearmenteras.com\/#website\"},\"primaryImageOfPage\":{\"@id\":\"https:\/\/rosariodearmenteras.com\/design-lab\/#primaryimage\"},\"image\":{\"@id\":\"https:\/\/rosariodearmenteras.com\/design-lab\/#primaryimage\"},\"thumbnailUrl\":\"https:\/\/rosariodearmenteras.com\/wp-content\/uploads\/2025\/03\/design-lab-rosario-armenteras.jpg\",\"datePublished\":\"2023-10-23T02:20:26+00:00\",\"dateModified\":\"2025-04-05T18:11:34+00:00\",\"description\":\"Descubre dise\u00f1os exclusivos en Marbella. Asesor\u00eda personalizada y moda atemporal que resalta tu estilo con elegancia y sofisticaci\u00f3n.\",\"breadcrumb\":{\"@id\":\"https:\/\/rosariodearmenteras.com\/design-lab\/#breadcrumb\"},\"inLanguage\":\"en-US\",\"potentialAction\":[{\"@type\":\"ReadAction\",\"target\":[\"https:\/\/rosariodearmenteras.com\/design-lab\/\"]}]},{\"@type\":\"ImageObject\",\"inLanguage\":\"en-US\",\"@id\":\"https:\/\/rosariodearmenteras.com\/design-lab\/#primaryimage\",\"url\":\"https:\/\/rosariodearmenteras.com\/wp-content\/uploads\/2025\/03\/design-lab-rosario-armenteras.jpg\",\"contentUrl\":\"https:\/\/rosariodearmenteras.com\/wp-content\/uploads\/2025\/03\/design-lab-rosario-armenteras.jpg\",\"width\":1348,\"height\":520,\"caption\":\"Moda Personalizada en Marbella | Rosario De Armenteras\"},{\"@type\":\"BreadcrumbList\",\"@id\":\"https:\/\/rosariodearmenteras.com\/design-lab\/#breadcrumb\",\"itemListElement\":[{\"@type\":\"ListItem\",\"position\":1,\"name\":\"Portada\",\"item\":\"https:\/\/rosariodearmenteras.com\/\"},{\"@type\":\"ListItem\",\"position\":2,\"name\":\"Design lab\"}]},{\"@type\":\"WebSite\",\"@id\":\"https:\/\/rosariodearmenteras.com\/#website\",\"url\":\"https:\/\/rosariodearmenteras.com\/\",\"name\":\"Dise\u00f1adora de modas en Marbella\",\"description\":\"\",\"publisher\":{\"@id\":\"https:\/\/rosariodearmenteras.com\/#organization\"},\"potentialAction\":[{\"@type\":\"SearchAction\",\"target\":{\"@type\":\"EntryPoint\",\"urlTemplate\":\"https:\/\/rosariodearmenteras.com\/?s={search_term_string}\"},\"query-input\":{\"@type\":\"PropertyValueSpecification\",\"valueRequired\":true,\"valueName\":\"search_term_string\"}}],\"inLanguage\":\"en-US\"},{\"@type\":\"Organization\",\"@id\":\"https:\/\/rosariodearmenteras.com\/#organization\",\"name\":\"Dise\u00f1adora de modas en Marbella\",\"url\":\"https:\/\/rosariodearmenteras.com\/\",\"logo\":{\"@type\":\"ImageObject\",\"inLanguage\":\"en-US\",\"@id\":\"https:\/\/rosariodearmenteras.com\/#\/schema\/logo\/image\/\",\"url\":\"https:\/\/rosariodearmenteras.com\/wp-content\/uploads\/2025\/02\/rosario-armenteras-logo-transparente.png\",\"contentUrl\":\"https:\/\/rosariodearmenteras.com\/wp-content\/uploads\/2025\/02\/rosario-armenteras-logo-transparente.png\",\"width\":654,\"height\":185,\"caption\":\"Dise\u00f1adora de modas en Marbella\"},\"image\":{\"@id\":\"https:\/\/rosariodearmenteras.com\/#\/schema\/logo\/image\/\"},\"sameAs\":[\"https:\/\/www.facebook.com\/rosariodearmenteras\/about\/?ref=page_internal&locale=es_LA&_rdr\",\"https:\/\/www.instagram.com\/rosariodearmenteras\/\"]}]}<\/script>\n<!-- \/ Yoast SEO plugin. -->","yoast_head_json":{"title":"Moda Personalizada en Marbella | Rosario De Armenteras","description":"Descubre dise\u00f1os exclusivos en Marbella. Asesor\u00eda personalizada y moda atemporal que resalta tu estilo con elegancia y sofisticaci\u00f3n.","robots":{"index":"index","follow":"follow","max-snippet":"max-snippet:-1","max-image-preview":"max-image-preview:large","max-video-preview":"max-video-preview:-1"},"canonical":"https:\/\/rosariodearmenteras.com\/en\/design-lab\/","og_locale":"en_US","og_type":"article","og_title":"Moda Personalizada en Marbella | Rosario De Armenteras","og_description":"Descubre dise\u00f1os exclusivos en Marbella. Asesor\u00eda personalizada y moda atemporal que resalta tu estilo con elegancia y sofisticaci\u00f3n.","og_url":"https:\/\/rosariodearmenteras.com\/en\/design-lab\/","og_site_name":"Dise\u00f1adora de modas en Marbella","article_publisher":"https:\/\/www.facebook.com\/rosariodearmenteras\/about\/?ref=page_internal&locale=es_LA&_rdr","article_modified_time":"2025-04-05T18:11:34+00:00","og_image":[{"width":1348,"height":520,"url":"https:\/\/rosariodearmenteras.com\/wp-content\/uploads\/2025\/03\/design-lab-rosario-armenteras.jpg","type":"image\/jpeg"}],"twitter_card":"summary_large_image","twitter_misc":{"Est. reading time":"2 minutes"},"schema":{"@context":"https:\/\/schema.org","@graph":[{"@type":"WebPage","@id":"https:\/\/rosariodearmenteras.com\/design-lab\/","url":"https:\/\/rosariodearmenteras.com\/design-lab\/","name":"Moda Personalizada en Marbella | Rosario De Armenteras","isPartOf":{"@id":"https:\/\/rosariodearmenteras.com\/#website"},"primaryImageOfPage":{"@id":"https:\/\/rosariodearmenteras.com\/design-lab\/#primaryimage"},"image":{"@id":"https:\/\/rosariodearmenteras.com\/design-lab\/#primaryimage"},"thumbnailUrl":"https:\/\/rosariodearmenteras.com\/wp-content\/uploads\/2025\/03\/design-lab-rosario-armenteras.jpg","datePublished":"2023-10-23T02:20:26+00:00","dateModified":"2025-04-05T18:11:34+00:00","description":"Descubre dise\u00f1os exclusivos en Marbella. Asesor\u00eda personalizada y moda atemporal que resalta tu estilo con elegancia y sofisticaci\u00f3n.","breadcrumb":{"@id":"https:\/\/rosariodearmenteras.com\/design-lab\/#breadcrumb"},"inLanguage":"en-US","potentialAction":[{"@type":"ReadAction","target":["https:\/\/rosariodearmenteras.com\/design-lab\/"]}]},{"@type":"ImageObject","inLanguage":"en-US","@id":"https:\/\/rosariodearmenteras.com\/design-lab\/#primaryimage","url":"https:\/\/rosariodearmenteras.com\/wp-content\/uploads\/2025\/03\/design-lab-rosario-armenteras.jpg","contentUrl":"https:\/\/rosariodearmenteras.com\/wp-content\/uploads\/2025\/03\/design-lab-rosario-armenteras.jpg","width":1348,"height":520,"caption":"Moda Personalizada en Marbella | Rosario De Armenteras"},{"@type":"BreadcrumbList","@id":"https:\/\/rosariodearmenteras.com\/design-lab\/#breadcrumb","itemListElement":[{"@type":"ListItem","position":1,"name":"Portada","item":"https:\/\/rosariodearmenteras.com\/"},{"@type":"ListItem","position":2,"name":"Design lab"}]},{"@type":"WebSite","@id":"https:\/\/rosariodearmenteras.com\/#website","url":"https:\/\/rosariodearmenteras.com\/","name":"Dise\u00f1adora de modas en Marbella","description":"","publisher":{"@id":"https:\/\/rosariodearmenteras.com\/#organization"},"potentialAction":[{"@type":"SearchAction","target":{"@type":"EntryPoint","urlTemplate":"https:\/\/rosariodearmenteras.com\/?s={search_term_string}"},"query-input":{"@type":"PropertyValueSpecification","valueRequired":true,"valueName":"search_term_string"}}],"inLanguage":"en-US"},{"@type":"Organization","@id":"https:\/\/rosariodearmenteras.com\/#organization","name":"Dise\u00f1adora de modas en Marbella","url":"https:\/\/rosariodearmenteras.com\/","logo":{"@type":"ImageObject","inLanguage":"en-US","@id":"https:\/\/rosariodearmenteras.com\/#\/schema\/logo\/image\/","url":"https:\/\/rosariodearmenteras.com\/wp-content\/uploads\/2025\/02\/rosario-armenteras-logo-transparente.png","contentUrl":"https:\/\/rosariodearmenteras.com\/wp-content\/uploads\/2025\/02\/rosario-armenteras-logo-transparente.png","width":654,"height":185,"caption":"Dise\u00f1adora de modas en Marbella"},"image":{"@id":"https:\/\/rosariodearmenteras.com\/#\/schema\/logo\/image\/"},"sameAs":["https:\/\/www.facebook.com\/rosariodearmenteras\/about\/?ref=page_internal&locale=es_LA&_rdr","https:\/\/www.instagram.com\/rosariodearmenteras\/"]}]}},"_links":{"self":[{"href":"https:\/\/rosariodearmenteras.com\/en\/wp-json\/wp\/v2\/pages\/81","targetHints":{"allow":["GET"]}}],"collection":[{"href":"https:\/\/rosariodearmenteras.com\/en\/wp-json\/wp\/v2\/pages"}],"about":[{"href":"https:\/\/rosariodearmenteras.com\/en\/wp-json\/wp\/v2\/types\/page"}],"author":[{"embeddable":true,"href":"https:\/\/rosariodearmenteras.com\/en\/wp-json\/wp\/v2\/users\/1"}],"replies":[{"embeddable":true,"href":"https:\/\/rosariodearmenteras.com\/en\/wp-json\/wp\/v2\/comments?post=81"}],"version-history":[{"count":208,"href":"https:\/\/rosariodearmenteras.com\/en\/wp-json\/wp\/v2\/pages\/81\/revisions"}],"predecessor-version":[{"id":5348,"href":"https:\/\/rosariodearmenteras.com\/en\/wp-json\/wp\/v2\/pages\/81\/revisions\/5348"}],"wp:featuredmedia":[{"embeddable":true,"href":"https:\/\/rosariodearmenteras.com\/en\/wp-json\/wp\/v2\/media\/1797"}],"wp:attachment":[{"href":"https:\/\/rosariodearmenteras.com\/en\/wp-json\/wp\/v2\/media?parent=81"}],"curies":[{"name":"wp","href":"https:\/\/api.w.org\/{rel}","templated":true}]}}