{"id":83,"date":"2023-10-23T04:21:44","date_gmt":"2023-10-23T02:21:44","guid":{"rendered":"https:\/\/rosario.mathe.pe\/?page_id=83"},"modified":"2025-04-04T15:03:26","modified_gmt":"2025-04-04T13:03:26","slug":"glamour-to-go","status":"publish","type":"page","link":"https:\/\/rosariodearmenteras.com\/en\/glamour-to-go\/","title":{"rendered":"Glamour to go"},"content":{"rendered":"<div data-elementor-type=\"wp-page\" data-elementor-id=\"83\" class=\"elementor elementor-83\" data-elementor-post-type=\"page\">\n\t\t\t\t<div class=\"elementor-element elementor-element-9dfca75 e-flex e-con-boxed e-con e-parent\" data-id=\"9dfca75\" data-element_type=\"container\">\n\t\t\t\t\t<div class=\"e-con-inner\">\n\t\t\t\t<div class=\"elementor-element elementor-element-d359db2 elementor-widget elementor-widget-heading\" data-id=\"d359db2\" data-element_type=\"widget\" data-widget_type=\"heading.default\">\n\t\t\t\t<div class=\"elementor-widget-container\">\n\t\t\t\t\t<h1 class=\"elementor-heading-title elementor-size-default\">Glamour to Go: Moda con Prop\u00f3sito<\/h1>\t\t\t\t<\/div>\n\t\t\t\t<\/div>\n\t\t\t\t\t<\/div>\n\t\t\t\t<\/div>\n\t\t<div class=\"elementor-element elementor-element-7349592 e-flex e-con-boxed e-con e-parent\" data-id=\"7349592\" data-element_type=\"container\">\n\t\t\t\t\t<div class=\"e-con-inner\">\n\t\t\t\t<div class=\"elementor-element elementor-element-6679d59 elementor-widget elementor-widget-text-editor\" data-id=\"6679d59\" data-element_type=\"widget\" data-widget_type=\"text-editor.default\">\n\t\t\t\t<div class=\"elementor-widget-container\">\n\t\t\t\t\t\t\t\t\t<p>Creado por la dise\u00f1adora <a href=\"https:\/\/rosariodearmenteras.com\/en\/\" target=\"_blank\" rel=\"noopener\"><strong>Rosario De Armenteras<\/strong><\/a>, <strong>Glamour to Go<\/strong> es un exclusivo evento de moda que combina <strong>lujo<\/strong>, <strong>solidaridad<\/strong> y <strong>talento<\/strong> emprendedor. Esta feria de renombre se realiza dos veces al a\u00f1o en Per\u00fa, pa\u00eds de origen de Rosario, con el objetivo de <strong>apoyar a ni\u00f1os con c\u00e1ncer<\/strong> de la <strong>Fundaci\u00f3n Magia Per\u00fa (<a href=\"https:\/\/www.instagram.com\/magiaperu\/\" target=\"_blank\" rel=\"noopener\">@magiaperu<\/a>)<\/strong> y otras causas ben\u00e9ficas, reafirmando su compromiso filantr\u00f3pico con quienes m\u00e1s lo necesitan.<\/p><p>M\u00e1s que una feria, Glamour to Go es una plataforma que impulsa a reconocidos dise\u00f1adores y emprendedores del mundo de la moda en Per\u00fa, brind\u00e1ndoles un espacio para exhibir sus creaciones en un entorno sofisticado y de alta calidad. Cada edici\u00f3n es una oportunidad para descubrir productos exclusivos, desde prendas de lujo hasta accesorios \u00fanicos, siempre con el sello de excelencia que caracteriza este evento.<br \/>Como parte de su participaci\u00f3n en la feria, <strong>Rosario De Armenteras<\/strong> presenta en exclusiva su colecci\u00f3n m\u00e1s reciente en un desfile que refleja su inconfundible estilo en la alta costura.<\/p><p>Si est\u00e1s en Per\u00fa durante Navidad o el D\u00eda de la Madre, te invitamos a ser parte de esta experiencia \u00fanica. Apoya una noble causa mientras disfrutas de una feria de moda excepcional, donde el dise\u00f1o y la solidaridad se unen para marcar la diferencia.S\u00edguenos en Instagram: <a href=\"https:\/\/www.instagram.com\/glamourto.go\/\" target=\"_blank\" rel=\"noopener\">@glamourto.go<\/a><\/p>\t\t\t\t\t\t\t\t<\/div>\n\t\t\t\t<\/div>\n\t\t\t\t\t<\/div>\n\t\t\t\t<\/div>\n\t\t<div class=\"elementor-element elementor-element-486554f e-flex e-con-boxed e-con e-parent\" data-id=\"486554f\" data-element_type=\"container\">\n\t\t\t\t\t<div class=\"e-con-inner\">\n\t\t<div class=\"elementor-element elementor-element-bec4fed e-con-full e-flex e-con e-child\" data-id=\"bec4fed\" data-element_type=\"container\">\n\t\t\t\t<div class=\"elementor-element elementor-element-0291b34 elementor-widget elementor-widget-image\" data-id=\"0291b34\" data-element_type=\"widget\" data-widget_type=\"image.default\">\n\t\t\t\t<div class=\"elementor-widget-container\">\n\t\t\t\t\t\t\t\t\t\t\t\t\t\t\t<img fetchpriority=\"high\" decoding=\"async\" width=\"800\" height=\"1000\" src=\"https:\/\/rosariodearmenteras.com\/wp-content\/uploads\/2025\/04\/glamour-to-go-1-819x1024.jpg\" class=\"attachment-large size-large wp-image-4995\" alt=\"glamour to go rosario de armenteras\" srcset=\"https:\/\/rosariodearmenteras.com\/wp-content\/uploads\/2025\/04\/glamour-to-go-1-819x1024.jpg 819w, https:\/\/rosariodearmenteras.com\/wp-content\/uploads\/2025\/04\/glamour-to-go-1-240x300.jpg 240w, https:\/\/rosariodearmenteras.com\/wp-content\/uploads\/2025\/04\/glamour-to-go-1-768x961.jpg 768w, https:\/\/rosariodearmenteras.com\/wp-content\/uploads\/2025\/04\/glamour-to-go-1-10x12.jpg 10w, https:\/\/rosariodearmenteras.com\/wp-content\/uploads\/2025\/04\/glamour-to-go-1.jpg 937w\" sizes=\"(max-width: 800px) 100vw, 800px\" \/>\t\t\t\t\t\t\t\t\t\t\t\t\t\t\t<\/div>\n\t\t\t\t<\/div>\n\t\t\t\t<\/div>\n\t\t<div class=\"elementor-element elementor-element-83e286e e-con-full e-flex e-con e-child\" data-id=\"83e286e\" data-element_type=\"container\">\n\t\t\t\t<div class=\"elementor-element elementor-element-29a76c4 elementor-widget elementor-widget-image\" data-id=\"29a76c4\" data-element_type=\"widget\" data-widget_type=\"image.default\">\n\t\t\t\t<div class=\"elementor-widget-container\">\n\t\t\t\t\t\t\t\t\t\t\t\t\t\t\t<img decoding=\"async\" width=\"800\" height=\"1000\" src=\"https:\/\/rosariodearmenteras.com\/wp-content\/uploads\/2025\/04\/glamour-to-go-3-819x1024.jpg\" class=\"attachment-large size-large wp-image-4998\" alt=\"glamour to go\" srcset=\"https:\/\/rosariodearmenteras.com\/wp-content\/uploads\/2025\/04\/glamour-to-go-3-819x1024.jpg 819w, https:\/\/rosariodearmenteras.com\/wp-content\/uploads\/2025\/04\/glamour-to-go-3-240x300.jpg 240w, https:\/\/rosariodearmenteras.com\/wp-content\/uploads\/2025\/04\/glamour-to-go-3-768x961.jpg 768w, https:\/\/rosariodearmenteras.com\/wp-content\/uploads\/2025\/04\/glamour-to-go-3-10x12.jpg 10w, https:\/\/rosariodearmenteras.com\/wp-content\/uploads\/2025\/04\/glamour-to-go-3.jpg 937w\" sizes=\"(max-width: 800px) 100vw, 800px\" \/>\t\t\t\t\t\t\t\t\t\t\t\t\t\t\t<\/div>\n\t\t\t\t<\/div>\n\t\t\t\t<\/div>\n\t\t\t\t\t<\/div>\n\t\t\t\t<\/div>\n\t\t<div class=\"elementor-element elementor-element-103da2b e-flex e-con-boxed e-con e-parent\" data-id=\"103da2b\" data-element_type=\"container\">\n\t\t\t\t\t<div class=\"e-con-inner\">\n\t\t<div class=\"elementor-element elementor-element-b5f687d e-con-full e-flex e-con e-child\" data-id=\"b5f687d\" data-element_type=\"container\">\n\t\t\t\t<div class=\"elementor-element elementor-element-09364db elementor-widget elementor-widget-video\" data-id=\"09364db\" data-element_type=\"widget\" data-settings=\"{&quot;video_type&quot;:&quot;hosted&quot;,&quot;controls&quot;:&quot;yes&quot;}\" data-widget_type=\"video.default\">\n\t\t\t\t<div class=\"elementor-widget-container\">\n\t\t\t\t\t\t\t<div class=\"e-hosted-video elementor-wrapper elementor-open-inline\">\n\t\t\t\t\t<video class=\"elementor-video\" src=\"https:\/\/rosariodearmenteras.com\/wp-content\/uploads\/2025\/04\/glamour-to-go-3.mp4\" controls=\"\" preload=\"metadata\" controlslist=\"nodownload\"><\/video>\n\t\t\t\t<\/div>\n\t\t\t\t\t\t<\/div>\n\t\t\t\t<\/div>\n\t\t\t\t<\/div>\n\t\t<div class=\"elementor-element elementor-element-6a94c7e e-con-full e-flex e-con e-child\" data-id=\"6a94c7e\" data-element_type=\"container\">\n\t\t\t\t<div class=\"elementor-element elementor-element-7d102c2 elementor-widget elementor-widget-video\" data-id=\"7d102c2\" data-element_type=\"widget\" data-settings=\"{&quot;video_type&quot;:&quot;hosted&quot;,&quot;controls&quot;:&quot;yes&quot;}\" data-widget_type=\"video.default\">\n\t\t\t\t<div class=\"elementor-widget-container\">\n\t\t\t\t\t\t\t<div class=\"e-hosted-video elementor-wrapper elementor-open-inline\">\n\t\t\t\t\t<video class=\"elementor-video\" src=\"https:\/\/rosariodearmenteras.com\/wp-content\/uploads\/2025\/04\/glamour-to-go-4.mp4\" controls=\"\" preload=\"metadata\" controlslist=\"nodownload\"><\/video>\n\t\t\t\t<\/div>\n\t\t\t\t\t\t<\/div>\n\t\t\t\t<\/div>\n\t\t\t\t<\/div>\n\t\t\t\t\t<\/div>\n\t\t\t\t<\/div>\n\t\t<div class=\"elementor-element elementor-element-7c19841 e-flex e-con-boxed e-con e-parent\" data-id=\"7c19841\" data-element_type=\"container\">\n\t\t\t\t\t<div class=\"e-con-inner\">\n\t\t\t\t<div class=\"elementor-element elementor-element-55fb3a5 elementor-widget elementor-widget-video\" data-id=\"55fb3a5\" data-element_type=\"widget\" data-settings=\"{&quot;youtube_url&quot;:&quot;https:\\\/\\\/www.youtube.com\\\/watch?time_continue=7&amp;v=pmPe9x19a_s&amp;embeds_referring_euri=https%3A%2F%2Frosariodearmenteras.com%2F&amp;source_ve_path=MTM5MTE3LDIzODUx&quot;,&quot;video_type&quot;:&quot;youtube&quot;,&quot;controls&quot;:&quot;yes&quot;}\" data-widget_type=\"video.default\">\n\t\t\t\t<div class=\"elementor-widget-container\">\n\t\t\t\t\t\t\t<div class=\"elementor-wrapper elementor-open-inline\">\n\t\t\t<div class=\"elementor-video\"><\/div>\t\t<\/div>\n\t\t\t\t\t\t<\/div>\n\t\t\t\t<\/div>\n\t\t\t\t\t<\/div>\n\t\t\t\t<\/div>\n\t\t\t\t<\/div>","protected":false},"excerpt":{"rendered":"<p>Glamour to Go: Moda con Prop\u00f3sito Creado por la dise\u00f1adora Rosario De Armenteras, Glamour to Go es un exclusivo evento de moda que combina lujo, solidaridad y talento emprendedor. Esta feria de renombre se realiza dos veces al a\u00f1o en Per\u00fa, pa\u00eds de origen de Rosario, con el objetivo de apoyar a ni\u00f1os con c\u00e1ncer [&hellip;]<\/p>","protected":false},"author":1,"featured_media":2841,"parent":0,"menu_order":0,"comment_status":"closed","ping_status":"closed","template":"","meta":{"footnotes":""},"class_list":["post-83","page","type-page","status-publish","has-post-thumbnail","hentry"],"yoast_head":"<!-- This site is optimized with the Yoast SEO plugin v25.5 - https:\/\/yoast.com\/wordpress\/plugins\/seo\/ -->\n<title>Glamour to Go: Moda y Solidaridad en Per\u00fa<\/title>\n<meta name=\"description\" content=\"Descubre Glamour to Go, la feria de moda de lujo en Per\u00fa que apoya a ni\u00f1os con c\u00e1ncer. Moda con prop\u00f3sito y solidaridad.\" \/>\n<meta name=\"robots\" content=\"index, follow, max-snippet:-1, max-image-preview:large, max-video-preview:-1\" \/>\n<link rel=\"canonical\" href=\"https:\/\/rosariodearmenteras.com\/en\/glamour-to-go\/\" \/>\n<meta property=\"og:locale\" content=\"en_US\" \/>\n<meta property=\"og:type\" content=\"article\" \/>\n<meta property=\"og:title\" content=\"Glamour to Go: Moda y Solidaridad en Per\u00fa\" \/>\n<meta property=\"og:description\" content=\"Descubre Glamour to Go, la feria de moda de lujo en Per\u00fa que apoya a ni\u00f1os con c\u00e1ncer. Moda con prop\u00f3sito y solidaridad.\" \/>\n<meta property=\"og:url\" content=\"https:\/\/rosariodearmenteras.com\/en\/glamour-to-go\/\" \/>\n<meta property=\"og:site_name\" content=\"Dise\u00f1adora de modas en Marbella\" \/>\n<meta property=\"article:publisher\" content=\"https:\/\/www.facebook.com\/rosariodearmenteras\/about\/?ref=page_internal&amp;locale=es_LA&amp;_rdr\" \/>\n<meta property=\"article:modified_time\" content=\"2025-04-04T13:03:26+00:00\" \/>\n<meta property=\"og:image\" content=\"https:\/\/rosariodearmenteras.com\/wp-content\/uploads\/2025\/03\/glamour-to-go-logo-rosario-de-armenteras.jpg\" \/>\n\t<meta property=\"og:image:width\" content=\"1212\" \/>\n\t<meta property=\"og:image:height\" content=\"424\" \/>\n\t<meta property=\"og:image:type\" content=\"image\/jpeg\" \/>\n<meta name=\"twitter:card\" content=\"summary_large_image\" \/>\n<meta name=\"twitter:label1\" content=\"Est. reading time\" \/>\n\t<meta name=\"twitter:data1\" content=\"2 minutes\" \/>\n<script type=\"application\/ld+json\" class=\"yoast-schema-graph\">{\"@context\":\"https:\/\/schema.org\",\"@graph\":[{\"@type\":\"WebPage\",\"@id\":\"https:\/\/rosariodearmenteras.com\/glamour-to-go\/\",\"url\":\"https:\/\/rosariodearmenteras.com\/glamour-to-go\/\",\"name\":\"Glamour to Go: Moda y Solidaridad en Per\u00fa\",\"isPartOf\":{\"@id\":\"https:\/\/rosariodearmenteras.com\/#website\"},\"primaryImageOfPage\":{\"@id\":\"https:\/\/rosariodearmenteras.com\/glamour-to-go\/#primaryimage\"},\"image\":{\"@id\":\"https:\/\/rosariodearmenteras.com\/glamour-to-go\/#primaryimage\"},\"thumbnailUrl\":\"https:\/\/rosariodearmenteras.com\/wp-content\/uploads\/2025\/03\/glamour-to-go-logo-rosario-de-armenteras.jpg\",\"datePublished\":\"2023-10-23T02:21:44+00:00\",\"dateModified\":\"2025-04-04T13:03:26+00:00\",\"description\":\"Descubre Glamour to Go, la feria de moda de lujo en Per\u00fa que apoya a ni\u00f1os con c\u00e1ncer. Moda con prop\u00f3sito y solidaridad.\",\"breadcrumb\":{\"@id\":\"https:\/\/rosariodearmenteras.com\/glamour-to-go\/#breadcrumb\"},\"inLanguage\":\"en-US\",\"potentialAction\":[{\"@type\":\"ReadAction\",\"target\":[\"https:\/\/rosariodearmenteras.com\/glamour-to-go\/\"]}]},{\"@type\":\"ImageObject\",\"inLanguage\":\"en-US\",\"@id\":\"https:\/\/rosariodearmenteras.com\/glamour-to-go\/#primaryimage\",\"url\":\"https:\/\/rosariodearmenteras.com\/wp-content\/uploads\/2025\/03\/glamour-to-go-logo-rosario-de-armenteras.jpg\",\"contentUrl\":\"https:\/\/rosariodearmenteras.com\/wp-content\/uploads\/2025\/03\/glamour-to-go-logo-rosario-de-armenteras.jpg\",\"width\":1212,\"height\":424,\"caption\":\"glamour to go rosario de armenteras\"},{\"@type\":\"BreadcrumbList\",\"@id\":\"https:\/\/rosariodearmenteras.com\/glamour-to-go\/#breadcrumb\",\"itemListElement\":[{\"@type\":\"ListItem\",\"position\":1,\"name\":\"Portada\",\"item\":\"https:\/\/rosariodearmenteras.com\/\"},{\"@type\":\"ListItem\",\"position\":2,\"name\":\"Glamour to go\"}]},{\"@type\":\"WebSite\",\"@id\":\"https:\/\/rosariodearmenteras.com\/#website\",\"url\":\"https:\/\/rosariodearmenteras.com\/\",\"name\":\"Dise\u00f1adora de modas en Marbella\",\"description\":\"\",\"publisher\":{\"@id\":\"https:\/\/rosariodearmenteras.com\/#organization\"},\"potentialAction\":[{\"@type\":\"SearchAction\",\"target\":{\"@type\":\"EntryPoint\",\"urlTemplate\":\"https:\/\/rosariodearmenteras.com\/?s={search_term_string}\"},\"query-input\":{\"@type\":\"PropertyValueSpecification\",\"valueRequired\":true,\"valueName\":\"search_term_string\"}}],\"inLanguage\":\"en-US\"},{\"@type\":\"Organization\",\"@id\":\"https:\/\/rosariodearmenteras.com\/#organization\",\"name\":\"Dise\u00f1adora de modas en Marbella\",\"url\":\"https:\/\/rosariodearmenteras.com\/\",\"logo\":{\"@type\":\"ImageObject\",\"inLanguage\":\"en-US\",\"@id\":\"https:\/\/rosariodearmenteras.com\/#\/schema\/logo\/image\/\",\"url\":\"https:\/\/rosariodearmenteras.com\/wp-content\/uploads\/2025\/02\/rosario-armenteras-logo-transparente.png\",\"contentUrl\":\"https:\/\/rosariodearmenteras.com\/wp-content\/uploads\/2025\/02\/rosario-armenteras-logo-transparente.png\",\"width\":654,\"height\":185,\"caption\":\"Dise\u00f1adora de modas en Marbella\"},\"image\":{\"@id\":\"https:\/\/rosariodearmenteras.com\/#\/schema\/logo\/image\/\"},\"sameAs\":[\"https:\/\/www.facebook.com\/rosariodearmenteras\/about\/?ref=page_internal&locale=es_LA&_rdr\",\"https:\/\/www.instagram.com\/rosariodearmenteras\/\"]}]}<\/script>\n<!-- \/ Yoast SEO plugin. -->","yoast_head_json":{"title":"Glamour to Go: Moda y Solidaridad en Per\u00fa","description":"Descubre Glamour to Go, la feria de moda de lujo en Per\u00fa que apoya a ni\u00f1os con c\u00e1ncer. Moda con prop\u00f3sito y solidaridad.","robots":{"index":"index","follow":"follow","max-snippet":"max-snippet:-1","max-image-preview":"max-image-preview:large","max-video-preview":"max-video-preview:-1"},"canonical":"https:\/\/rosariodearmenteras.com\/en\/glamour-to-go\/","og_locale":"en_US","og_type":"article","og_title":"Glamour to Go: Moda y Solidaridad en Per\u00fa","og_description":"Descubre Glamour to Go, la feria de moda de lujo en Per\u00fa que apoya a ni\u00f1os con c\u00e1ncer. Moda con prop\u00f3sito y solidaridad.","og_url":"https:\/\/rosariodearmenteras.com\/en\/glamour-to-go\/","og_site_name":"Dise\u00f1adora de modas en Marbella","article_publisher":"https:\/\/www.facebook.com\/rosariodearmenteras\/about\/?ref=page_internal&locale=es_LA&_rdr","article_modified_time":"2025-04-04T13:03:26+00:00","og_image":[{"width":1212,"height":424,"url":"https:\/\/rosariodearmenteras.com\/wp-content\/uploads\/2025\/03\/glamour-to-go-logo-rosario-de-armenteras.jpg","type":"image\/jpeg"}],"twitter_card":"summary_large_image","twitter_misc":{"Est. reading time":"2 minutes"},"schema":{"@context":"https:\/\/schema.org","@graph":[{"@type":"WebPage","@id":"https:\/\/rosariodearmenteras.com\/glamour-to-go\/","url":"https:\/\/rosariodearmenteras.com\/glamour-to-go\/","name":"Glamour to Go: Moda y Solidaridad en Per\u00fa","isPartOf":{"@id":"https:\/\/rosariodearmenteras.com\/#website"},"primaryImageOfPage":{"@id":"https:\/\/rosariodearmenteras.com\/glamour-to-go\/#primaryimage"},"image":{"@id":"https:\/\/rosariodearmenteras.com\/glamour-to-go\/#primaryimage"},"thumbnailUrl":"https:\/\/rosariodearmenteras.com\/wp-content\/uploads\/2025\/03\/glamour-to-go-logo-rosario-de-armenteras.jpg","datePublished":"2023-10-23T02:21:44+00:00","dateModified":"2025-04-04T13:03:26+00:00","description":"Descubre Glamour to Go, la feria de moda de lujo en Per\u00fa que apoya a ni\u00f1os con c\u00e1ncer. Moda con prop\u00f3sito y solidaridad.","breadcrumb":{"@id":"https:\/\/rosariodearmenteras.com\/glamour-to-go\/#breadcrumb"},"inLanguage":"en-US","potentialAction":[{"@type":"ReadAction","target":["https:\/\/rosariodearmenteras.com\/glamour-to-go\/"]}]},{"@type":"ImageObject","inLanguage":"en-US","@id":"https:\/\/rosariodearmenteras.com\/glamour-to-go\/#primaryimage","url":"https:\/\/rosariodearmenteras.com\/wp-content\/uploads\/2025\/03\/glamour-to-go-logo-rosario-de-armenteras.jpg","contentUrl":"https:\/\/rosariodearmenteras.com\/wp-content\/uploads\/2025\/03\/glamour-to-go-logo-rosario-de-armenteras.jpg","width":1212,"height":424,"caption":"glamour to go rosario de armenteras"},{"@type":"BreadcrumbList","@id":"https:\/\/rosariodearmenteras.com\/glamour-to-go\/#breadcrumb","itemListElement":[{"@type":"ListItem","position":1,"name":"Portada","item":"https:\/\/rosariodearmenteras.com\/"},{"@type":"ListItem","position":2,"name":"Glamour to go"}]},{"@type":"WebSite","@id":"https:\/\/rosariodearmenteras.com\/#website","url":"https:\/\/rosariodearmenteras.com\/","name":"Dise\u00f1adora de modas en Marbella","description":"","publisher":{"@id":"https:\/\/rosariodearmenteras.com\/#organization"},"potentialAction":[{"@type":"SearchAction","target":{"@type":"EntryPoint","urlTemplate":"https:\/\/rosariodearmenteras.com\/?s={search_term_string}"},"query-input":{"@type":"PropertyValueSpecification","valueRequired":true,"valueName":"search_term_string"}}],"inLanguage":"en-US"},{"@type":"Organization","@id":"https:\/\/rosariodearmenteras.com\/#organization","name":"Dise\u00f1adora de modas en Marbella","url":"https:\/\/rosariodearmenteras.com\/","logo":{"@type":"ImageObject","inLanguage":"en-US","@id":"https:\/\/rosariodearmenteras.com\/#\/schema\/logo\/image\/","url":"https:\/\/rosariodearmenteras.com\/wp-content\/uploads\/2025\/02\/rosario-armenteras-logo-transparente.png","contentUrl":"https:\/\/rosariodearmenteras.com\/wp-content\/uploads\/2025\/02\/rosario-armenteras-logo-transparente.png","width":654,"height":185,"caption":"Dise\u00f1adora de modas en Marbella"},"image":{"@id":"https:\/\/rosariodearmenteras.com\/#\/schema\/logo\/image\/"},"sameAs":["https:\/\/www.facebook.com\/rosariodearmenteras\/about\/?ref=page_internal&locale=es_LA&_rdr","https:\/\/www.instagram.com\/rosariodearmenteras\/"]}]}},"_links":{"self":[{"href":"https:\/\/rosariodearmenteras.com\/en\/wp-json\/wp\/v2\/pages\/83","targetHints":{"allow":["GET"]}}],"collection":[{"href":"https:\/\/rosariodearmenteras.com\/en\/wp-json\/wp\/v2\/pages"}],"about":[{"href":"https:\/\/rosariodearmenteras.com\/en\/wp-json\/wp\/v2\/types\/page"}],"author":[{"embeddable":true,"href":"https:\/\/rosariodearmenteras.com\/en\/wp-json\/wp\/v2\/users\/1"}],"replies":[{"embeddable":true,"href":"https:\/\/rosariodearmenteras.com\/en\/wp-json\/wp\/v2\/comments?post=83"}],"version-history":[{"count":148,"href":"https:\/\/rosariodearmenteras.com\/en\/wp-json\/wp\/v2\/pages\/83\/revisions"}],"predecessor-version":[{"id":5192,"href":"https:\/\/rosariodearmenteras.com\/en\/wp-json\/wp\/v2\/pages\/83\/revisions\/5192"}],"wp:featuredmedia":[{"embeddable":true,"href":"https:\/\/rosariodearmenteras.com\/en\/wp-json\/wp\/v2\/media\/2841"}],"wp:attachment":[{"href":"https:\/\/rosariodearmenteras.com\/en\/wp-json\/wp\/v2\/media?parent=83"}],"curies":[{"name":"wp","href":"https:\/\/api.w.org\/{rel}","templated":true}]}}